{"id":8921,"date":"2024-02-06T08:13:33","date_gmt":"2024-02-06T13:13:33","guid":{"rendered":"https:\/\/skimarathon.ca\/?page_id=8921"},"modified":"2024-11-12T10:50:55","modified_gmt":"2024-11-12T15:50:55","slug":"inscription","status":"publish","type":"page","link":"https:\/\/skimarathon.ca\/fr\/inscription\/","title":{"rendered":"Inscription"},"content":{"rendered":"\t\t<div data-elementor-type=\"wp-page\" data-elementor-id=\"8921\" class=\"elementor elementor-8921 elementor-8909\" data-elementor-settings=\"{&quot;ha_cmc_init_switcher&quot;:&quot;no&quot;}\" data-elementor-post-type=\"page\">\n\t\t\t\t\t\t<section class=\"ob-is-breaking-bad elementor-section elementor-top-section elementor-element elementor-element-ee4c4f3 elementor-section-height-min-height elementor-section-boxed elementor-section-height-default elementor-section-items-middle\" data-id=\"ee4c4f3\" data-element_type=\"section\" data-e-type=\"section\" data-settings=\"{&quot;background_background&quot;:&quot;classic&quot;,&quot;_ob_bbad_use_it&quot;:&quot;yes&quot;,&quot;_ob_bbad_sssic_use&quot;:&quot;no&quot;}\">\n\t\t\t\t\t\t<div class=\"elementor-container elementor-column-gap-default\">\n\t\t\t\t\t<div class=\"elementor-column elementor-col-100 elementor-top-column elementor-element elementor-element-5f95ed9\" data-id=\"5f95ed9\" data-element_type=\"column\" data-e-type=\"column\" data-settings=\"{&quot;_ob_bbad_is_stalker&quot;:&quot;no&quot;}\">\n\t\t\t<div class=\"elementor-widget-wrap elementor-element-populated\">\n\t\t\t\t\t\t<div class=\"elementor-element elementor-element-fd5fae9 elementor-widget elementor-widget-heading\" data-id=\"fd5fae9\" data-element_type=\"widget\" data-e-type=\"widget\" data-widget_type=\"heading.default\">\n\t\t\t\t<div class=\"elementor-widget-container\">\n\t\t\t\t\t<h1 class=\"elementor-heading-title elementor-size-default\">Inscription<\/h1>\t\t\t\t<\/div>\n\t\t\t\t<\/div>\n\t\t\t\t<section class=\"ob-is-breaking-bad ob-bb-inner elementor-section elementor-inner-section elementor-element elementor-element-106deb0 elementor-section-boxed elementor-section-height-default elementor-section-height-default\" data-id=\"106deb0\" data-element_type=\"section\" data-e-type=\"section\" data-settings=\"{&quot;_ob_bbad_use_it&quot;:&quot;yes&quot;,&quot;_ob_bbad_sssic_use&quot;:&quot;no&quot;}\">\n\t\t\t\t\t\t<div class=\"elementor-container elementor-column-gap-default\">\n\t\t\t\t\t<div class=\"elementor-column elementor-col-100 elementor-inner-column elementor-element elementor-element-190abef\" data-id=\"190abef\" data-element_type=\"column\" data-e-type=\"column\" data-settings=\"{&quot;_ob_bbad_is_stalker&quot;:&quot;no&quot;}\">\n\t\t\t<div class=\"elementor-widget-wrap elementor-element-populated\">\n\t\t\t\t\t\t<div class=\"elementor-element elementor-element-bc482fc elementor-widget elementor-widget-text-editor\" data-id=\"bc482fc\" data-element_type=\"widget\" data-e-type=\"widget\" data-widget_type=\"text-editor.default\">\n\t\t\t\t<div class=\"elementor-widget-container\">\n\t\t\t\t\t\t\t\t\t<h3 style=\"text-align: center;\"><span style=\"color: inherit; font-size: 1.75rem;\">L&rsquo;inscription est&nbsp;<a href=\"https:\/\/zone4.ca\/register.asp?id=35587\">OUVERTE<\/a>&nbsp;pour l&rsquo;\u00e9v\u00e9nement 2025, pr\u00e9vue les 7-9 f\u00e9vrier.<\/span><br><\/h3>\t\t\t\t\t\t\t\t<\/div>\n\t\t\t\t<\/div>\n\t\t\t\t\t<\/div>\n\t\t<\/div>\n\t\t\t\t\t<\/div>\n\t\t<\/section>\n\t\t\t\t\t<\/div>\n\t\t<\/div>\n\t\t\t\t\t<\/div>\n\t\t<\/section>\n\t\t\t\t<\/div>\n\t\t","protected":false},"excerpt":{"rendered":"<p>Inscription L&rsquo;inscription est&nbsp;OUVERTE&nbsp;pour l&rsquo;\u00e9v\u00e9nement 2025, pr\u00e9vue les 7-9 f\u00e9vrier.<\/p>\n","protected":false},"author":2,"featured_media":0,"parent":0,"menu_order":0,"comment_status":"closed","ping_status":"closed","template":"elementor_header_footer","meta":{"_seopress_robots_primary_cat":"","_seopress_titles_title":"","_seopress_titles_desc":"Inscription","_seopress_robots_index":"","inline_featured_image":false,"footnotes":""},"class_list":["post-8921","page","type-page","status-publish","hentry"],"_links":{"self":[{"href":"https:\/\/skimarathon.ca\/fr\/wp-json\/wp\/v2\/pages\/8921","targetHints":{"allow":["GET"]}}],"collection":[{"href":"https:\/\/skimarathon.ca\/fr\/wp-json\/wp\/v2\/pages"}],"about":[{"href":"https:\/\/skimarathon.ca\/fr\/wp-json\/wp\/v2\/types\/page"}],"author":[{"embeddable":true,"href":"https:\/\/skimarathon.ca\/fr\/wp-json\/wp\/v2\/users\/2"}],"replies":[{"embeddable":true,"href":"https:\/\/skimarathon.ca\/fr\/wp-json\/wp\/v2\/comments?post=8921"}],"version-history":[{"count":18,"href":"https:\/\/skimarathon.ca\/fr\/wp-json\/wp\/v2\/pages\/8921\/revisions"}],"predecessor-version":[{"id":10313,"href":"https:\/\/skimarathon.ca\/fr\/wp-json\/wp\/v2\/pages\/8921\/revisions\/10313"}],"wp:attachment":[{"href":"https:\/\/skimarathon.ca\/fr\/wp-json\/wp\/v2\/media?parent=8921"}],"curies":[{"name":"wp","href":"https:\/\/api.w.org\/{rel}","templated":true}]}}