{"id":7043,"date":"2023-07-06T11:32:14","date_gmt":"2023-07-06T15:32:14","guid":{"rendered":"https:\/\/skimarathon.ca\/conseils-et-astuces\/be-a-csm-good-samaritan\/"},"modified":"2023-07-06T13:21:17","modified_gmt":"2023-07-06T17:21:17","slug":"etre-un-bon-samaritain-du-mcs","status":"publish","type":"page","link":"https:\/\/skimarathon.ca\/fr\/conseils-et-astuces\/etre-un-bon-samaritain-du-mcs\/","title":{"rendered":"\u00catre un bon samaritain du MCS"},"content":{"rendered":"\t\t<div data-elementor-type=\"wp-page\" data-elementor-id=\"7043\" class=\"elementor elementor-7043 elementor-6940\" data-elementor-settings=\"{&quot;ha_cmc_init_switcher&quot;:&quot;no&quot;}\" data-elementor-post-type=\"page\">\n\t\t\t\t\t\t<section class=\"ob-is-breaking-bad elementor-section elementor-top-section elementor-element elementor-element-a0f56cb elementor-section-height-min-height elementor-section-boxed elementor-section-height-default elementor-section-items-middle\" data-id=\"a0f56cb\" data-element_type=\"section\" data-e-type=\"section\" data-settings=\"{&quot;background_background&quot;:&quot;classic&quot;,&quot;_ob_bbad_use_it&quot;:&quot;yes&quot;,&quot;_ob_bbad_sssic_use&quot;:&quot;no&quot;}\">\n\t\t\t\t\t\t<div class=\"elementor-container elementor-column-gap-default\">\n\t\t\t\t\t<div class=\"elementor-column elementor-col-100 elementor-top-column elementor-element elementor-element-afe8c69\" data-id=\"afe8c69\" data-element_type=\"column\" data-e-type=\"column\" data-settings=\"{&quot;_ob_bbad_is_stalker&quot;:&quot;no&quot;}\">\n\t\t\t<div class=\"elementor-widget-wrap elementor-element-populated\">\n\t\t\t\t\t\t\t<\/div>\n\t\t<\/div>\n\t\t\t\t\t<\/div>\n\t\t<\/section>\n\t\t\t\t<section class=\"ob-is-breaking-bad elementor-section elementor-top-section elementor-element elementor-element-9be1d25 elementor-section-boxed elementor-section-height-default elementor-section-height-default\" data-id=\"9be1d25\" data-element_type=\"section\" data-e-type=\"section\" data-settings=\"{&quot;_ob_bbad_use_it&quot;:&quot;yes&quot;,&quot;_ob_bbad_sssic_use&quot;:&quot;no&quot;}\">\n\t\t\t\t\t\t<div class=\"elementor-container elementor-column-gap-default\">\n\t\t\t\t\t<div class=\"elementor-column elementor-col-100 elementor-top-column elementor-element elementor-element-0ad0c7d\" data-id=\"0ad0c7d\" data-element_type=\"column\" data-e-type=\"column\" data-settings=\"{&quot;_ob_bbad_is_stalker&quot;:&quot;no&quot;}\">\n\t\t\t<div class=\"elementor-widget-wrap elementor-element-populated\">\n\t\t\t\t\t\t<div class=\"elementor-element elementor-element-1364fb1 elementor-widget elementor-widget-video\" data-id=\"1364fb1\" data-element_type=\"widget\" data-e-type=\"widget\" data-settings=\"{&quot;youtube_url&quot;:&quot;https:\\\/\\\/www.youtube.com\\\/watch?v=D7tcNgtQfto&quot;,&quot;autoplay&quot;:&quot;yes&quot;,&quot;mute&quot;:&quot;yes&quot;,&quot;video_type&quot;:&quot;youtube&quot;,&quot;controls&quot;:&quot;yes&quot;}\" data-widget_type=\"video.default\">\n\t\t\t\t<div class=\"elementor-widget-container\">\n\t\t\t\t\t\t\t<div class=\"elementor-wrapper elementor-open-inline\">\n\t\t\t<div class=\"elementor-video\"><\/div>\t\t<\/div>\n\t\t\t\t\t\t<\/div>\n\t\t\t\t<\/div>\n\t\t\t\t<div class=\"elementor-element elementor-element-910b108 no_margin_bt elementor-widget elementor-widget-text-editor\" data-id=\"910b108\" data-element_type=\"widget\" data-e-type=\"widget\" data-widget_type=\"text-editor.default\">\n\t\t\t\t<div class=\"elementor-widget-container\">\n\t\t\t\t\t\t\t\t\t<p><span style=\"font-weight: 400;\">Le Marathon canadien de ski a lieu une fois par ann\u00e9e, sur une piste magnifique en milieu naturel. Avec ses 10 sections et 160 km de piste, le marathon de ski repr\u00e9sente un d\u00e9fi unique. Le MCS a d\u00e9velopp\u00e9 un syst\u00e8me d\u00e9taill\u00e9 de s\u00e9curit\u00e9 et de secourisme.<\/span><\/p><p><span style=\"font-weight: 400;\">Une station compl\u00e8te de secourisme se retrouve \u00e0 chaque point de contr\u00f4le. Il y a \u00e9galement des motoneiges \u00e9quip\u00e9es de tra\u00eeneaux, avec du personnel qualifi\u00e9 \u00e0 chaque point de contr\u00f4le et sur la piste. \u00c0 la fermeture de chaque section, un secouriste en ski fait le balai afin de s\u2019assurer que personne n\u2019est laiss\u00e9 seul sur la piste. De plus, nous coordonnons nos actions avec le 911 en cas d\u2019une urgence ou d\u2019un accident majeur.<\/span><\/p><p><span style=\"font-weight: 400;\">Un aspect central de la s\u00e9curit\u00e9 sur la piste est le programme du bon Samaritain.<\/span><\/p><p><span style=\"font-weight: 400;\">Lorsque vous participez au marathon canadien de ski, vous devenez un bon samaritain potentiel car tous les participants s\u2019entraident. Le MCS n\u2019est pas une course. C\u2019est un weekend de plaisir avec la famille et les amis. Tous ceux qui ont particip\u00e9 au marathon savent qu\u2019il n\u2019y a rien de comparable \u00e0 cet \u00e9v\u00e9nement. Mais, comme dans toute autre aventure, il existe des risques de blessure ou d\u2019accident.<\/span><\/p><p><span style=\"font-weight: 400;\">Si vous croisez un skieur bless\u00e9 ou en difficult\u00e9 sur la piste, devenez un Bon Samaritain. Voici ce que vous pouvez faire: Adressez-vous au skieur en d\u00e9tresse pour \u00e9valuer son \u00e9tat et lui fournir l\u2019aide ad\u00e9quate. Par exemple, s\u2019agit-il d\u2019une blessure \u00e0 un genou ou de difficult\u00e9s respiratoires? En r\u00e8gle g\u00e9n\u00e9rale, un skieur bless\u00e9 ne doit pas \u00eatre d\u00e9plac\u00e9, mais en tant que Bon Samaritain, vous pouvez faire beaucoup de choses. Tout en pr\u00e9servant votre propre s\u00e9curit\u00e9 et votre sant\u00e9, tentez de r\u00e9chauffer le skieur bless\u00e9 avec des v\u00eatements suppl\u00e9mentaires ou un sac de couchage.<\/span><\/p><p><span style=\"font-weight: 400;\">Si votre t\u00e9l\u00e9phone cellulaire est fonctionnel, appelez au num\u00e9ro d\u2019urgence du MCS au 1 877 601 9247 (ce num\u00e9ro de t\u00e9l\u00e9phone se retrouve sur chaque dossard) pour informer les premiers r\u00e9pondants qui devront se rendre sur les lieux. \u00c0 quelle borne kilom\u00e9trique \u00eates-vous sur la piste? Si vous connaissez vos coordonn\u00e9es GPS, SVP les communiquer aux premiers r\u00e9pondants et donnez le nom et le num\u00e9ro de dossard du skieur bless\u00e9 ainsi que la nature de la blessure. Si la blessure met la vie du skieur en danger, appeler le 911. Si vous n\u2019avez pas acc\u00e8s au r\u00e9seau cellulaire, demandez au premier skieur disponible de communiquer l\u2019information d\u00e8s qu\u2019il le peut soit par t\u00e9l\u00e9phone ou au prochain point de contr\u00f4le ou traverse de rue. Le temps est un facteur crucial dans les situations d\u2019urgence. Demeurez aupr\u00e8s du skieur en d\u00e9tresse jusqu\u2019\u00e0 l\u2019arriv\u00e9e des secours ou jusqu\u2019\u00e0 ce que le skieur se sente mieux et d\u00e9cide de recommencer \u00e0 skier. Fournissez de l\u2019aide au skieur en fonction de votre niveau d\u2019expertise en secourisme (secouriste, m\u00e9decin, infirmi\u00e8re, etc).<\/span><\/p><p><span style=\"font-weight: 400;\">Si vous aidez un skier bless\u00e9 ou en d\u00e9tresse, demandez-lui sa carte de Bon Samaritain. Si cela est impossible, notez son num\u00e9ro de dossard et rapportez l\u2019\u00e9v\u00e9nement au premier Officiel du MCS que vous croisez. Le MCS fera tout pour s\u2019assurer que vous ne serez pas p\u00e9nalis\u00e9 d\u2019avoir aid\u00e9 un skieur. Par exemple, si vous avez perdu 45 minutes et que l\u2019incident vous a fait manquer l\u2019heure de fermeture d\u2019un point de contr\u00f4le, vous serez cr\u00e9dit\u00e9 pour cette section et transport\u00e9 jusqu\u2019\u00e0 la section suivante, si cela est possible.<\/span><\/p><p><span style=\"font-weight: 400;\">La valeur de l\u2019aide apport\u00e9e par les Bons Samaritains pendant le MCS est inestimable, mais nous esp\u00e9rons toujours qu\u2019aucun skieur n\u2019aura besoin d\u2019assistance! Skiez toujours en ayant en t\u00eate votre s\u00e9curit\u00e9 et celle des autres. Si une portion de la piste semble trop difficile, marchez en bordure de la piste. Si vous \u00eates fatigue, prenez le temps de vous ravitailler et de vous reposer. Le MCS est long donc ajustez votre vitesse et planifiez ad\u00e9quatement!<\/span><\/p>\t\t\t\t\t\t\t\t<\/div>\n\t\t\t\t<\/div>\n\t\t\t\t\t<\/div>\n\t\t<\/div>\n\t\t\t\t\t<\/div>\n\t\t<\/section>\n\t\t\t\t<section class=\"ob-is-breaking-bad elementor-section elementor-top-section elementor-element elementor-element-53c712e elementor-section-height-min-height elementor-section-boxed elementor-section-height-default elementor-section-items-middle\" data-id=\"53c712e\" data-element_type=\"section\" data-e-type=\"section\" data-settings=\"{&quot;background_background&quot;:&quot;classic&quot;,&quot;_ob_bbad_use_it&quot;:&quot;yes&quot;,&quot;_ob_bbad_sssic_use&quot;:&quot;no&quot;}\">\n\t\t\t\t\t\t<div class=\"elementor-container elementor-column-gap-default\">\n\t\t\t\t\t<div class=\"elementor-column elementor-col-100 elementor-top-column elementor-element elementor-element-aa29f94\" data-id=\"aa29f94\" data-element_type=\"column\" data-e-type=\"column\" data-settings=\"{&quot;_ob_bbad_is_stalker&quot;:&quot;no&quot;}\">\n\t\t\t<div class=\"elementor-widget-wrap\">\n\t\t\t\t\t\t\t<\/div>\n\t\t<\/div>\n\t\t\t\t\t<\/div>\n\t\t<\/section>\n\t\t\t\t<\/div>\n\t\t","protected":false},"excerpt":{"rendered":"<p>https:\/\/www.youtube.com\/watch?v=D7tcNgtQfto Le Marathon canadien de ski a lieu une fois par ann\u00e9e, sur une piste magnifique en milieu naturel. Avec ses 10 sections et 160 km de piste, le marathon de ski repr\u00e9sente un d\u00e9fi unique. Le MCS a d\u00e9velopp\u00e9 un syst\u00e8me d\u00e9taill\u00e9 de s\u00e9curit\u00e9 et de secourisme. Une station compl\u00e8te de secourisme se retrouve [&hellip;]<\/p>\n","protected":false},"author":1,"featured_media":0,"parent":6921,"menu_order":0,"comment_status":"closed","ping_status":"closed","template":"","meta":{"_seopress_robots_primary_cat":"","_seopress_titles_title":"","_seopress_titles_desc":"","_seopress_robots_index":"","inline_featured_image":false,"footnotes":""},"class_list":["post-7043","page","type-page","status-publish","hentry"],"_links":{"self":[{"href":"https:\/\/skimarathon.ca\/fr\/wp-json\/wp\/v2\/pages\/7043","targetHints":{"allow":["GET"]}}],"collection":[{"href":"https:\/\/skimarathon.ca\/fr\/wp-json\/wp\/v2\/pages"}],"about":[{"href":"https:\/\/skimarathon.ca\/fr\/wp-json\/wp\/v2\/types\/page"}],"author":[{"embeddable":true,"href":"https:\/\/skimarathon.ca\/fr\/wp-json\/wp\/v2\/users\/1"}],"replies":[{"embeddable":true,"href":"https:\/\/skimarathon.ca\/fr\/wp-json\/wp\/v2\/comments?post=7043"}],"version-history":[{"count":9,"href":"https:\/\/skimarathon.ca\/fr\/wp-json\/wp\/v2\/pages\/7043\/revisions"}],"predecessor-version":[{"id":7055,"href":"https:\/\/skimarathon.ca\/fr\/wp-json\/wp\/v2\/pages\/7043\/revisions\/7055"}],"up":[{"embeddable":true,"href":"https:\/\/skimarathon.ca\/fr\/wp-json\/wp\/v2\/pages\/6921"}],"wp:attachment":[{"href":"https:\/\/skimarathon.ca\/fr\/wp-json\/wp\/v2\/media?parent=7043"}],"curies":[{"name":"wp","href":"https:\/\/api.w.org\/{rel}","templated":true}]}}