{"id":7028,"date":"2023-07-06T11:33:00","date_gmt":"2023-07-06T15:33:00","guid":{"rendered":"https:\/\/skimarathon.ca\/conseils-et-astuces\/parking\/"},"modified":"2024-01-20T10:38:29","modified_gmt":"2024-01-20T15:38:29","slug":"stationnement","status":"publish","type":"page","link":"https:\/\/skimarathon.ca\/fr\/conseils-et-astuces\/stationnement\/","title":{"rendered":"Stationnement"},"content":{"rendered":"\t\t<div data-elementor-type=\"wp-page\" data-elementor-id=\"7028\" class=\"elementor elementor-7028 elementor-6944\" data-elementor-settings=\"{&quot;ha_cmc_init_switcher&quot;:&quot;no&quot;}\" data-elementor-post-type=\"page\">\n\t\t\t\t\t\t<section class=\"ob-is-breaking-bad elementor-section elementor-top-section elementor-element elementor-element-8dcb94b elementor-section-height-min-height elementor-section-boxed elementor-section-height-default elementor-section-items-middle\" data-id=\"8dcb94b\" data-element_type=\"section\" data-e-type=\"section\" data-settings=\"{&quot;background_background&quot;:&quot;classic&quot;,&quot;_ob_bbad_use_it&quot;:&quot;yes&quot;,&quot;_ob_bbad_sssic_use&quot;:&quot;no&quot;}\">\n\t\t\t\t\t\t<div class=\"elementor-container elementor-column-gap-default\">\n\t\t\t\t\t<div class=\"elementor-column elementor-col-100 elementor-top-column elementor-element elementor-element-422e7f3\" data-id=\"422e7f3\" data-element_type=\"column\" data-e-type=\"column\" data-settings=\"{&quot;_ob_bbad_is_stalker&quot;:&quot;no&quot;}\">\n\t\t\t<div class=\"elementor-widget-wrap elementor-element-populated\">\n\t\t\t\t\t\t\t<\/div>\n\t\t<\/div>\n\t\t\t\t\t<\/div>\n\t\t<\/section>\n\t\t\t\t<section class=\"ob-is-breaking-bad elementor-section elementor-top-section elementor-element elementor-element-cfe679a elementor-section-boxed elementor-section-height-default elementor-section-height-default\" data-id=\"cfe679a\" data-element_type=\"section\" data-e-type=\"section\" data-settings=\"{&quot;_ob_bbad_use_it&quot;:&quot;yes&quot;,&quot;_ob_bbad_sssic_use&quot;:&quot;no&quot;}\">\n\t\t\t\t\t\t<div class=\"elementor-container elementor-column-gap-default\">\n\t\t\t\t\t<div class=\"elementor-column elementor-col-100 elementor-top-column elementor-element elementor-element-5990bab\" data-id=\"5990bab\" data-element_type=\"column\" data-e-type=\"column\" data-settings=\"{&quot;_ob_bbad_is_stalker&quot;:&quot;no&quot;}\">\n\t\t\t<div class=\"elementor-widget-wrap elementor-element-populated\">\n\t\t\t\t\t\t<div class=\"elementor-element elementor-element-d0fd268 elementor-widget elementor-widget-heading\" data-id=\"d0fd268\" data-element_type=\"widget\" data-e-type=\"widget\" data-widget_type=\"heading.default\">\n\t\t\t\t<div class=\"elementor-widget-container\">\n\t\t\t\t\t<p class=\"elementor-heading-title elementor-size-default\">Plusieurs possibilit\u00e9s sont offertes :\n<\/p>\t\t\t\t<\/div>\n\t\t\t\t<\/div>\n\t\t\t\t\t<\/div>\n\t\t<\/div>\n\t\t\t\t\t<\/div>\n\t\t<\/section>\n\t\t\t\t<section class=\"ob-is-breaking-bad elementor-section elementor-top-section elementor-element elementor-element-a24b908 elementor-section-boxed elementor-section-height-default elementor-section-height-default\" data-id=\"a24b908\" data-element_type=\"section\" data-e-type=\"section\" data-settings=\"{&quot;_ob_bbad_use_it&quot;:&quot;yes&quot;,&quot;_ob_bbad_sssic_use&quot;:&quot;no&quot;}\">\n\t\t\t\t\t\t<div class=\"elementor-container elementor-column-gap-default\">\n\t\t\t\t\t<div class=\"elementor-column elementor-col-100 elementor-top-column elementor-element elementor-element-3fb5ae1\" data-id=\"3fb5ae1\" data-element_type=\"column\" data-e-type=\"column\" data-settings=\"{&quot;_ob_bbad_is_stalker&quot;:&quot;no&quot;}\">\n\t\t\t<div class=\"elementor-widget-wrap elementor-element-populated\">\n\t\t\t\t\t\t<div class=\"elementor-element elementor-element-5eba864 elementor-widget__width-auto elementor-widget elementor-widget-text-editor\" data-id=\"5eba864\" data-element_type=\"widget\" data-e-type=\"widget\" data-widget_type=\"text-editor.default\">\n\t\t\t\t<div class=\"elementor-widget-container\">\n\t\t\t\t\t\t\t\t\t<p><strong><span style=\"color: #003366;\">Le stationnement est gratuit au dortoir du MCS (Polyvalente Louis-Joseph-Papineau) \u00e0 Papineauville (378 rue Papineau, Papineauville QC J0V 1R0). Bien que ce site soit r\u00e9serv\u00e9 aux utilisateurs du dortoir du CSM, tous les autres skieurs peuvent s&rsquo;y stationner \u00e9galement. Toutes les navettes vers les lignes de d\u00e9part du CSM partent d&rsquo;ici, vous pouvez donc vous stationner et attraper votre navette vers le d\u00e9part !<\/span><\/strong><\/p><p>\u00a0<\/p><p><strong><span style=\"color: #003366;\">Les skieurs Or Coureur des Bois (CdB) peuvent aussi stationner au dortoir Or de l&rsquo;Auberge Golf Heritage (70 Rte 323, Notre-Dame-de-la-Paix, QC J0V 1P0). Si vous \u00eates un CdB Argent ou Bronze, nous vous recommandons de vous garer au dortoir de Papineauville, car les places de stationnement risquent d&rsquo;\u00eatre limit\u00e9es le samedi matin.<\/span><\/strong><\/p><p>\u00a0<\/p><p><strong><span style=\"color: #003366;\">Il est \u00e9galement possible de stationner dans le village de Montebello et \u00e0 la marina de Montebello (104 rue Laurier, Montebello, QC J0V 1L0), \u00e0 15 minutes de marche de la ligne d&rsquo;arriv\u00e9e \u00e0 Montebello. Le stationnement dans les rues du village est limit\u00e9 et nous vous demandons de respecter les r\u00e9sidents et les entreprises de Montebello en ne stationnant que dans les zones d\u00e9sign\u00e9es.<\/span><\/strong><\/p><p>\u00a0<\/p><p><strong><span style=\"color: #003366;\">N&rsquo;oubliez pas qu&rsquo;il est absolument interdit de se garer aux points de contr\u00f4le situ\u00e9s \u00e0 l&rsquo;ext\u00e9rieur de Montebello. Cela inclut la r\u00e9serve naturelle de Kenauk, o\u00f9 l&rsquo;acc\u00e8s sera limit\u00e9 aux v\u00e9hicules autoris\u00e9s du MCS et aux invit\u00e9s enregistr\u00e9s de Kenauk Nature.<\/span><\/strong><\/p><p>\u00a0<\/p>\t\t\t\t\t\t\t\t<\/div>\n\t\t\t\t<\/div>\n\t\t\t\t\t<\/div>\n\t\t<\/div>\n\t\t\t\t\t<\/div>\n\t\t<\/section>\n\t\t\t\t<\/div>\n\t\t","protected":false},"excerpt":{"rendered":"<p>Plusieurs possibilit\u00e9s sont offertes : Le stationnement est gratuit au dortoir du MCS (Polyvalente Louis-Joseph-Papineau) \u00e0 Papineauville (378 rue Papineau, Papineauville QC J0V 1R0). Bien que ce site soit r\u00e9serv\u00e9 aux utilisateurs du dortoir du CSM, tous les autres skieurs peuvent s&rsquo;y stationner \u00e9galement. Toutes les navettes vers les lignes de d\u00e9part du CSM partent [&hellip;]<\/p>\n","protected":false},"author":1,"featured_media":0,"parent":6921,"menu_order":0,"comment_status":"closed","ping_status":"closed","template":"","meta":{"_seopress_robots_primary_cat":"","_seopress_titles_title":"","_seopress_titles_desc":"","_seopress_robots_index":"","inline_featured_image":false,"footnotes":""},"class_list":["post-7028","page","type-page","status-publish","hentry"],"_links":{"self":[{"href":"https:\/\/skimarathon.ca\/fr\/wp-json\/wp\/v2\/pages\/7028","targetHints":{"allow":["GET"]}}],"collection":[{"href":"https:\/\/skimarathon.ca\/fr\/wp-json\/wp\/v2\/pages"}],"about":[{"href":"https:\/\/skimarathon.ca\/fr\/wp-json\/wp\/v2\/types\/page"}],"author":[{"embeddable":true,"href":"https:\/\/skimarathon.ca\/fr\/wp-json\/wp\/v2\/users\/1"}],"replies":[{"embeddable":true,"href":"https:\/\/skimarathon.ca\/fr\/wp-json\/wp\/v2\/comments?post=7028"}],"version-history":[{"count":25,"href":"https:\/\/skimarathon.ca\/fr\/wp-json\/wp\/v2\/pages\/7028\/revisions"}],"predecessor-version":[{"id":8803,"href":"https:\/\/skimarathon.ca\/fr\/wp-json\/wp\/v2\/pages\/7028\/revisions\/8803"}],"up":[{"embeddable":true,"href":"https:\/\/skimarathon.ca\/fr\/wp-json\/wp\/v2\/pages\/6921"}],"wp:attachment":[{"href":"https:\/\/skimarathon.ca\/fr\/wp-json\/wp\/v2\/media?parent=7028"}],"curies":[{"name":"wp","href":"https:\/\/api.w.org\/{rel}","templated":true}]}}