{"id":6549,"date":"2023-07-04T08:05:43","date_gmt":"2023-07-04T12:05:43","guid":{"rendered":"https:\/\/skimarathon.ca\/join-us\/"},"modified":"2023-07-06T14:16:12","modified_gmt":"2023-07-06T18:16:12","slug":"impliquez-vous","status":"publish","type":"page","link":"https:\/\/skimarathon.ca\/fr\/impliquez-vous\/","title":{"rendered":"Impliquez-vous"},"content":{"rendered":"\t\t<div data-elementor-type=\"wp-page\" data-elementor-id=\"6549\" class=\"elementor elementor-6549 elementor-6473\" data-elementor-settings=\"{&quot;ha_cmc_init_switcher&quot;:&quot;no&quot;}\" data-elementor-post-type=\"page\">\n\t\t\t\t\t\t<section class=\"ob-is-breaking-bad elementor-section elementor-top-section elementor-element elementor-element-ed5c50e elementor-section-height-min-height elementor-section-boxed elementor-section-height-default elementor-section-items-middle\" data-id=\"ed5c50e\" data-element_type=\"section\" data-e-type=\"section\" data-settings=\"{&quot;background_background&quot;:&quot;classic&quot;,&quot;_ob_bbad_use_it&quot;:&quot;yes&quot;,&quot;_ob_bbad_sssic_use&quot;:&quot;no&quot;}\">\n\t\t\t\t\t\t\t<div class=\"elementor-background-overlay\"><\/div>\n\t\t\t\t\t\t\t<div class=\"elementor-container elementor-column-gap-default\">\n\t\t\t\t\t<div class=\"elementor-column elementor-col-100 elementor-top-column elementor-element elementor-element-c827111\" data-id=\"c827111\" data-element_type=\"column\" data-e-type=\"column\" data-settings=\"{&quot;_ob_bbad_is_stalker&quot;:&quot;no&quot;}\">\n\t\t\t<div class=\"elementor-widget-wrap elementor-element-populated\">\n\t\t\t\t\t\t\t<\/div>\n\t\t<\/div>\n\t\t\t\t\t<\/div>\n\t\t<\/section>\n\t\t\t\t<section class=\"ob-is-breaking-bad elementor-section elementor-top-section elementor-element elementor-element-7f0e8b8 elementor-section-boxed elementor-section-height-default elementor-section-height-default\" data-id=\"7f0e8b8\" data-element_type=\"section\" data-e-type=\"section\" data-settings=\"{&quot;background_background&quot;:&quot;classic&quot;,&quot;_ob_bbad_use_it&quot;:&quot;yes&quot;,&quot;_ob_bbad_sssic_use&quot;:&quot;no&quot;}\">\n\t\t\t\t\t\t\t<div class=\"elementor-background-overlay\"><\/div>\n\t\t\t\t\t\t\t<div class=\"elementor-container elementor-column-gap-default\">\n\t\t\t\t\t<div class=\"elementor-column elementor-col-50 elementor-top-column elementor-element elementor-element-bc0465c\" data-id=\"bc0465c\" data-element_type=\"column\" data-e-type=\"column\" data-settings=\"{&quot;_ob_bbad_is_stalker&quot;:&quot;no&quot;}\">\n\t\t\t<div class=\"elementor-widget-wrap elementor-element-populated\">\n\t\t\t\t\t\t<section class=\"ob-is-breaking-bad ob-bb-inner elementor-section elementor-inner-section elementor-element elementor-element-395917f elementor-section-boxed elementor-section-height-default elementor-section-height-default\" data-id=\"395917f\" data-element_type=\"section\" data-e-type=\"section\" data-settings=\"{&quot;background_background&quot;:&quot;classic&quot;,&quot;_ob_bbad_use_it&quot;:&quot;yes&quot;,&quot;_ob_bbad_sssic_use&quot;:&quot;no&quot;}\">\n\t\t\t\t\t\t<div class=\"elementor-container elementor-column-gap-default\">\n\t\t\t\t\t<div class=\"elementor-column elementor-col-100 elementor-inner-column elementor-element elementor-element-5b45abb\" data-id=\"5b45abb\" data-element_type=\"column\" data-e-type=\"column\" data-settings=\"{&quot;_ob_bbad_is_stalker&quot;:&quot;no&quot;}\">\n\t\t\t<div class=\"elementor-widget-wrap elementor-element-populated\">\n\t\t\t\t\t\t<div class=\"elementor-element elementor-element-ee1daf1 elementor-widget elementor-widget-heading\" data-id=\"ee1daf1\" data-element_type=\"widget\" data-e-type=\"widget\" data-widget_type=\"heading.default\">\n\t\t\t\t<div class=\"elementor-widget-container\">\n\t\t\t\t\t<h2 class=\"elementor-heading-title elementor-size-default\">Devenir b\u00e9nevole<\/h2>\t\t\t\t<\/div>\n\t\t\t\t<\/div>\n\t\t\t\t<div class=\"elementor-element elementor-element-9a00de5 elementor-widget elementor-widget-text-editor\" data-id=\"9a00de5\" data-element_type=\"widget\" data-e-type=\"widget\" data-widget_type=\"text-editor.default\">\n\t\t\t\t<div class=\"elementor-widget-container\">\n\t\t\t\t\t\t\t\t\t<p>L\u2019organisation des Op\u00e9rations du MCS est \u00e0 la recherche de b\u00e9n\u00e9voles :<\/p><ol><li>Coordonnateur des b\u00e9n\u00e9voles<\/li><li>Recherche et relations avec les partenaires<\/li><li>Coordonnateur des navettes (autobus)<\/li><li>Coordonnateur du service de fartage<\/li><li>Coordonnateur des services de communication<\/li><li>Relation avec les clubs de motoneige<\/li><\/ol><p>\u00a0<\/p><p>Si vous \u00eates int\u00e9ress\u00e9s par l\u2019un de ces postes, ou connaissez quelqu\u2019un qui serait int\u00e9ress\u00e9, demandez leur de communiquer avec le bureau du MCS.<\/p>\t\t\t\t\t\t\t\t<\/div>\n\t\t\t\t<\/div>\n\t\t\t\t<div class=\"elementor-element elementor-element-e6f1692 elementor-align-left button_arrow elementor-hidden-mobile elementor-hidden-tablet elementor-hidden-mobile_extra elementor-widget elementor-widget-button\" data-id=\"e6f1692\" data-element_type=\"widget\" data-e-type=\"widget\" data-widget_type=\"button.default\">\n\t\t\t\t<div class=\"elementor-widget-container\">\n\t\t\t\t\t\t\t\t\t<div class=\"elementor-button-wrapper\">\n\t\t\t\t\t<a class=\"elementor-button elementor-button-link elementor-size-xs\" href=\"https:\/\/skimarathon.ca\/fr\/nous-joindre\/\">\n\t\t\t\t\t\t<span class=\"elementor-button-content-wrapper\">\n\t\t\t\t\t\t<span class=\"elementor-button-icon\">\n\t\t\t\t<svg xmlns=\"http:\/\/www.w3.org\/2000\/svg\" width=\"60.533\" height=\"15.377\" viewBox=\"0 0 60.533 15.377\"><path id=\"Trac&#xE9;_106\" data-name=\"Trac&#xE9; 106\" d=\"M122.612,144.235l2.232,2.232,7.689-7.689-7.689-7.689-2.232,2.232,3.878,3.878H72v3.158h54.49Z\" transform=\"translate(-72 -131.09)\" fill=\"#fff\"><\/path><\/svg>\t\t\t<\/span>\n\t\t\t\t\t\t\t\t\t<span class=\"elementor-button-text\">Devenir b\u00e9nevole<\/span>\n\t\t\t\t\t<\/span>\n\t\t\t\t\t<\/a>\n\t\t\t\t<\/div>\n\t\t\t\t\t\t\t\t<\/div>\n\t\t\t\t<\/div>\n\t\t\t\t<div class=\"elementor-element elementor-element-22a6c8b elementor-align-left button_arrow elementor-hidden-widescreen elementor-hidden-desktop elementor-hidden-laptop elementor-hidden-tablet_extra elementor-widget elementor-widget-button\" data-id=\"22a6c8b\" data-element_type=\"widget\" data-e-type=\"widget\" data-widget_type=\"button.default\">\n\t\t\t\t<div class=\"elementor-widget-container\">\n\t\t\t\t\t\t\t\t\t<div class=\"elementor-button-wrapper\">\n\t\t\t\t\t<a class=\"elementor-button elementor-button-link elementor-size-xs\" href=\"https:\/\/skimarathon.ca\/fr\/nous-joindre\/\">\n\t\t\t\t\t\t<span class=\"elementor-button-content-wrapper\">\n\t\t\t\t\t\t\t\t\t<span class=\"elementor-button-text\">Devenir b\u00e9nevole<\/span>\n\t\t\t\t\t<\/span>\n\t\t\t\t\t<\/a>\n\t\t\t\t<\/div>\n\t\t\t\t\t\t\t\t<\/div>\n\t\t\t\t<\/div>\n\t\t\t\t<div class=\"elementor-element elementor-element-33af97e elementor-widget elementor-widget-image\" data-id=\"33af97e\" data-element_type=\"widget\" data-e-type=\"widget\" data-widget_type=\"image.default\">\n\t\t\t\t<div class=\"elementor-widget-container\">\n\t\t\t\t\t\t\t\t\t\t\t\t\t\t\t<img fetchpriority=\"high\" decoding=\"async\" width=\"800\" height=\"534\" src=\"https:\/\/skimarathon.ca\/wp-content\/uploads\/2023\/07\/Volunteer-1024x683.jpg\" class=\"attachment-large size-large wp-image-6503\" alt=\"\" srcset=\"https:\/\/skimarathon.ca\/wp-content\/uploads\/2023\/07\/Volunteer-1024x683.jpg 1024w, https:\/\/skimarathon.ca\/wp-content\/uploads\/2023\/07\/Volunteer-300x200.jpg 300w, https:\/\/skimarathon.ca\/wp-content\/uploads\/2023\/07\/Volunteer-768x512.jpg 768w, https:\/\/skimarathon.ca\/wp-content\/uploads\/2023\/07\/Volunteer-1536x1024.jpg 1536w, https:\/\/skimarathon.ca\/wp-content\/uploads\/2023\/07\/Volunteer-2048x1366.jpg 2048w\" sizes=\"(max-width: 800px) 100vw, 800px\" \/>\t\t\t\t\t\t\t\t\t\t\t\t\t\t\t<\/div>\n\t\t\t\t<\/div>\n\t\t\t\t\t<\/div>\n\t\t<\/div>\n\t\t\t\t\t<\/div>\n\t\t<\/section>\n\t\t\t\t\t<\/div>\n\t\t<\/div>\n\t\t\t\t<div class=\"elementor-column elementor-col-50 elementor-top-column elementor-element elementor-element-0805863\" data-id=\"0805863\" data-element_type=\"column\" data-e-type=\"column\" data-settings=\"{&quot;_ob_bbad_is_stalker&quot;:&quot;no&quot;}\">\n\t\t\t<div class=\"elementor-widget-wrap elementor-element-populated\">\n\t\t\t\t\t\t<section class=\"ob-is-breaking-bad ob-bb-inner elementor-section elementor-inner-section elementor-element elementor-element-de55bbc elementor-section-boxed elementor-section-height-default elementor-section-height-default\" data-id=\"de55bbc\" data-element_type=\"section\" data-e-type=\"section\" data-settings=\"{&quot;background_background&quot;:&quot;classic&quot;,&quot;_ob_bbad_use_it&quot;:&quot;yes&quot;,&quot;_ob_bbad_sssic_use&quot;:&quot;no&quot;}\">\n\t\t\t\t\t\t<div class=\"elementor-container elementor-column-gap-default\">\n\t\t\t\t\t<div class=\"elementor-column elementor-col-100 elementor-inner-column elementor-element elementor-element-c6d2be2\" data-id=\"c6d2be2\" data-element_type=\"column\" data-e-type=\"column\" data-settings=\"{&quot;_ob_bbad_is_stalker&quot;:&quot;no&quot;}\">\n\t\t\t<div class=\"elementor-widget-wrap elementor-element-populated\">\n\t\t\t\t\t\t<div class=\"elementor-element elementor-element-ac8fa76 elementor-widget elementor-widget-image\" data-id=\"ac8fa76\" data-element_type=\"widget\" data-e-type=\"widget\" data-widget_type=\"image.default\">\n\t\t\t\t<div class=\"elementor-widget-container\">\n\t\t\t\t\t\t\t\t\t\t\t\t\t\t\t<img decoding=\"async\" width=\"800\" height=\"840\" src=\"https:\/\/skimarathon.ca\/wp-content\/uploads\/2023\/07\/Become-an-ambassador-1-975x1024.jpg\" class=\"attachment-large size-large wp-image-6521\" alt=\"\" srcset=\"https:\/\/skimarathon.ca\/wp-content\/uploads\/2023\/07\/Become-an-ambassador-1-975x1024.jpg 975w, https:\/\/skimarathon.ca\/wp-content\/uploads\/2023\/07\/Become-an-ambassador-1-286x300.jpg 286w, https:\/\/skimarathon.ca\/wp-content\/uploads\/2023\/07\/Become-an-ambassador-1-768x807.jpg 768w, https:\/\/skimarathon.ca\/wp-content\/uploads\/2023\/07\/Become-an-ambassador-1-1462x1536.jpg 1462w, https:\/\/skimarathon.ca\/wp-content\/uploads\/2023\/07\/Become-an-ambassador-1-1949x2048.jpg 1949w\" sizes=\"(max-width: 800px) 100vw, 800px\" \/>\t\t\t\t\t\t\t\t\t\t\t\t\t\t\t<\/div>\n\t\t\t\t<\/div>\n\t\t\t\t<div class=\"elementor-element elementor-element-b5678db elementor-widget elementor-widget-heading\" data-id=\"b5678db\" data-element_type=\"widget\" data-e-type=\"widget\" data-widget_type=\"heading.default\">\n\t\t\t\t<div class=\"elementor-widget-container\">\n\t\t\t\t\t<h2 class=\"elementor-heading-title elementor-size-default\">Devenir ambassad.eur.ice<\/h2>\t\t\t\t<\/div>\n\t\t\t\t<\/div>\n\t\t\t\t<div class=\"elementor-element elementor-element-a1409b7 elementor-widget elementor-widget-text-editor\" data-id=\"a1409b7\" data-element_type=\"widget\" data-e-type=\"widget\" data-widget_type=\"text-editor.default\">\n\t\t\t\t<div class=\"elementor-widget-container\">\n\t\t\t\t\t\t\t\t\t<p>Avez-vous une passion pour le MCS? Avez-vous envie de partager vos connaissances avec d&rsquo;autres skieurs ?<br \/>Souhaitez-vous impliquer votre club de ski local ou votre communaut\u00e9 dans notre \u00e9v\u00e9nement?<\/p><p>Pourquoi ne pas vous impliquer en tant qu&rsquo;ambassadeur.ice !<\/p><p>Nous vous tiendrons au courant des d\u00e9tails de l&rsquo;\u00e9v\u00e9nement et des autres initiatives en cours, afin que vous puissiez tenir vos amis et skieurs locaux inform\u00e9s et engag\u00e9s avec le MSC.<\/p><p>Int\u00e9ress\u00e9 \u00e0 devenir ambassadeur.ice dans votre r\u00e9gion? Contactez-nous \u00e0 <a style=\"color: #fff;\" href=\"mailto:info@skimarathon.ca\">info@skimarathon.ca<\/a>.<\/p>\t\t\t\t\t\t\t\t<\/div>\n\t\t\t\t<\/div>\n\t\t\t\t<div class=\"elementor-element elementor-element-00566e2 elementor-align-left button_arrow elementor-mobile-align-left elementor-hidden-mobile elementor-hidden-tablet elementor-hidden-mobile_extra elementor-widget elementor-widget-button\" data-id=\"00566e2\" data-element_type=\"widget\" data-e-type=\"widget\" data-widget_type=\"button.default\">\n\t\t\t\t<div class=\"elementor-widget-container\">\n\t\t\t\t\t\t\t\t\t<div class=\"elementor-button-wrapper\">\n\t\t\t\t\t<a class=\"elementor-button elementor-button-link elementor-size-xs\" href=\"https:\/\/skimarathon.ca\/fr\/nous-joindre\/\" target=\"_blank\">\n\t\t\t\t\t\t<span class=\"elementor-button-content-wrapper\">\n\t\t\t\t\t\t<span class=\"elementor-button-icon\">\n\t\t\t\t<svg xmlns=\"http:\/\/www.w3.org\/2000\/svg\" width=\"60.533\" height=\"15.377\" viewBox=\"0 0 60.533 15.377\"><path id=\"Trac&#xE9;_106\" data-name=\"Trac&#xE9; 106\" d=\"M122.612,144.235l2.232,2.232,7.689-7.689-7.689-7.689-2.232,2.232,3.878,3.878H72v3.158h54.49Z\" transform=\"translate(-72 -131.09)\" fill=\"#fff\"><\/path><\/svg>\t\t\t<\/span>\n\t\t\t\t\t\t\t\t\t<span class=\"elementor-button-text\">Devenir ambassad.eur.ice<\/span>\n\t\t\t\t\t<\/span>\n\t\t\t\t\t<\/a>\n\t\t\t\t<\/div>\n\t\t\t\t\t\t\t\t<\/div>\n\t\t\t\t<\/div>\n\t\t\t\t<div class=\"elementor-element elementor-element-254cd30 elementor-align-left button_arrow elementor-mobile-align-left elementor-hidden-widescreen elementor-hidden-desktop elementor-hidden-laptop elementor-hidden-tablet_extra elementor-widget elementor-widget-button\" data-id=\"254cd30\" data-element_type=\"widget\" data-e-type=\"widget\" data-widget_type=\"button.default\">\n\t\t\t\t<div class=\"elementor-widget-container\">\n\t\t\t\t\t\t\t\t\t<div class=\"elementor-button-wrapper\">\n\t\t\t\t\t<a class=\"elementor-button elementor-button-link elementor-size-xs\" href=\"https:\/\/skimarathon.ca\/fr\/nous-joindre\/\" target=\"_blank\">\n\t\t\t\t\t\t<span class=\"elementor-button-content-wrapper\">\n\t\t\t\t\t\t\t\t\t<span class=\"elementor-button-text\">Devenir ambassad.eur.ice<\/span>\n\t\t\t\t\t<\/span>\n\t\t\t\t\t<\/a>\n\t\t\t\t<\/div>\n\t\t\t\t\t\t\t\t<\/div>\n\t\t\t\t<\/div>\n\t\t\t\t\t<\/div>\n\t\t<\/div>\n\t\t\t\t\t<\/div>\n\t\t<\/section>\n\t\t\t\t\t<\/div>\n\t\t<\/div>\n\t\t\t\t\t<\/div>\n\t\t<\/section>\n\t\t\t\t<section class=\"ob-is-breaking-bad elementor-section elementor-top-section elementor-element elementor-element-3b14437 elementor-section-boxed elementor-section-height-default elementor-section-height-default\" data-id=\"3b14437\" data-element_type=\"section\" data-e-type=\"section\" data-settings=\"{&quot;background_background&quot;:&quot;classic&quot;,&quot;_ob_bbad_use_it&quot;:&quot;yes&quot;,&quot;_ob_bbad_sssic_use&quot;:&quot;no&quot;}\">\n\t\t\t\t\t\t\t<div class=\"elementor-background-overlay\"><\/div>\n\t\t\t\t\t\t\t<div class=\"elementor-container elementor-column-gap-default\">\n\t\t\t\t\t<div class=\"elementor-column elementor-col-100 elementor-top-column elementor-element elementor-element-efda2db\" data-id=\"efda2db\" data-element_type=\"column\" data-e-type=\"column\" data-settings=\"{&quot;_ob_bbad_is_stalker&quot;:&quot;no&quot;}\">\n\t\t\t<div class=\"elementor-widget-wrap elementor-element-populated\">\n\t\t\t\t\t\t<section class=\"ob-is-breaking-bad ob-bb-inner elementor-section elementor-inner-section elementor-element elementor-element-2af4d9f elementor-section-boxed elementor-section-height-default elementor-section-height-default\" data-id=\"2af4d9f\" data-element_type=\"section\" data-e-type=\"section\" data-settings=\"{&quot;background_background&quot;:&quot;classic&quot;,&quot;_ob_bbad_use_it&quot;:&quot;yes&quot;,&quot;_ob_bbad_sssic_use&quot;:&quot;no&quot;}\">\n\t\t\t\t\t\t<div class=\"elementor-container elementor-column-gap-default\">\n\t\t\t\t\t<div class=\"elementor-column elementor-col-100 elementor-inner-column elementor-element elementor-element-9ef6cab\" data-id=\"9ef6cab\" data-element_type=\"column\" data-e-type=\"column\" data-settings=\"{&quot;_ob_bbad_is_stalker&quot;:&quot;no&quot;}\">\n\t\t\t<div class=\"elementor-widget-wrap elementor-element-populated\">\n\t\t\t\t\t\t<div class=\"elementor-element elementor-element-82b90a6 elementor-widget elementor-widget-heading\" data-id=\"82b90a6\" data-element_type=\"widget\" data-e-type=\"widget\" data-widget_type=\"heading.default\">\n\t\t\t\t<div class=\"elementor-widget-container\">\n\t\t\t\t\t<h2 class=\"elementor-heading-title elementor-size-default\">Devenir partenaire<\/h2>\t\t\t\t<\/div>\n\t\t\t\t<\/div>\n\t\t\t\t<div class=\"elementor-element elementor-element-d00f479 elementor-widget elementor-widget-text-editor\" data-id=\"d00f479\" data-element_type=\"widget\" data-e-type=\"widget\" data-widget_type=\"text-editor.default\">\n\t\t\t\t<div class=\"elementor-widget-container\">\n\t\t\t\t\t\t\t\t\t<p>Les commanditaires du Marathon canadien de ski contribuent consid\u00e9rablement au succ\u00e8s de cet \u00e9v\u00e9nement.<\/p><p>\u00c9tant une organisme \u00e0 but non lucratif sans ces commanditaires\/partenaires et sans notre communaut\u00e9 d\u00e9vou\u00e9e, cet \u00e9v\u00e9nement unique n\u2019aurait pas lieu.<\/p><p>N&rsquo;h\u00e9sitez pas \u00e0 nous contacter via courriel <a style=\"color: #000;\" href=\"mailto:info@skimarathon.ca\">info@skimarathon.ca<\/a> ou par t\u00e9l\u00e9phone au <a style=\"color: #000;\" href=\"tel:18195927866\">(819) 592-7866<\/a> il nous fera plaisir de discuter avec vous des diff\u00e9rentes possibilit\u00e9s!<\/p>\t\t\t\t\t\t\t\t<\/div>\n\t\t\t\t<\/div>\n\t\t\t\t<div class=\"elementor-element elementor-element-1c0e209 elementor-align-left button_arrow elementor-hidden-mobile elementor-hidden-tablet elementor-hidden-mobile_extra elementor-widget elementor-widget-button\" data-id=\"1c0e209\" data-element_type=\"widget\" data-e-type=\"widget\" data-widget_type=\"button.default\">\n\t\t\t\t<div class=\"elementor-widget-container\">\n\t\t\t\t\t\t\t\t\t<div class=\"elementor-button-wrapper\">\n\t\t\t\t\t<a class=\"elementor-button elementor-button-link elementor-size-xs\" href=\"https:\/\/skimarathon.ca\/fr\/nous-joindre\/\">\n\t\t\t\t\t\t<span class=\"elementor-button-content-wrapper\">\n\t\t\t\t\t\t<span class=\"elementor-button-icon\">\n\t\t\t\t<svg xmlns=\"http:\/\/www.w3.org\/2000\/svg\" width=\"60.533\" height=\"15.377\" viewBox=\"0 0 60.533 15.377\"><path id=\"Trac&#xE9;_106\" data-name=\"Trac&#xE9; 106\" d=\"M122.612,144.235l2.232,2.232,7.689-7.689-7.689-7.689-2.232,2.232,3.878,3.878H72v3.158h54.49Z\" transform=\"translate(-72 -131.09)\" fill=\"#fff\"><\/path><\/svg>\t\t\t<\/span>\n\t\t\t\t\t\t\t\t\t<span class=\"elementor-button-text\">Devenir partenaire<\/span>\n\t\t\t\t\t<\/span>\n\t\t\t\t\t<\/a>\n\t\t\t\t<\/div>\n\t\t\t\t\t\t\t\t<\/div>\n\t\t\t\t<\/div>\n\t\t\t\t<div class=\"elementor-element elementor-element-abe148c elementor-align-left button_arrow elementor-hidden-widescreen elementor-hidden-desktop elementor-hidden-laptop elementor-hidden-tablet_extra elementor-widget elementor-widget-button\" data-id=\"abe148c\" data-element_type=\"widget\" data-e-type=\"widget\" data-widget_type=\"button.default\">\n\t\t\t\t<div class=\"elementor-widget-container\">\n\t\t\t\t\t\t\t\t\t<div class=\"elementor-button-wrapper\">\n\t\t\t\t\t<a class=\"elementor-button elementor-button-link elementor-size-xs\" href=\"https:\/\/skimarathon.ca\/fr\/nous-joindre\/\">\n\t\t\t\t\t\t<span class=\"elementor-button-content-wrapper\">\n\t\t\t\t\t\t\t\t\t<span class=\"elementor-button-text\">Devenir partenaire<\/span>\n\t\t\t\t\t<\/span>\n\t\t\t\t\t<\/a>\n\t\t\t\t<\/div>\n\t\t\t\t\t\t\t\t<\/div>\n\t\t\t\t<\/div>\n\t\t\t\t<div class=\"elementor-element elementor-element-e3c874a elementor-widget elementor-widget-image\" data-id=\"e3c874a\" data-element_type=\"widget\" data-e-type=\"widget\" data-widget_type=\"image.default\">\n\t\t\t\t<div class=\"elementor-widget-container\">\n\t\t\t\t\t\t\t\t\t\t\t\t\t\t\t<img decoding=\"async\" width=\"800\" height=\"978\" src=\"https:\/\/skimarathon.ca\/wp-content\/uploads\/2023\/07\/Become-a-partner--838x1024.jpg\" class=\"attachment-large size-large wp-image-6533\" alt=\"\" srcset=\"https:\/\/skimarathon.ca\/wp-content\/uploads\/2023\/07\/Become-a-partner--838x1024.jpg 838w, https:\/\/skimarathon.ca\/wp-content\/uploads\/2023\/07\/Become-a-partner--246x300.jpg 246w, https:\/\/skimarathon.ca\/wp-content\/uploads\/2023\/07\/Become-a-partner--768x938.jpg 768w, https:\/\/skimarathon.ca\/wp-content\/uploads\/2023\/07\/Become-a-partner--1257x1536.jpg 1257w, https:\/\/skimarathon.ca\/wp-content\/uploads\/2023\/07\/Become-a-partner--1677x2048.jpg 1677w\" sizes=\"(max-width: 800px) 100vw, 800px\" \/>\t\t\t\t\t\t\t\t\t\t\t\t\t\t\t<\/div>\n\t\t\t\t<\/div>\n\t\t\t\t\t<\/div>\n\t\t<\/div>\n\t\t\t\t\t<\/div>\n\t\t<\/section>\n\t\t\t\t\t<\/div>\n\t\t<\/div>\n\t\t\t\t\t<\/div>\n\t\t<\/section>\n\t\t\t\t<\/div>\n\t\t","protected":false},"excerpt":{"rendered":"<p>Devenir b\u00e9nevole L\u2019organisation des Op\u00e9rations du MCS est \u00e0 la recherche de b\u00e9n\u00e9voles : Coordonnateur des b\u00e9n\u00e9voles Recherche et relations avec les partenaires Coordonnateur des navettes (autobus) Coordonnateur du service de fartage Coordonnateur des services de communication Relation avec les clubs de motoneige \u00a0 Si vous \u00eates int\u00e9ress\u00e9s par l\u2019un de ces postes, ou connaissez [&hellip;]<\/p>\n","protected":false},"author":1,"featured_media":0,"parent":0,"menu_order":0,"comment_status":"closed","ping_status":"closed","template":"","meta":{"_seopress_robots_primary_cat":"","_seopress_titles_title":"","_seopress_titles_desc":"","_seopress_robots_index":"","inline_featured_image":false,"footnotes":""},"class_list":["post-6549","page","type-page","status-publish","hentry"],"_links":{"self":[{"href":"https:\/\/skimarathon.ca\/fr\/wp-json\/wp\/v2\/pages\/6549","targetHints":{"allow":["GET"]}}],"collection":[{"href":"https:\/\/skimarathon.ca\/fr\/wp-json\/wp\/v2\/pages"}],"about":[{"href":"https:\/\/skimarathon.ca\/fr\/wp-json\/wp\/v2\/types\/page"}],"author":[{"embeddable":true,"href":"https:\/\/skimarathon.ca\/fr\/wp-json\/wp\/v2\/users\/1"}],"replies":[{"embeddable":true,"href":"https:\/\/skimarathon.ca\/fr\/wp-json\/wp\/v2\/comments?post=6549"}],"version-history":[{"count":17,"href":"https:\/\/skimarathon.ca\/fr\/wp-json\/wp\/v2\/pages\/6549\/revisions"}],"predecessor-version":[{"id":7123,"href":"https:\/\/skimarathon.ca\/fr\/wp-json\/wp\/v2\/pages\/6549\/revisions\/7123"}],"wp:attachment":[{"href":"https:\/\/skimarathon.ca\/fr\/wp-json\/wp\/v2\/media?parent=6549"}],"curies":[{"name":"wp","href":"https:\/\/api.w.org\/{rel}","templated":true}]}}