{"id":6352,"date":"2023-07-03T12:05:02","date_gmt":"2023-07-03T16:05:02","guid":{"rendered":"https:\/\/skimarathon.ca\/our-team\/"},"modified":"2025-12-08T10:29:28","modified_gmt":"2025-12-08T15:29:28","slug":"notre-equipe","status":"publish","type":"page","link":"https:\/\/skimarathon.ca\/fr\/notre-equipe\/","title":{"rendered":"Notre \u00e9quipe"},"content":{"rendered":"\t\t<div data-elementor-type=\"wp-page\" data-elementor-id=\"6352\" class=\"elementor elementor-6352 elementor-6304\" data-elementor-settings=\"{&quot;ha_cmc_init_switcher&quot;:&quot;no&quot;}\" data-elementor-post-type=\"page\">\n\t\t\t\t\t\t<section class=\"ob-is-breaking-bad elementor-section elementor-top-section elementor-element elementor-element-a646059 elementor-section-height-min-height elementor-section-boxed elementor-section-height-default elementor-section-items-middle\" data-id=\"a646059\" data-element_type=\"section\" data-e-type=\"section\" data-settings=\"{&quot;background_background&quot;:&quot;classic&quot;,&quot;_ob_bbad_use_it&quot;:&quot;yes&quot;,&quot;_ob_bbad_sssic_use&quot;:&quot;no&quot;}\">\n\t\t\t\t\t\t\t<div class=\"elementor-background-overlay\"><\/div>\n\t\t\t\t\t\t\t<div class=\"elementor-container elementor-column-gap-default\">\n\t\t\t\t\t<div class=\"elementor-column elementor-col-100 elementor-top-column elementor-element elementor-element-b5f9a48\" data-id=\"b5f9a48\" data-element_type=\"column\" data-e-type=\"column\" data-settings=\"{&quot;_ob_bbad_is_stalker&quot;:&quot;no&quot;}\">\n\t\t\t<div class=\"elementor-widget-wrap elementor-element-populated\">\n\t\t\t\t\t\t\t<\/div>\n\t\t<\/div>\n\t\t\t\t\t<\/div>\n\t\t<\/section>\n\t\t\t\t<section class=\"ob-is-breaking-bad elementor-section elementor-top-section elementor-element elementor-element-6742fce elementor-section-boxed elementor-section-height-default elementor-section-height-default\" data-id=\"6742fce\" data-element_type=\"section\" data-e-type=\"section\" data-settings=\"{&quot;_ob_bbad_use_it&quot;:&quot;yes&quot;,&quot;_ob_bbad_sssic_use&quot;:&quot;no&quot;}\">\n\t\t\t\t\t\t<div class=\"elementor-container elementor-column-gap-default\">\n\t\t\t\t\t<div class=\"elementor-column elementor-col-100 elementor-top-column elementor-element elementor-element-feea713\" data-id=\"feea713\" data-element_type=\"column\" data-e-type=\"column\" data-settings=\"{&quot;_ob_bbad_is_stalker&quot;:&quot;no&quot;}\">\n\t\t\t<div class=\"elementor-widget-wrap elementor-element-populated\">\n\t\t\t\t\t\t<div class=\"elementor-element elementor-element-dd45eef elementor-widget elementor-widget-heading\" data-id=\"dd45eef\" data-element_type=\"widget\" data-e-type=\"widget\" data-widget_type=\"heading.default\">\n\t\t\t\t<div class=\"elementor-widget-container\">\n\t\t\t\t\t<h2 class=\"elementor-heading-title elementor-size-default\">Conseil d'administration MCS\n<\/h2>\t\t\t\t<\/div>\n\t\t\t\t<\/div>\n\t\t\t\t<div class=\"elementor-element elementor-element-2164589 elementor-widget elementor-widget-html\" data-id=\"2164589\" data-element_type=\"widget\" data-e-type=\"widget\" data-widget_type=\"html.default\">\n\t\t\t\t<div class=\"elementor-widget-container\">\n\t\t\t\t\t<div class=\"html_dataTbale dataTables_wrapper no-footer\">\r\n<table id=\"tablepress-16\" class=\"tablepress tablepress-id-16 tablepress-responsive\">\r\n<thead>\r\n<tr class=\"row-1 odd\">\r\n\t<th class=\"column-1\">Nom<\/th><th class=\"column-2\">Titre<\/th><th class=\"column-3\"><\/th>\r\n<\/tr>\r\n<\/thead>\r\n<tbody>\r\n<tr><td>Chris Teron\t<\/td><td>Pr\u00e9sident<\/td><\/tr>\r\n<tr><td>Real Perriard<\/td><td>Pr\u00e9sident Sortant, Sentiers<\/td><\/tr>\r\n\r\n<tr class=\"alt\"><td>Fr\u00e9d\u00e9ric Barbeau<\/td><td>Tr\u00e9sorier<\/td><\/tr>\r\n<tr><td>Paul Lansbergen<\/td><td>Secr\u00e9taire<\/td><\/tr>\r\n<tr><td>Gillian Rick<\/td><td>Promotions, Ambassadors<\/td><\/tr>\r\n<tr><td>Paul \"Boomer\" Throop<\/td><td>Ski \u00e0 l'\u00e9cole\t<\/td><\/tr>\r\n<tr class=\"alt\"><td>Justin Braganza<\/td><td>Coordinateur des checkpoints, Guide du skieur<\/td><\/tr>\r\n<tr><td>Sereena Trottier<\/td><td>Inscription<\/td><\/tr>\r\n<tr class=\"alt\"><td>Michael O\u2019Gorman<\/td><td>Promotions<\/td><\/tr>\r\n<tr><td>Luc Fr\u00e9chette<\/td><td>Skier Tracking<\/td><\/tr>\r\n<tr><td>Leslie Turcotte-Sher<\/td><td>Marketing<\/td><\/tr>\r\n<tr><td>Ian Waugh<\/td><td>Site web<\/td><\/tr>\r\n<tr><td>John Seddon<\/td><td>Governance<\/td><\/tr>\r\n<\/tbody>\r\n<\/table>\r\n<\/div>\t\t\t\t<\/div>\n\t\t\t\t<\/div>\n\t\t\t\t<div class=\"elementor-element elementor-element-3a287a5 elementor-widget elementor-widget-heading\" data-id=\"3a287a5\" data-element_type=\"widget\" data-e-type=\"widget\" data-widget_type=\"heading.default\">\n\t\t\t\t<div class=\"elementor-widget-container\">\n\t\t\t\t\t<h2 class=\"elementor-heading-title elementor-size-default\">Personnel<\/h2>\t\t\t\t<\/div>\n\t\t\t\t<\/div>\n\t\t\t\t<div class=\"elementor-element elementor-element-5aad00b elementor-widget elementor-widget-html\" data-id=\"5aad00b\" data-element_type=\"widget\" data-e-type=\"widget\" data-widget_type=\"html.default\">\n\t\t\t\t<div class=\"elementor-widget-container\">\n\t\t\t\t\t<div class=\"html_dataTbale dataTables_wrapper no-footer\">\r\n<table id=\"tablepress-16\" class=\"tablepress tablepress-id-16 tablepress-responsive\">\r\n<thead>\r\n<tr class=\"row-1 odd\">\r\n\t<th class=\"column-1\">Nom<\/th><th class=\"column-2\">Titre<\/th><th class=\"column-3\"><\/th>\r\n<\/tr>\r\n<\/thead>\r\n<tbody>\r\n<tr><td>Daniel Lavall\u00e9e<\/td><td>Directeur d'\u00e9v\u00e9nement<\/td><\/tr>\r\n<tr><td>Bob Leclair<\/td><td>Directeur d'\u00e9v\u00e9nement sortant<\/td><\/tr>\r\n<tr><td>Jean-Fran\u00e7ois Picard<\/td><td>Responsable des op\u00e9rations<\/td><\/tr>\r\n<tr><td>Julie Mailloux<\/td><\/td><td>\tCoordonnatrice des b\u00e9n\u00e9voles\t<\/td><\/tr>\r\n<tr><td>Marie-Anne Adam<\/td><td>Service \u00e0 la clientele<\/td><\/tr>\r\n\r\n\r\n<\/tbody>\r\n<\/table>\r\n<\/div>\t\t\t\t<\/div>\n\t\t\t\t<\/div>\n\t\t\t\t<div class=\"elementor-element elementor-element-ab0113d elementor-widget elementor-widget-heading\" data-id=\"ab0113d\" data-element_type=\"widget\" data-e-type=\"widget\" data-widget_type=\"heading.default\">\n\t\t\t\t<div class=\"elementor-widget-container\">\n\t\t\t\t\t<h2 class=\"elementor-heading-title elementor-size-default\">Contracteurs<\/h2>\t\t\t\t<\/div>\n\t\t\t\t<\/div>\n\t\t\t\t<div class=\"elementor-element elementor-element-b4696fb elementor-widget elementor-widget-html\" data-id=\"b4696fb\" data-element_type=\"widget\" data-e-type=\"widget\" data-widget_type=\"html.default\">\n\t\t\t\t<div class=\"elementor-widget-container\">\n\t\t\t\t\t<div class=\"html_dataTbale dataTables_wrapper no-footer\">\r\n<table id=\"tablepress-16\" class=\"tablepress tablepress-id-16 tablepress-responsive\">\r\n<thead>\r\n<tr class=\"row-1 odd\">\r\n\t<th class=\"column-1\">Nom<\/th><th class=\"column-2\">Titre<\/th><th class=\"column-3\"><\/th>\r\n<\/tr>\r\n<\/thead>\r\n<tbody>\r\n<tr><td>\tDenis Marcotte (Location Altitude)\t<\/td><td>\tPistes\t<\/td><\/tr>\r\n<tr><td>\tKevyn Marcotte (Groupe Instant Sant\u00e9)\t<\/td><td>\tS\u00e9cutit\u00e9\t<\/td><\/tr>\r\n<tr class=\"alt\"><td>\tJean-Fran\u00e7ois Picard (Harfang Logistique)\t<\/td><td>\t\u00c9quipment\t<\/td><\/tr>\r\n<tr><td>\tZone4 \t<\/td><td>\tInscription, Suivi des skieurs\t<\/td><\/tr>\r\n<\/tbody>\r\n<\/table>\r\n<\/div>\t\t\t\t<\/div>\n\t\t\t\t<\/div>\n\t\t\t\t<div class=\"elementor-element elementor-element-be751e7 elementor-widget elementor-widget-heading\" data-id=\"be751e7\" data-element_type=\"widget\" data-e-type=\"widget\" data-widget_type=\"heading.default\">\n\t\t\t\t<div class=\"elementor-widget-container\">\n\t\t\t\t\t<h2 class=\"elementor-heading-title elementor-size-default\">B\u00e9n\u00e9voles<\/h2>\t\t\t\t<\/div>\n\t\t\t\t<\/div>\n\t\t\t\t<div class=\"elementor-element elementor-element-e89b183 elementor-widget elementor-widget-html\" data-id=\"e89b183\" data-element_type=\"widget\" data-e-type=\"widget\" data-widget_type=\"html.default\">\n\t\t\t\t<div class=\"elementor-widget-container\">\n\t\t\t\t\t<div class=\"html_dataTbale dataTables_wrapper no-footer\">\r\n<table id=\"tablepress-16\" class=\"tablepress tablepress-id-16 tablepress-responsive\">\r\n<thead>\r\n<tr class=\"row-1 odd\">\r\n\t<th class=\"column-1\">Nom<\/th><th class=\"column-2\">T\u00e2che<\/th><th class=\"column-3\"><\/th>\r\n<\/tr>\r\n<\/thead>\r\n<tbody>\r\n\r\n<tr><td>\tNeil Herber\t<\/td><td>\tCommunications\t<\/td><\/tr>\r\n\r\n<tr class=\"alt\"><td>\tJulie Boyer \t<\/td><td>\tWaxing\t<\/td><\/tr>\r\n<tr><td>\tJustin Braganza \t<\/td><td>\tCoordonnateur des postes de contr\u00f4le\t<\/td><\/tr>\r\n<tr><td>\tShelanie Braganza \t<\/td><td>\tCoordinateur adjoint des points de contr\u00f4le\t<\/td><\/tr>\r\n<tr class=\"alt\"><td>\tDenis Marenger \t<\/td><td>\tPostes de contr\u00f4le - D\u00e9part\t<\/td><\/tr>\r\n<tr class=\"alt\"><td>\tSarah-Isabelle Charron \t<\/td><td>\tPoste de contr\u00f4le - Sand Pit 4 & 8\t<\/td><\/tr>\r\n<tr><td>\tDoug Bowes-Lyon \t<\/td><td>\tPoste de contr\u00f4le - Taunton\t<\/td><\/tr>\r\n<tr class=\"alt\"><td>\tKathryn Lyons \t<\/td><td>\tPoste de contr\u00f4le - Sporting Clay\t<\/td><\/tr>\r\n<tr class=\"alt\"><td>\tGenevi\u00e8ve Lesperance \t<\/td><td>\tPoste de contr\u00f4le - Esdale\t<\/td><\/tr>\r\n<tr class=\"alt\"><td>\tSamantha Durkee-Maurice \t<\/td><td>\tPoste de contr\u00f4le - Ligne d'arriv\u00e9e\t<\/td><\/tr>\r\n<tr class=\"alt\"><td>\tTerry Rimmington \t<\/td><td>\tCamp d'or\t<\/td><\/tr>\r\n<tr><td>\tFr\u00e9d\u00e9ric Barbeau \t<\/td><td>\tDortoir d'or\t<\/td><\/tr>\r\n<tr class=\"alt\"><td>\tAnick Plouffe \t<\/td><td>\tDortoir Papineauville\t<\/td><\/tr>\r\n<tr><td>\tChris Teron \t<\/td><td>\tCartes\t<\/td><\/tr>\r\n<tr><td>\tRoger Egan \t<\/td><td>\tSuivi des skieurs\t<\/td><\/tr>\r\n<tr class=\"alt\"><td>\tLouisa Teron \t<\/td><td>\tSuivi des skieurs\t<\/td><\/tr>\r\n<tr class=\"alt\"><td>\tChris Bolestridge \t<\/td><td>\tOPS\t<\/td><\/tr>\r\n<tr><td>\tJohn Goatcher \t<\/td><td>\tCartes\t<\/td><\/tr>\r\n<tr><td>\tMemphis Don \t<\/td><td>\tChili\t<\/td><\/tr>\r\n<tr class=\"alt\"><td>\tDan Quinlan \t<\/td><td>\tResultats, M\u00e9dailes, Base de donn\u00e9es\t<\/td><\/tr>\r\n<tr><td>\tSylvain Lapointe \t<\/td><td>\tM\u00e9dailes\t<\/td><\/tr>\r\n<tr class=\"alt\"><td>\tRobert Desjardins \t<\/td><td>\tM\u00e9dailes\t<\/td><\/tr>\r\n<tr><td>\t\u00c9milie Cavalier \t<\/td><td>\tSocial Media\t<\/td><\/tr>\r\n<tr><td>\tMari-Ly Mailloux-Kemp \t<\/td><td>\tBureau du Ch\u00e2teau Montebello\t<\/td><\/tr>\r\n<\/tbody>\r\n<\/table>\r\n<\/div>\t\t\t\t<\/div>\n\t\t\t\t<\/div>\n\t\t\t\t\t<\/div>\n\t\t<\/div>\n\t\t\t\t\t<\/div>\n\t\t<\/section>\n\t\t\t\t<section class=\"ob-is-breaking-bad elementor-section elementor-top-section elementor-element elementor-element-a534715 elementor-section-boxed elementor-section-height-default elementor-section-height-default\" data-id=\"a534715\" data-element_type=\"section\" data-e-type=\"section\" data-settings=\"{&quot;_ob_bbad_use_it&quot;:&quot;yes&quot;,&quot;_ob_bbad_sssic_use&quot;:&quot;no&quot;}\">\n\t\t\t\t\t\t<div class=\"elementor-container elementor-column-gap-default\">\n\t\t\t\t\t<div class=\"elementor-column elementor-col-100 elementor-top-column elementor-element elementor-element-a699c8a\" data-id=\"a699c8a\" data-element_type=\"column\" data-e-type=\"column\" data-settings=\"{&quot;_ob_bbad_is_stalker&quot;:&quot;no&quot;}\">\n\t\t\t<div class=\"elementor-widget-wrap elementor-element-populated\">\n\t\t\t\t\t\t<section class=\"ob-is-breaking-bad ob-bb-inner elementor-section elementor-inner-section elementor-element elementor-element-5313512 elementor-section-height-min-height elementor-section-boxed elementor-section-height-default\" data-id=\"5313512\" data-element_type=\"section\" data-e-type=\"section\" data-settings=\"{&quot;background_background&quot;:&quot;classic&quot;,&quot;_ob_bbad_use_it&quot;:&quot;yes&quot;,&quot;_ob_bbad_sssic_use&quot;:&quot;no&quot;}\">\n\t\t\t\t\t\t<div class=\"elementor-container elementor-column-gap-default\">\n\t\t\t\t\t<div class=\"elementor-column elementor-col-50 elementor-inner-column elementor-element elementor-element-ee26946\" data-id=\"ee26946\" data-element_type=\"column\" data-e-type=\"column\" data-settings=\"{&quot;_ob_bbad_is_stalker&quot;:&quot;no&quot;}\">\n\t\t\t<div class=\"elementor-widget-wrap elementor-element-populated\">\n\t\t\t\t\t\t<div class=\"elementor-element elementor-element-0e1ce96 elementor-widget elementor-widget-heading\" data-id=\"0e1ce96\" data-element_type=\"widget\" data-e-type=\"widget\" data-widget_type=\"heading.default\">\n\t\t\t\t<div class=\"elementor-widget-container\">\n\t\t\t\t\t<h2 class=\"elementor-heading-title elementor-size-default\">Impliquez-vous<\/h2>\t\t\t\t<\/div>\n\t\t\t\t<\/div>\n\t\t\t\t\t<\/div>\n\t\t<\/div>\n\t\t\t\t<div class=\"elementor-column elementor-col-50 elementor-inner-column elementor-element elementor-element-e7547e0\" data-id=\"e7547e0\" data-element_type=\"column\" data-e-type=\"column\" data-settings=\"{&quot;_ob_bbad_is_stalker&quot;:&quot;no&quot;}\">\n\t\t\t<div class=\"elementor-widget-wrap elementor-element-populated\">\n\t\t\t\t\t\t<div class=\"elementor-element elementor-element-7f3d762 elementor-align-right button_arrow elementor-mobile_extra-align-center elementor-tablet-align-center elementor-widget elementor-widget-button\" data-id=\"7f3d762\" data-element_type=\"widget\" data-e-type=\"widget\" data-widget_type=\"button.default\">\n\t\t\t\t<div class=\"elementor-widget-container\">\n\t\t\t\t\t\t\t\t\t<div class=\"elementor-button-wrapper\">\n\t\t\t\t\t<a class=\"elementor-button elementor-button-link elementor-size-sm\" href=\"https:\/\/skimarathon.ca\/fr\/impliquez-vous\/\">\n\t\t\t\t\t\t<span class=\"elementor-button-content-wrapper\">\n\t\t\t\t\t\t<span class=\"elementor-button-icon\">\n\t\t\t\t<svg xmlns=\"http:\/\/www.w3.org\/2000\/svg\" width=\"60.533\" height=\"15.377\" viewBox=\"0 0 60.533 15.377\"><path id=\"Trac&#xE9;_106\" data-name=\"Trac&#xE9; 106\" d=\"M122.612,144.235l2.232,2.232,7.689-7.689-7.689-7.689-2.232,2.232,3.878,3.878H72v3.158h54.49Z\" transform=\"translate(-72 -131.09)\" fill=\"#fff\"><\/path><\/svg>\t\t\t<\/span>\n\t\t\t\t\t\t\t\t\t<span class=\"elementor-button-text\">Cliquez ici<\/span>\n\t\t\t\t\t<\/span>\n\t\t\t\t\t<\/a>\n\t\t\t\t<\/div>\n\t\t\t\t\t\t\t\t<\/div>\n\t\t\t\t<\/div>\n\t\t\t\t\t<\/div>\n\t\t<\/div>\n\t\t\t\t\t<\/div>\n\t\t<\/section>\n\t\t\t\t\t<\/div>\n\t\t<\/div>\n\t\t\t\t\t<\/div>\n\t\t<\/section>\n\t\t\t\t<section class=\"ob-is-breaking-bad elementor-section elementor-top-section elementor-element elementor-element-dab73a6 elementor-section-height-min-height elementor-section-boxed elementor-section-height-default elementor-section-items-middle\" data-id=\"dab73a6\" data-element_type=\"section\" data-e-type=\"section\" data-settings=\"{&quot;background_background&quot;:&quot;classic&quot;,&quot;_ob_bbad_use_it&quot;:&quot;yes&quot;,&quot;_ob_bbad_sssic_use&quot;:&quot;no&quot;}\">\n\t\t\t\t\t\t<div class=\"elementor-container elementor-column-gap-default\">\n\t\t\t\t\t<div class=\"elementor-column elementor-col-100 elementor-top-column elementor-element elementor-element-abd4697\" data-id=\"abd4697\" data-element_type=\"column\" data-e-type=\"column\" data-settings=\"{&quot;_ob_bbad_is_stalker&quot;:&quot;no&quot;}\">\n\t\t\t<div class=\"elementor-widget-wrap\">\n\t\t\t\t\t\t\t<\/div>\n\t\t<\/div>\n\t\t\t\t\t<\/div>\n\t\t<\/section>\n\t\t\t\t<\/div>\n\t\t","protected":false},"excerpt":{"rendered":"<p>Conseil d&rsquo;administration MCS Nom Titre Chris Teron Pr\u00e9sident Real Perriard Pr\u00e9sident Sortant, Sentiers Fr\u00e9d\u00e9ric Barbeau Tr\u00e9sorier Paul Lansbergen Secr\u00e9taire Gillian Rick Promotions, Ambassadors Paul \u00ab\u00a0Boomer\u00a0\u00bb Throop Ski \u00e0 l&rsquo;\u00e9cole Justin Braganza Coordinateur des checkpoints, Guide du skieur Sereena Trottier Inscription Michael O\u2019Gorman Promotions Luc Fr\u00e9chette Skier Tracking Leslie Turcotte-Sher Marketing Ian Waugh Site web John [&hellip;]<\/p>\n","protected":false},"author":1,"featured_media":0,"parent":0,"menu_order":0,"comment_status":"closed","ping_status":"closed","template":"","meta":{"_seopress_robots_primary_cat":"","_seopress_titles_title":"","_seopress_titles_desc":"","_seopress_robots_index":"","inline_featured_image":false,"footnotes":""},"class_list":["post-6352","page","type-page","status-publish","hentry"],"_links":{"self":[{"href":"https:\/\/skimarathon.ca\/fr\/wp-json\/wp\/v2\/pages\/6352","targetHints":{"allow":["GET"]}}],"collection":[{"href":"https:\/\/skimarathon.ca\/fr\/wp-json\/wp\/v2\/pages"}],"about":[{"href":"https:\/\/skimarathon.ca\/fr\/wp-json\/wp\/v2\/types\/page"}],"author":[{"embeddable":true,"href":"https:\/\/skimarathon.ca\/fr\/wp-json\/wp\/v2\/users\/1"}],"replies":[{"embeddable":true,"href":"https:\/\/skimarathon.ca\/fr\/wp-json\/wp\/v2\/comments?post=6352"}],"version-history":[{"count":135,"href":"https:\/\/skimarathon.ca\/fr\/wp-json\/wp\/v2\/pages\/6352\/revisions"}],"predecessor-version":[{"id":16121,"href":"https:\/\/skimarathon.ca\/fr\/wp-json\/wp\/v2\/pages\/6352\/revisions\/16121"}],"wp:attachment":[{"href":"https:\/\/skimarathon.ca\/fr\/wp-json\/wp\/v2\/media?parent=6352"}],"curies":[{"name":"wp","href":"https:\/\/api.w.org\/{rel}","templated":true}]}}