{"id":4934,"date":"2023-01-04T10:57:35","date_gmt":"2023-01-04T15:57:35","guid":{"rendered":"https:\/\/skimarathon.ca\/?page_id=4934"},"modified":"2026-01-31T12:57:29","modified_gmt":"2026-01-31T17:57:29","slug":"liste-des-participants-du-dcs","status":"publish","type":"page","link":"https:\/\/skimarathon.ca\/fr\/liste-des-participants-du-dcs\/","title":{"rendered":"Liste des participants du DCS"},"content":{"rendered":"\t\t<div data-elementor-type=\"wp-page\" data-elementor-id=\"4934\" class=\"elementor elementor-4934\" data-elementor-settings=\"{&quot;ha_cmc_init_switcher&quot;:&quot;no&quot;}\" data-elementor-post-type=\"page\">\n\t\t\t\t\t\t<section class=\"ob-is-breaking-bad elementor-section elementor-top-section elementor-element elementor-element-b962f93 elementor-section-height-min-height elementor-section-boxed elementor-section-height-default elementor-section-items-middle\" data-id=\"b962f93\" data-element_type=\"section\" data-e-type=\"section\" data-settings=\"{&quot;background_background&quot;:&quot;classic&quot;,&quot;_ob_bbad_use_it&quot;:&quot;yes&quot;,&quot;_ob_bbad_sssic_use&quot;:&quot;no&quot;}\">\n\t\t\t\t\t\t<div class=\"elementor-container elementor-column-gap-default\">\n\t\t\t\t\t<div class=\"elementor-column elementor-col-100 elementor-top-column elementor-element elementor-element-33d7007\" data-id=\"33d7007\" data-element_type=\"column\" data-e-type=\"column\" data-settings=\"{&quot;_ob_bbad_is_stalker&quot;:&quot;no&quot;}\">\n\t\t\t<div class=\"elementor-widget-wrap elementor-element-populated\">\n\t\t\t\t\t\t<div class=\"elementor-element elementor-element-1b73fd2 elementor-widget elementor-widget-heading\" data-id=\"1b73fd2\" data-element_type=\"widget\" data-e-type=\"widget\" data-widget_type=\"heading.default\">\n\t\t\t\t<div class=\"elementor-widget-container\">\n\t\t\t\t\t<h2 class=\"elementor-heading-title elementor-size-default\">Liste des participants du DCS<\/h2>\t\t\t\t<\/div>\n\t\t\t\t<\/div>\n\t\t\t\t<div class=\"elementor-element elementor-element-eac3e04 elementor-align-center elementor-icon-list--layout-traditional elementor-list-item-link-full_width elementor-widget elementor-widget-icon-list\" data-id=\"eac3e04\" data-element_type=\"widget\" data-e-type=\"widget\" data-widget_type=\"icon-list.default\">\n\t\t\t\t<div class=\"elementor-widget-container\">\n\t\t\t\t\t\t\t<ul class=\"elementor-icon-list-items\">\n\t\t\t\t\t\t\t<li class=\"elementor-icon-list-item\">\n\t\t\t\t\t\t\t\t\t\t\t<a href=\"https:\/\/skimarathon.ca\/fr\/defi-canadien-de-ski\/\">\n\n\t\t\t\t\t\t\t\t\t\t\t\t<span class=\"elementor-icon-list-icon\">\n\t\t\t\t\t\t\t<i aria-hidden=\"true\" class=\"fas fa-chevron-left\"><\/i>\t\t\t\t\t\t<\/span>\n\t\t\t\t\t\t\t\t\t\t<span class=\"elementor-icon-list-text\">D\u00e9fi canadien de ski<\/span>\n\t\t\t\t\t\t\t\t\t\t\t<\/a>\n\t\t\t\t\t\t\t\t\t<\/li>\n\t\t\t\t\t\t<\/ul>\n\t\t\t\t\t\t<\/div>\n\t\t\t\t<\/div>\n\t\t\t\t\t<\/div>\n\t\t<\/div>\n\t\t\t\t\t<\/div>\n\t\t<\/section>\n\t\t\t\t<section class=\"ob-is-breaking-bad elementor-section elementor-top-section elementor-element elementor-element-a98958a elementor-section-boxed elementor-section-height-default elementor-section-height-default\" data-id=\"a98958a\" data-element_type=\"section\" data-e-type=\"section\" data-settings=\"{&quot;_ob_bbad_use_it&quot;:&quot;yes&quot;,&quot;_ob_bbad_sssic_use&quot;:&quot;no&quot;}\">\n\t\t\t\t\t\t<div class=\"elementor-container elementor-column-gap-default\">\n\t\t\t\t\t<div class=\"elementor-column elementor-col-100 elementor-top-column elementor-element elementor-element-48d5fe0\" data-id=\"48d5fe0\" data-element_type=\"column\" data-e-type=\"column\" data-settings=\"{&quot;_ob_bbad_is_stalker&quot;:&quot;no&quot;}\">\n\t\t\t<div class=\"elementor-widget-wrap elementor-element-populated\">\n\t\t\t\t\t\t<div class=\"elementor-element elementor-element-2daa079 elementor-widget elementor-widget-text-editor\" data-id=\"2daa079\" data-element_type=\"widget\" data-e-type=\"widget\" data-widget_type=\"text-editor.default\">\n\t\t\t\t<div class=\"elementor-widget-container\">\n\t\t\t\t\t\t\t\t\t<p><strong>Cette liste est p\u00e9riodiquement mis \u00e0 jour manuellement par un b\u00e9n\u00e9vole. Il est possible qu\u2019elle ne soit pas \u00e0 jour \u2026 que vous soyez inscrit, mais que votre nom ne soit pas encore sur la liste. Soyez assur\u00e9 que notre \u00e9quipe travaille sans rel\u00e2che pour vous apporter le meilleur service possible. Pour vous aider \u00e0 trouver votre nom rapidement, utilisez la fonction Rechercher sur votre ordinateur (Ctrl-F sur un PC, Commande-F sur un Mac)<\/strong><\/p><p>Date de la derni\u00e8re mise \u00e0 jour: 31 jan 2026 13:00<\/p><p>Nombre total de skieurs: 88<\/p>\t\t\t\t\t\t\t\t<\/div>\n\t\t\t\t<\/div>\n\t\t\t\t<div class=\"elementor-element elementor-element-64a1c00 elementor-widget elementor-widget-html\" data-id=\"64a1c00\" data-element_type=\"widget\" data-e-type=\"widget\" data-widget_type=\"html.default\">\n\t\t\t\t<div class=\"elementor-widget-container\">\n\t\t\t\t\t\n<div class=\"html_dataTbale dataTables_wrapper no-footer\">\n<table id=\"tablepress-16\" class=\"tablepress tablepress-id-16 tablepress-responsive\">\n<thead>\n<tr class=\"row-1 odd\">\n\t<th class=\"column-1\">Nom<\/th><th class=\"column-2\">Ville, Province, Club<\/th><th class=\"column-3\"><\/th>\n<\/tr>\n<\/thead>\n<tbody>\n\n<tr><th>\tAdulte - Femmes\t<\/th><th>\tNo d'inscrits pour ce groupe:\t<\/th><th>\t20\t<\/th><\/tr>\n<tr><td>\tLucie Blouin\t<\/td><td>\tPeterborough, ON\t<\/td><td>\t\t<\/td><\/tr>\n<tr class=\"alt\"><td>\tNathalie Carter\t<\/td><td>\tBourget, ON\t<\/td><td>\t\t<\/td><\/tr>\n<tr><td>\tIngrid Currie\t<\/td><td>\tCanmore, AB\t<\/td><td>\t\t<\/td><\/tr>\n<tr class=\"alt\"><td>\tIsabelle Durette\t<\/td><td>\tQuebec, QC\t<\/td><td>\t\t<\/td><\/tr>\n<tr><td>\tSylvia Fendle\t<\/td><td>\tMorin-Heights, QC\t<\/td><td>\t\t<\/td><\/tr>\n<tr class=\"alt\"><td>\tChristiane Gauvin\t<\/td><td>\tMontreal, QC\t<\/td><td>\t\t<\/td><\/tr>\n<tr><td>\tRoxane Gray\t<\/td><td>\tSt-Lambert, QC\t<\/td><td>\t\t<\/td><\/tr>\n<tr class=\"alt\"><td>\tDiane Grosskopf\t<\/td><td>\tToronto, ON\t<\/td><td>\t\t<\/td><\/tr>\n<tr><td>\tJulie Henry\t<\/td><td>\tParis, ON\t<\/td><td>\t\t<\/td><\/tr>\n<tr class=\"alt\"><td>\tViolet Humphries\t<\/td><td>\tAlgonquin Highlands, ON\t<\/td><td>\t\t<\/td><\/tr>\n<tr><td>\tTina Koskelo\t<\/td><td>\tEagle Lake, ON\t<\/td><td>\t\t<\/td><\/tr>\n<tr class=\"alt\"><td>\tMarie Laforest\t<\/td><td>\tSt-Bruno de Montarville, QC\t<\/td><td>\t\t<\/td><\/tr>\n<tr><td>\tBeth MacLeod\t<\/td><td>\tOttawa, ON\t<\/td><td>\t\t<\/td><\/tr>\n<tr class=\"alt\"><td>\tRebecca McWatters\t<\/td><td>\tKingston, \t<\/td><td>\t\t<\/td><\/tr>\n<tr><td>\tMonika Montminy\t<\/td><td>\tStoneham et Tewkesbury, QC\t<\/td><td>\t\t<\/td><\/tr>\n<tr class=\"alt\"><td>\tLilian Moreno-Castelan\t<\/td><td>\tSaint-Hyacinthe, QC\t<\/td><td>\t\t<\/td><\/tr>\n<tr><td>\tCarol Poland\t<\/td><td>\tCanmore, AB\t<\/td><td>\t\t<\/td><\/tr>\n<tr class=\"alt\"><td>\tHeather Snyder\t<\/td><td>\tThornton, ON\t<\/td><td>\t\t<\/td><\/tr>\n<tr><td>\tJoleen Thomas\t<\/td><td>\tAlgonquin Highlands, ON\t<\/td><td>\t\t<\/td><\/tr>\n<tr class=\"alt\"><td>\tJanet Thompson\t<\/td><td>\tWoodstock, ON\t<\/td><td>\t\t<\/td><\/tr>\n<tr><th>\tAdulte - Hommes\t<\/th><th>\tNo d'inscrits pour ce groupe:\t<\/th><th>\t25\t<\/th><\/tr>\n<tr><td>\tTobie Adam\t<\/td><td>\tLochaber, QC\t<\/td><td>\t\t<\/td><\/tr>\n<tr class=\"alt\"><td>\tFrancois Bernatchez\t<\/td><td>\tSherbrooke, QC\t<\/td><td>\t\t<\/td><\/tr>\n<tr><td>\tMichael Bingham\t<\/td><td>\tAlmonte, ON\t<\/td><td>\t\t<\/td><\/tr>\n<tr class=\"alt\"><td>\tPaul Black\t<\/td><td>\tSouth Hobart, \t<\/td><td>\t\t<\/td><\/tr>\n<tr><td>\tMarc A Fontaine\t<\/td><td>\tOrford, QC\t<\/td><td>\t\t<\/td><\/tr>\n<tr class=\"alt\"><td>\tThomas Gervais\t<\/td><td>\tMontr\u00e9al, QC\t<\/td><td>\t\t<\/td><\/tr>\n<tr><td>\tAdrian Ghenadenik\t<\/td><td>\tPierrefonds, QC\t<\/td><td>\t\t<\/td><\/tr>\n<tr class=\"alt\"><td>\tWill Gregg\t<\/td><td>\tMilton, MA\t<\/td><td>\t\t<\/td><\/tr>\n<tr><td>\tPaul Gross\t<\/td><td>\tNorwich, VT\t<\/td><td>\t\t<\/td><\/tr>\n<tr class=\"alt\"><td>\tDaniel Gurouard\t<\/td><td>\tMagog, QC\t<\/td><td>\t\t<\/td><\/tr>\n<tr><td>\tRoss Hansen\t<\/td><td>\tLondon, ON\t<\/td><td>\t\t<\/td><\/tr>\n<tr class=\"alt\"><td>\tCraig Johnston\t<\/td><td>\tToronto, ON\t<\/td><td>\t\t<\/td><\/tr>\n<tr><td>\tPierre Lortie\t<\/td><td>\tQu\u00e9bec, QC\t<\/td><td>\t\t<\/td><\/tr>\n<tr class=\"alt\"><td>\tJohan Mets\t<\/td><td>\tKingston, \t<\/td><td>\t\t<\/td><\/tr>\n<tr><td>\tIvan Morales-Paredes\t<\/td><td>\tSaint-Hyacinthe, QC\t<\/td><td>\t\t<\/td><\/tr>\n<tr class=\"alt\"><td>\tSebastien Paradis\t<\/td><td>\tMontr\u00e9al, QC\t<\/td><td>\t\t<\/td><\/tr>\n<tr><td>\tTim Popp\t<\/td><td>\tBattleford, Saskatchewan\t<\/td><td>\t\t<\/td><\/tr>\n<tr class=\"alt\"><td>\tTim Spedding\t<\/td><td>\tMargate, \t<\/td><td>\t\t<\/td><\/tr>\n<tr><td>\tRavi Srinivasan\t<\/td><td>\tMontclair, NJ\t<\/td><td>\t\t<\/td><\/tr>\n<tr class=\"alt\"><td>\tNicholas Tann\t<\/td><td>\tOttawa, ON\t<\/td><td>\t\t<\/td><\/tr>\n<tr><td>\tMark Tatigian\t<\/td><td>\tBeaconsfield, QC\t<\/td><td>\t\t<\/td><\/tr>\n<tr class=\"alt\"><td>\tChris Teron\t<\/td><td>\tKanata, ON\t<\/td><td>\t\t<\/td><\/tr>\n<tr><td>\tKen Trischuk\t<\/td><td>\tOttawa, ON\t<\/td><td>\t\t<\/td><\/tr>\n<tr class=\"alt\"><td>\tMartin Turcot\t<\/td><td>\tSt-Andr\u00e9-Avellin, QC\t<\/td><td>\t\t<\/td><\/tr>\n<tr><td>\tRobert Yalden\t<\/td><td>\tOutremont, QC\t<\/td><td>\t\t<\/td><\/tr>\n<tr><th>\t Enfants - Femmes\t<\/th><th>\tNo d'inscrits pour ce groupe:\t<\/th><th>\t24\t<\/th><\/tr>\n<tr><td>\tJeanne Adam\t<\/td><td>\tLochaber, QC\t<\/td><td>\t\t<\/td><\/tr>\n<tr class=\"alt\"><td>\tFlavie Adam\t<\/td><td>\tLochaber, QC\t<\/td><td>\t\t<\/td><\/tr>\n<tr><td>\tB\u00e9atrice Beauchamp St-Denis\t<\/td><td>\tSt-Andr\u00e9-Avellin, QC\t<\/td><td>\t\t<\/td><\/tr>\n<tr class=\"alt\"><td>\tCharlotte Beauchamp St-Denis\t<\/td><td>\tSt-Andr\u00e9-Avellin, QC\t<\/td><td>\t\t<\/td><\/tr>\n<tr><td>\tFiona Cheney\t<\/td><td>\tOttawa, ON\t<\/td><td>\t\t<\/td><\/tr>\n<tr class=\"alt\"><td>\t\u00c9lodie Crompton-L\u00e9vesque\t<\/td><td>\tOttawa, ON\t<\/td><td>\t\t<\/td><\/tr>\n<tr><td>\tEowyn Folber\t<\/td><td>\tPembroke, ON\t<\/td><td>\t\t<\/td><\/tr>\n<tr class=\"alt\"><td>\tMarie Elena Gauthier\t<\/td><td>\tGatineau, QC\t<\/td><td>\t\t<\/td><\/tr>\n<tr><td>\tFlavie Gervais\t<\/td><td>\tMontr\u00e9al, QC\t<\/td><td>\t\t<\/td><\/tr>\n<tr class=\"alt\"><td>\tZara Houlden\t<\/td><td>\tCollingwood, ON\t<\/td><td>\t\t<\/td><\/tr>\n<tr><td>\tTeya Houlden\t<\/td><td>\tCollingwood, ON\t<\/td><td>\t\t<\/td><\/tr>\n<tr class=\"alt\"><td>\tKian Houlden\t<\/td><td>\tCollingwood, ON\t<\/td><td>\t\t<\/td><\/tr>\n<tr><td>\tNaomi Lau\t<\/td><td>\tToronto, ON\t<\/td><td>\t\t<\/td><\/tr>\n<tr class=\"alt\"><td>\tMaya Lee\t<\/td><td>\tToronto, ON\t<\/td><td>\t\t<\/td><\/tr>\n<tr><td>\tEliana Lemaire\t<\/td><td>\tLa Malbaie, QC\t<\/td><td>\t\t<\/td><\/tr>\n<tr class=\"alt\"><td>\tAbigaelle Lemaire\t<\/td><td>\tLa Malbaie, QC\t<\/td><td>\t\t<\/td><\/tr>\n<tr><td>\tAbigaelle Lemaire\t<\/td><td>\tLa Malbaie, QC\t<\/td><td>\t\t<\/td><\/tr>\n<tr class=\"alt\"><td>\tElise Leverette\t<\/td><td>\tBurlington, ON\t<\/td><td>\t\t<\/td><\/tr>\n<tr><td>\tRose Masse\t<\/td><td>\tMontr\u00e9al, QC\t<\/td><td>\t\t<\/td><\/tr>\n<tr class=\"alt\"><td>\tAlice Masse\t<\/td><td>\tMontr\u00e9al, QC\t<\/td><td>\t\t<\/td><\/tr>\n<tr><td>\tKathryn McLaren\t<\/td><td>\tParis, ON\t<\/td><td>\t\t<\/td><\/tr>\n<tr class=\"alt\"><td>\tRowan McLaren\t<\/td><td>\tParis, ON\t<\/td><td>\t\t<\/td><\/tr>\n<tr><td>\tClaire Tomas\t<\/td><td>\tCollingwood, ON\t<\/td><td>\t\t<\/td><\/tr>\n<tr class=\"alt\"><td>\tAlice Tomas\t<\/td><td>\tCollingwood, ON\t<\/td><td>\t\t<\/td><\/tr>\n<tr><th>\t Enfants - Hommes\t<\/th><th>\tNo d'inscrits pour ce groupe:\t<\/th><th>\t19\t<\/th><\/tr>\n<tr><td>\tEli Baydoum\t<\/td><td>\tQuebec, QC\t<\/td><td>\t\t<\/td><\/tr>\n<tr class=\"alt\"><td>\tGraham Bingham\t<\/td><td>\tAlmonte, ON\t<\/td><td>\t\t<\/td><\/tr>\n<tr><td>\tOscar Creskey\t<\/td><td>\tOttawa, ON\t<\/td><td>\t\t<\/td><\/tr>\n<tr class=\"alt\"><td>\t\u00c9mile Crompton-L\u00e9vesque\t<\/td><td>\tOttawa, ON\t<\/td><td>\t\t<\/td><\/tr>\n<tr><td>\tJules Dubuc\t<\/td><td>\tVal-David, QC\t<\/td><td>\t\t<\/td><\/tr>\n<tr class=\"alt\"><td>\tAlexis Dubuc\t<\/td><td>\tVal-David, QC\t<\/td><td>\t\t<\/td><\/tr>\n<tr><td>\t\u00c9douard Gauthier\t<\/td><td>\tGatineau, QC\t<\/td><td>\t\t<\/td><\/tr>\n<tr class=\"alt\"><td>\tGa\u00ebl Gervais\t<\/td><td>\tMontr\u00e9al, QC\t<\/td><td>\t\t<\/td><\/tr>\n<tr><td>\tJames Hunt\t<\/td><td>\tOttawa, ON\t<\/td><td>\t\t<\/td><\/tr>\n<tr class=\"alt\"><td>\tColin Labont\u00e9\t<\/td><td>\tVal-David, QC\t<\/td><td>\t\t<\/td><\/tr>\n<tr><td>\tGabriel Lemaire\t<\/td><td>\tLa Malbaie, QC\t<\/td><td>\t\t<\/td><\/tr>\n<tr class=\"alt\"><td>\tCaleb Lemaire\t<\/td><td>\tLa Malbaie, QC\t<\/td><td>\t\t<\/td><\/tr>\n<tr><td>\tL\u00e9o Lemeunier\t<\/td><td>\tLa Malbaie, QC\t<\/td><td>\t\t<\/td><\/tr>\n<tr class=\"alt\"><td>\tLucas Lemeunier\t<\/td><td>\tLa Malbaie, QC\t<\/td><td>\t\t<\/td><\/tr>\n<tr><td>\tNathan Leverette\t<\/td><td>\tBurlington, ON\t<\/td><td>\t\t<\/td><\/tr>\n<tr class=\"alt\"><td>\tVincent Masse\t<\/td><td>\tMontr\u00e9al, QC\t<\/td><td>\t\t<\/td><\/tr>\n<tr><td>\tMonty Tann\t<\/td><td>\tOttawa, ON\t<\/td><td>\t\t<\/td><\/tr>\n<tr class=\"alt\"><td>\tClark Waggott\t<\/td><td>\tThornbury, ON\t<\/td><td>\t\t<\/td><\/tr>\n<tr><td>\tSamson Waggott\t<\/td><td>\tThornbury, ON\t<\/td><td>\t\t<\/td><\/tr>\n\n\n<\/tbody>\n<\/table>\n<\/div>\t\t\t\t<\/div>\n\t\t\t\t<\/div>\n\t\t\t\t\t<\/div>\n\t\t<\/div>\n\t\t\t\t\t<\/div>\n\t\t<\/section>\n\t\t\t\t<section class=\"ob-is-breaking-bad elementor-section elementor-top-section elementor-element elementor-element-9e758c5 elementor-section-height-min-height elementor-section-boxed elementor-section-height-default elementor-section-items-middle\" data-id=\"9e758c5\" data-element_type=\"section\" data-e-type=\"section\" data-settings=\"{&quot;background_background&quot;:&quot;classic&quot;,&quot;_ob_bbad_use_it&quot;:&quot;yes&quot;,&quot;_ob_bbad_sssic_use&quot;:&quot;no&quot;}\">\n\t\t\t\t\t\t<div class=\"elementor-container elementor-column-gap-default\">\n\t\t\t\t\t<div class=\"elementor-column elementor-col-100 elementor-top-column elementor-element elementor-element-be00bb8\" data-id=\"be00bb8\" data-element_type=\"column\" data-e-type=\"column\" data-settings=\"{&quot;_ob_bbad_is_stalker&quot;:&quot;no&quot;}\">\n\t\t\t<div class=\"elementor-widget-wrap\">\n\t\t\t\t\t\t\t<\/div>\n\t\t<\/div>\n\t\t\t\t\t<\/div>\n\t\t<\/section>\n\t\t\t\t<\/div>\n\t\t","protected":false},"excerpt":{"rendered":"<p>D\u00e9fi canadien de ski Cette liste est p\u00e9riodiquement mis \u00e0 jour manuellement par un b\u00e9n\u00e9vole. Il est possible qu\u2019elle ne soit pas \u00e0 jour \u2026 que vous soyez inscrit, mais que votre nom ne soit pas encore sur la liste. Soyez assur\u00e9 que notre \u00e9quipe travaille sans rel\u00e2che pour vous apporter le meilleur service possible. [&hellip;]<\/p>\n","protected":false},"author":1,"featured_media":0,"parent":0,"menu_order":0,"comment_status":"closed","ping_status":"closed","template":"elementor_header_footer","meta":{"_seopress_robots_primary_cat":"","_seopress_titles_title":"","_seopress_titles_desc":"","_seopress_robots_index":"","inline_featured_image":false,"footnotes":""},"class_list":["post-4934","page","type-page","status-publish","hentry"],"_links":{"self":[{"href":"https:\/\/skimarathon.ca\/fr\/wp-json\/wp\/v2\/pages\/4934","targetHints":{"allow":["GET"]}}],"collection":[{"href":"https:\/\/skimarathon.ca\/fr\/wp-json\/wp\/v2\/pages"}],"about":[{"href":"https:\/\/skimarathon.ca\/fr\/wp-json\/wp\/v2\/types\/page"}],"author":[{"embeddable":true,"href":"https:\/\/skimarathon.ca\/fr\/wp-json\/wp\/v2\/users\/1"}],"replies":[{"embeddable":true,"href":"https:\/\/skimarathon.ca\/fr\/wp-json\/wp\/v2\/comments?post=4934"}],"version-history":[{"count":123,"href":"https:\/\/skimarathon.ca\/fr\/wp-json\/wp\/v2\/pages\/4934\/revisions"}],"predecessor-version":[{"id":16583,"href":"https:\/\/skimarathon.ca\/fr\/wp-json\/wp\/v2\/pages\/4934\/revisions\/16583"}],"wp:attachment":[{"href":"https:\/\/skimarathon.ca\/fr\/wp-json\/wp\/v2\/media?parent=4934"}],"curies":[{"name":"wp","href":"https:\/\/api.w.org\/{rel}","templated":true}]}}