{"id":4828,"date":"2022-12-21T08:26:29","date_gmt":"2022-12-21T13:26:29","guid":{"rendered":"https:\/\/skimarathon.ca\/?page_id=4828"},"modified":"2024-01-14T12:29:47","modified_gmt":"2024-01-14T17:29:47","slug":"ambassadeur-ices","status":"publish","type":"page","link":"https:\/\/skimarathon.ca\/fr\/ambassadeur-ices\/","title":{"rendered":"Ambassadeur.ices"},"content":{"rendered":"\t\t<div data-elementor-type=\"wp-page\" data-elementor-id=\"4828\" class=\"elementor elementor-4828 elementor-3763\" data-elementor-settings=\"{&quot;ha_cmc_init_switcher&quot;:&quot;no&quot;}\" data-elementor-post-type=\"page\">\n\t\t\t\t\t\t<section class=\"ob-is-breaking-bad elementor-section elementor-top-section elementor-element elementor-element-b962f93 elementor-section-height-min-height elementor-section-boxed elementor-section-height-default elementor-section-items-middle\" data-id=\"b962f93\" data-element_type=\"section\" data-e-type=\"section\" data-settings=\"{&quot;background_background&quot;:&quot;classic&quot;,&quot;_ob_bbad_use_it&quot;:&quot;yes&quot;,&quot;_ob_bbad_sssic_use&quot;:&quot;no&quot;}\">\n\t\t\t\t\t\t<div class=\"elementor-container elementor-column-gap-default\">\n\t\t\t\t\t<div class=\"elementor-column elementor-col-100 elementor-top-column elementor-element elementor-element-33d7007\" data-id=\"33d7007\" data-element_type=\"column\" data-e-type=\"column\" data-settings=\"{&quot;_ob_bbad_is_stalker&quot;:&quot;no&quot;}\">\n\t\t\t<div class=\"elementor-widget-wrap elementor-element-populated\">\n\t\t\t\t\t\t<div class=\"elementor-element elementor-element-1b73fd2 elementor-widget elementor-widget-heading\" data-id=\"1b73fd2\" data-element_type=\"widget\" data-e-type=\"widget\" data-widget_type=\"heading.default\">\n\t\t\t\t<div class=\"elementor-widget-container\">\n\t\t\t\t\t<h2 class=\"elementor-heading-title elementor-size-default\">Ambassadeurs<\/h2>\t\t\t\t<\/div>\n\t\t\t\t<\/div>\n\t\t\t\t\t<\/div>\n\t\t<\/div>\n\t\t\t\t\t<\/div>\n\t\t<\/section>\n\t\t\t\t<section class=\"ob-is-breaking-bad elementor-section elementor-top-section elementor-element elementor-element-7a0b1a9 elementor-section-boxed elementor-section-height-default elementor-section-height-default\" data-id=\"7a0b1a9\" data-element_type=\"section\" data-e-type=\"section\" data-settings=\"{&quot;_ob_bbad_use_it&quot;:&quot;yes&quot;,&quot;_ob_bbad_sssic_use&quot;:&quot;no&quot;}\">\n\t\t\t\t\t\t<div class=\"elementor-container elementor-column-gap-default\">\n\t\t\t\t\t<div class=\"elementor-column elementor-col-100 elementor-top-column elementor-element elementor-element-73aceee\" data-id=\"73aceee\" data-element_type=\"column\" data-e-type=\"column\" data-settings=\"{&quot;_ob_bbad_is_stalker&quot;:&quot;no&quot;}\">\n\t\t\t<div class=\"elementor-widget-wrap elementor-element-populated\">\n\t\t\t\t\t\t<div class=\"elementor-element elementor-element-18dcf69 elementor-widget elementor-widget-text-editor\" data-id=\"18dcf69\" data-element_type=\"widget\" data-e-type=\"widget\" data-widget_type=\"text-editor.default\">\n\t\t\t\t<div class=\"elementor-widget-container\">\n\t\t\t\t\t\t\t\t\t<p>Notre groupe d&rsquo;ambassadeurs.ices a des repr\u00e9sentants \u00e0 travers l&rsquo;Am\u00e9rique du Nord au Canada et aux \u00c9tats-Unis. Ces ambassadeurs.ices sont tous d&rsquo;ancien(ne)s participant(e)s au marathon et sont tenus au courant des d\u00e9tails sur les diff\u00e9rentes initiatives et des nouvelles du marathon de ski.<\/p><p>Si vous souhaitez entrer en contact avec un ambassadeur.ice dans votre r\u00e9gion, ou ailleurs, consultez la liste des ambassadeurs.ices ci-dessous. Vous pouvez contacter un ambassadeur.ice \u00e0 tout moment !<\/p>\t\t\t\t\t\t\t\t<\/div>\n\t\t\t\t<\/div>\n\t\t\t\t<div class=\"elementor-element elementor-element-4465d69 elementor-widget elementor-widget-shortcode\" data-id=\"4465d69\" data-element_type=\"widget\" data-e-type=\"widget\" id=\"custom_data_table\" data-widget_type=\"shortcode.default\">\n\t\t\t\t<div class=\"elementor-widget-container\">\n\t\t\t\t\t\t\t<div class=\"elementor-shortcode\">\n<table id=\"tablepress-12\" class=\"tablepress tablepress-id-12 tablepress-responsive\">\n<thead>\n<tr class=\"row-1\">\n\t<th class=\"column-1\">Nom\/ Name<\/th><th class=\"column-2\">R\u00e9gion\/ Region<\/th><th class=\"column-3\">Cat\u00e9gorie\/ Category<\/th><th class=\"column-4\">Courriel\/ Email<\/th><th class=\"column-5\">Langue\/ Language<\/th><td class=\"column-6\"><\/td>\n<\/tr>\n<\/thead>\n<tbody class=\"row-striping row-hover\">\n<tr class=\"row-2\">\n\t<td class=\"column-1\">Alain<\/td><td class=\"column-2\">Laval<\/td><td class=\"column-3\">Demi-Marathon\/ Half-Marathon<\/td><td class=\"column-4\">alaingiguere256@gmail.com<\/td><td class=\"column-5\">Fran\u00e7ais<\/td><td class=\"column-6\">Il\/ He\/ Him<\/td>\n<\/tr>\n<tr class=\"row-3\">\n\t<td class=\"column-1\">Arne Moore <\/td><td class=\"column-2\">Revelstoke<\/td><td class=\"column-3\">Coureur des Bois<\/td><td class=\"column-4\">arne.anne@gmail.com<\/td><td class=\"column-5\">English<\/td><td class=\"column-6\">Il\/ He\/ Him<\/td>\n<\/tr>\n<tr class=\"row-4\">\n\t<td class=\"column-1\">Charlie Cournoyer<\/td><td class=\"column-2\">Laurentides<\/td><td class=\"column-3\">Coureur des Bois<\/td><td class=\"column-4\">cournoyer.runner@outlook.fr<\/td><td class=\"column-5\">Fran\u00e7ais<\/td><td class=\"column-6\">Elle\/ She\/ Her<\/td>\n<\/tr>\n<tr class=\"row-5\">\n\t<td class=\"column-1\">Crystal D<\/td><td class=\"column-2\">Mauricie<\/td><td class=\"column-3\">Coureur des Bois<\/td><td class=\"column-4\">Crystal_des@hotmail.com<\/td><td class=\"column-5\">Fran\u00e7ais<\/td><td class=\"column-6\">Elle\/ She\/ Her<\/td>\n<\/tr>\n<tr class=\"row-6\">\n\t<td class=\"column-1\">Doug Pham<\/td><td class=\"column-2\">Ottawa<\/td><td class=\"column-3\">Demi-Marathon\/ Half-Marathon<\/td><td class=\"column-4\">drdpham@gmail.com<\/td><td class=\"column-5\">Fran\u00e7ais et\/ and English<\/td><td class=\"column-6\">Il\/ He\/ Him<\/td>\n<\/tr>\n<tr class=\"row-7\">\n\t<td class=\"column-1\">Eric<\/td><td class=\"column-2\">Estrie<\/td><td class=\"column-3\">Coureur des Bois<\/td><td class=\"column-4\">ireallylovewinter@hotmail.com<\/td><td class=\"column-5\">Fran\u00e7ais et\/ and English<\/td><td class=\"column-6\">Il\/ He\/ Him<\/td>\n<\/tr>\n<tr class=\"row-8\">\n\t<td class=\"column-1\">Glenn Cowan<\/td><td class=\"column-2\">Montreal<\/td><td class=\"column-3\">Coureur des Bois<\/td><td class=\"column-4\">gerc1975@yahoo.com<\/td><td class=\"column-5\">English<\/td><td class=\"column-6\">Il\/ He\/ Him<\/td>\n<\/tr>\n<tr class=\"row-9\">\n\t<td class=\"column-1\">Greg<\/td><td class=\"column-2\">Central New York State, USA<\/td><td class=\"column-3\">Randonneur\/ Tourer<\/td><td class=\"column-4\">gaw5@cornell.edu<\/td><td class=\"column-5\">English<\/td><td class=\"column-6\">Il\/ He\/ Him<\/td>\n<\/tr>\n<tr class=\"row-10\">\n\t<td class=\"column-1\">H Snyder<\/td><td class=\"column-2\">Barrie<\/td><td class=\"column-3\">Randonneut\/ Tourer<\/td><td class=\"column-4\">hdsnyder2@gmail.com<\/td><td class=\"column-5\">English<\/td><td class=\"column-6\">Elle\/ She\/ Her<\/td>\n<\/tr>\n<tr class=\"row-11\">\n\t<td class=\"column-1\">Jacob Hands<\/td><td class=\"column-2\">Southern Ontario<\/td><td class=\"column-3\">Coureur des Bois<\/td><td class=\"column-4\">jacob_hands@hotmail.com<\/td><td class=\"column-5\">English<\/td><td class=\"column-6\">Il\/ He\/ Him<\/td>\n<\/tr>\n<tr class=\"row-12\">\n\t<td class=\"column-1\">Joleen Thomas<\/td><td class=\"column-2\">Haliburton Nordic<\/td><td class=\"column-3\">Coureur des Bois<\/td><td class=\"column-4\">Joleenthomas@gmail.com<\/td><td class=\"column-5\">English<\/td><td class=\"column-6\">Elle\/ She\/ Her<\/td>\n<\/tr>\n<tr class=\"row-13\">\n\t<td class=\"column-1\">Kelly Wallace<\/td><td class=\"column-2\">North Bay<\/td><td class=\"column-3\">Randonneur\/ Tourer and CdB<\/td><td class=\"column-4\">info@wallacehealth.com<\/td><td class=\"column-5\">English<\/td><td class=\"column-6\">Elle\/ She\/ Her<\/td>\n<\/tr>\n<tr class=\"row-14\">\n\t<td class=\"column-1\">M. Blais<\/td><td class=\"column-2\">Qu\u00e9bec<\/td><td class=\"column-3\">Randonneur\/ Tourer<\/td><td class=\"column-4\">sblaisfernandez@gmail.com<\/td><td class=\"column-5\">Fran\u00e7ais<\/td><td class=\"column-6\">Il\/ He\/ Him<\/td>\n<\/tr>\n<tr class=\"row-15\">\n\t<td class=\"column-1\">Mary Thompson<\/td><td class=\"column-2\">Gatineau<\/td><td class=\"column-3\">Coureur des Bois<\/td><td class=\"column-4\">methompson.xc@gmail.com<\/td><td class=\"column-5\">English<\/td><td class=\"column-6\">Elle\/ She\/ Her<\/td>\n<\/tr>\n<tr class=\"row-16\">\n\t<td class=\"column-1\">Morrie Manolson<\/td><td class=\"column-2\">Highlands Nordic, Ontario<\/td><td class=\"column-3\">Coureur des Bois<\/td><td class=\"column-4\">m.manolson@utoronto.ca<\/td><td class=\"column-5\">English<\/td><td class=\"column-6\">Il\/ He\/ Him<\/td>\n<\/tr>\n<tr class=\"row-17\">\n\t<td class=\"column-1\">Rick Mandahl<\/td><td class=\"column-2\">Salt Lake City, USA<\/td><td class=\"column-3\">Coureur des Bois<\/td><td class=\"column-4\">rmandahl@gmail.com<\/td><td class=\"column-5\">English<\/td><td class=\"column-6\">Il\/ He\/ Him<\/td>\n<\/tr>\n<tr class=\"row-18\">\n\t<td class=\"column-1\">Scott McGovern<\/td><td class=\"column-2\">Southern New Hampshire, USA<\/td><td class=\"column-3\">Coureur des Bois<\/td><td class=\"column-4\">scott.mcgovern17@gmail.com<\/td><td class=\"column-5\">English<\/td><td class=\"column-6\">Il\/ He\/ Him<\/td>\n<\/tr>\n<tr class=\"row-19\">\n\t<td class=\"column-1\">V\u00e9ronique Ouellet St-Denis<\/td><td class=\"column-2\">Petite-Nation<\/td><td class=\"column-3\">Randonneur\/ Tourer<\/td><td class=\"column-4\">verouellet@hotmail.com<\/td><td class=\"column-5\">Fran\u00e7ais<\/td><td class=\"column-6\">Elle\/ She\/ Her<\/td>\n<\/tr>\n<tr class=\"row-20\">\n\t<td class=\"column-1\">Jenn Banfield<\/td><td class=\"column-2\">SW Ontario<\/td><td class=\"column-3\"><\/td><td class=\"column-4\">banfieldjenn@gmail.com<\/td><td class=\"column-5\"><\/td><td class=\"column-6\"><\/td>\n<\/tr>\n<tr class=\"row-21\">\n\t<td class=\"column-1\">Rick Mandahl<\/td><td class=\"column-2\">Utah, US Rockies<\/td><td class=\"column-3\"><\/td><td class=\"column-4\">rmandahl@gmail.com<\/td><td class=\"column-5\"><\/td><td class=\"column-6\"><\/td>\n<\/tr>\n<tr class=\"row-22\">\n\t<td class=\"column-1\">Kelly Wallace<\/td><td class=\"column-2\">North Bay, Ontario<\/td><td class=\"column-3\"><\/td><td class=\"column-4\">info@wallacehealth.com<\/td><td class=\"column-5\"><\/td><td class=\"column-6\"><\/td>\n<\/tr>\n<tr class=\"row-23\">\n\t<td class=\"column-1\">Pierre Lortie<\/td><td class=\"column-2\">Qu\u00e9bec, Qc<\/td><td class=\"column-3\"><\/td><td class=\"column-4\">Pierre.lortie@sympatico.ca<\/td><td class=\"column-5\"><\/td><td class=\"column-6\"><\/td>\n<\/tr>\n<tr class=\"row-24\">\n\t<td class=\"column-1\">Joep Diening<\/td><td class=\"column-2\">North Simcoe<\/td><td class=\"column-3\"><\/td><td class=\"column-4\">jdiening@gmail.com<\/td><td class=\"column-5\"><\/td><td class=\"column-6\"><\/td>\n<\/tr>\n<tr class=\"row-25\">\n\t<td class=\"column-1\">Nicole Ross<\/td><td class=\"column-2\">Toronto<\/td><td class=\"column-3\"><\/td><td class=\"column-4\">nic.a.ross@gmail.com<\/td><td class=\"column-5\"><\/td><td class=\"column-6\"><\/td>\n<\/tr>\n<tr class=\"row-26\">\n\t<td class=\"column-1\">marc4smile<\/td><td class=\"column-2\">Estrie, Mauricie , Labrador<\/td><td class=\"column-3\"><\/td><td class=\"column-4\">marc4smile@hotmail.fr<\/td><td class=\"column-5\"><\/td><td class=\"column-6\"><\/td>\n<\/tr>\n<tr class=\"row-27\">\n\t<td class=\"column-1\">Tobie Adam<\/td><td class=\"column-2\">Outaouais (Petite-Nation)<\/td><td class=\"column-3\"><\/td><td class=\"column-4\">Tobieadam@gmail.com<\/td><td class=\"column-5\"><\/td><td class=\"column-6\"><\/td>\n<\/tr>\n<tr class=\"row-28\">\n\t<td class=\"column-1\">Jacob Hands<\/td><td class=\"column-2\">Southern Ontario (Hardwood Ski and Bike)<\/td><td class=\"column-3\"><\/td><td class=\"column-4\">jacob_hands@hotmail.com<\/td><td class=\"column-5\"><\/td><td class=\"column-6\"><\/td>\n<\/tr>\n<tr class=\"row-29\">\n\t<td class=\"column-1\">Jessica Singer<\/td><td class=\"column-2\">Montr\u00e9al<\/td><td class=\"column-3\"><\/td><td class=\"column-4\">singer.jessica94@gmail.com<\/td><td class=\"column-5\"><\/td><td class=\"column-6\"><\/td>\n<\/tr>\n<tr class=\"row-30\">\n\t<td class=\"column-1\">Eric<\/td><td class=\"column-2\">Estrie<\/td><td class=\"column-3\"><\/td><td class=\"column-4\">ireallylovewinter@hotmail.com<\/td><td class=\"column-5\"><\/td><td class=\"column-6\"><\/td>\n<\/tr>\n<tr class=\"row-31\">\n\t<td class=\"column-1\">Mary Thompson<\/td><td class=\"column-2\">Gatineau\/Ottawa<\/td><td class=\"column-3\"><\/td><td class=\"column-4\">methompson.xc@gmail.com<\/td><td class=\"column-5\"><\/td><td class=\"column-6\"><\/td>\n<\/tr>\n<tr class=\"row-32\">\n\t<td class=\"column-1\">Morrie<\/td><td class=\"column-2\">Southern Ontario<\/td><td class=\"column-3\"><\/td><td class=\"column-4\">m.manolson@utoronto.ca<\/td><td class=\"column-5\"><\/td><td class=\"column-6\"><\/td>\n<\/tr>\n<tr class=\"row-33\">\n\t<td class=\"column-1\">Fr\u00e9d\u00e9ric Dallaire<\/td><td class=\"column-2\">Laurentides<\/td><td class=\"column-3\"><\/td><td class=\"column-4\">dallairefre@hotmail.com<\/td><td class=\"column-5\"><\/td><td class=\"column-6\"><\/td>\n<\/tr>\n<tr class=\"row-34\">\n\t<td class=\"column-1\">Laurence<\/td><td class=\"column-2\">Shawinigan en Mauricie<\/td><td class=\"column-3\"><\/td><td class=\"column-4\">laurenceviry8@gmail.com<\/td><td class=\"column-5\"><\/td><td class=\"column-6\"><\/td>\n<\/tr>\n<tr class=\"row-35\">\n\t<td class=\"column-1\">Joleen Thomas<\/td><td class=\"column-2\">Haliburton Highlands (Nordic)<\/td><td class=\"column-3\"><\/td><td class=\"column-4\">joleenthomas@gmail.com<\/td><td class=\"column-5\"><\/td><td class=\"column-6\"><\/td>\n<\/tr>\n<tr class=\"row-36\">\n\t<td class=\"column-1\">Richard Turgeon<\/td><td class=\"column-2\">Gatineau<\/td><td class=\"column-3\"><\/td><td class=\"column-4\">richard.turgeon@skinouk.ca<\/td><td class=\"column-5\"><\/td><td class=\"column-6\"><\/td>\n<\/tr>\n<tr class=\"row-37\">\n\t<td class=\"column-1\">Glenn<\/td><td class=\"column-2\">Montreal- skiing at Viking Nordic<\/td><td class=\"column-3\"><\/td><td class=\"column-4\">gerc1975@yahoo.com<\/td><td class=\"column-5\"><\/td><td class=\"column-6\"><\/td>\n<\/tr>\n<\/tbody>\n<\/table>\n<!-- #tablepress-12 from cache --><\/div>\n\t\t\t\t\t\t<\/div>\n\t\t\t\t<\/div>\n\t\t\t\t<div class=\"elementor-element elementor-element-1d35399 elementor-widget elementor-widget-text-editor\" data-id=\"1d35399\" data-element_type=\"widget\" data-e-type=\"widget\" data-widget_type=\"text-editor.default\">\n\t\t\t\t<div class=\"elementor-widget-container\">\n\t\t\t\t\t\t\t\t\tInt\u00e9ress\u00e9 \u00e0 devenir ambassadeur.ice dans votre r\u00e9gion? Contactez-nous \u00e0 <a href=\"mailto:info@skimarathon.ca\">info@skimarathon.ca<\/a>.\t\t\t\t\t\t\t\t<\/div>\n\t\t\t\t<\/div>\n\t\t\t\t\t<\/div>\n\t\t<\/div>\n\t\t\t\t\t<\/div>\n\t\t<\/section>\n\t\t\t\t<section class=\"ob-is-breaking-bad elementor-section elementor-top-section elementor-element elementor-element-9e758c5 elementor-section-height-min-height elementor-section-boxed elementor-section-height-default elementor-section-items-middle\" data-id=\"9e758c5\" data-element_type=\"section\" data-e-type=\"section\" data-settings=\"{&quot;background_background&quot;:&quot;classic&quot;,&quot;_ob_bbad_use_it&quot;:&quot;yes&quot;,&quot;_ob_bbad_sssic_use&quot;:&quot;no&quot;}\">\n\t\t\t\t\t\t<div class=\"elementor-container elementor-column-gap-default\">\n\t\t\t\t\t<div class=\"elementor-column elementor-col-100 elementor-top-column elementor-element elementor-element-be00bb8\" data-id=\"be00bb8\" data-element_type=\"column\" data-e-type=\"column\" data-settings=\"{&quot;_ob_bbad_is_stalker&quot;:&quot;no&quot;}\">\n\t\t\t<div class=\"elementor-widget-wrap\">\n\t\t\t\t\t\t\t<\/div>\n\t\t<\/div>\n\t\t\t\t\t<\/div>\n\t\t<\/section>\n\t\t\t\t<\/div>\n\t\t","protected":false},"excerpt":{"rendered":"<p>Ambassadeurs Notre groupe d&rsquo;ambassadeurs.ices a des repr\u00e9sentants \u00e0 travers l&rsquo;Am\u00e9rique du Nord au Canada et aux \u00c9tats-Unis. Ces ambassadeurs.ices sont tous d&rsquo;ancien(ne)s participant(e)s au marathon et sont tenus au courant des d\u00e9tails sur les diff\u00e9rentes initiatives et des nouvelles du marathon de ski. Si vous souhaitez entrer en contact avec un ambassadeur.ice dans votre r\u00e9gion, [&hellip;]<\/p>\n","protected":false},"author":1,"featured_media":0,"parent":0,"menu_order":0,"comment_status":"closed","ping_status":"closed","template":"elementor_header_footer","meta":{"_seopress_robots_primary_cat":"","_seopress_titles_title":"","_seopress_titles_desc":"","_seopress_robots_index":"","inline_featured_image":false,"footnotes":""},"class_list":["post-4828","page","type-page","status-publish","hentry"],"_links":{"self":[{"href":"https:\/\/skimarathon.ca\/fr\/wp-json\/wp\/v2\/pages\/4828","targetHints":{"allow":["GET"]}}],"collection":[{"href":"https:\/\/skimarathon.ca\/fr\/wp-json\/wp\/v2\/pages"}],"about":[{"href":"https:\/\/skimarathon.ca\/fr\/wp-json\/wp\/v2\/types\/page"}],"author":[{"embeddable":true,"href":"https:\/\/skimarathon.ca\/fr\/wp-json\/wp\/v2\/users\/1"}],"replies":[{"embeddable":true,"href":"https:\/\/skimarathon.ca\/fr\/wp-json\/wp\/v2\/comments?post=4828"}],"version-history":[{"count":41,"href":"https:\/\/skimarathon.ca\/fr\/wp-json\/wp\/v2\/pages\/4828\/revisions"}],"predecessor-version":[{"id":8595,"href":"https:\/\/skimarathon.ca\/fr\/wp-json\/wp\/v2\/pages\/4828\/revisions\/8595"}],"wp:attachment":[{"href":"https:\/\/skimarathon.ca\/fr\/wp-json\/wp\/v2\/media?parent=4828"}],"curies":[{"name":"wp","href":"https:\/\/api.w.org\/{rel}","templated":true}]}}