{"id":2207,"date":"2022-11-23T13:04:51","date_gmt":"2022-11-23T18:04:51","guid":{"rendered":"https:\/\/skimarathon.ca\/?page_id=2207"},"modified":"2025-06-09T17:23:24","modified_gmt":"2025-06-09T21:23:24","slug":"mcs-jaccroche","status":"publish","type":"page","link":"https:\/\/skimarathon.ca\/fr\/mcs-jaccroche\/","title":{"rendered":"MCS J\u2019accroche!"},"content":{"rendered":"\t\t<div data-elementor-type=\"wp-page\" data-elementor-id=\"2207\" class=\"elementor elementor-2207\" data-elementor-settings=\"{&quot;ha_cmc_init_switcher&quot;:&quot;no&quot;}\" data-elementor-post-type=\"page\">\n\t\t\t\t\t\t<section class=\"ob-is-breaking-bad elementor-section elementor-top-section elementor-element elementor-element-bc2e1d2 elementor-section-height-min-height elementor-section-boxed elementor-section-height-default elementor-section-items-middle\" data-id=\"bc2e1d2\" data-element_type=\"section\" data-e-type=\"section\" data-settings=\"{&quot;background_background&quot;:&quot;classic&quot;,&quot;_ob_bbad_use_it&quot;:&quot;yes&quot;,&quot;_ob_bbad_sssic_use&quot;:&quot;no&quot;}\">\n\t\t\t\t\t\t<div class=\"elementor-container elementor-column-gap-default\">\n\t\t\t\t\t<div class=\"elementor-column elementor-col-100 elementor-top-column elementor-element elementor-element-8149884\" data-id=\"8149884\" data-element_type=\"column\" data-e-type=\"column\" data-settings=\"{&quot;_ob_bbad_is_stalker&quot;:&quot;no&quot;}\">\n\t\t\t<div class=\"elementor-widget-wrap elementor-element-populated\">\n\t\t\t\t\t\t<div class=\"elementor-element elementor-element-e363097 elementor-icon-list--layout-traditional elementor-list-item-link-full_width elementor-widget elementor-widget-icon-list\" data-id=\"e363097\" data-element_type=\"widget\" data-e-type=\"widget\" data-widget_type=\"icon-list.default\">\n\t\t\t\t<div class=\"elementor-widget-container\">\n\t\t\t\t\t\t\t<ul class=\"elementor-icon-list-items\">\n\t\t\t\t\t\t\t<li class=\"elementor-icon-list-item\">\n\t\t\t\t\t\t\t\t\t\t\t<a href=\"https:\/\/skimarathon.ca\/fr\/categories-dinscription\/\">\n\n\t\t\t\t\t\t\t\t\t\t\t\t<span class=\"elementor-icon-list-icon\">\n\t\t\t\t\t\t\t<i aria-hidden=\"true\" class=\"fas fa-chevron-left\"><\/i>\t\t\t\t\t\t<\/span>\n\t\t\t\t\t\t\t\t\t\t<span class=\"elementor-icon-list-text\">Cat\u00e9gories d\u2019inscription<\/span>\n\t\t\t\t\t\t\t\t\t\t\t<\/a>\n\t\t\t\t\t\t\t\t\t<\/li>\n\t\t\t\t\t\t<\/ul>\n\t\t\t\t\t\t<\/div>\n\t\t\t\t<\/div>\n\t\t\t\t\t<\/div>\n\t\t<\/div>\n\t\t\t\t\t<\/div>\n\t\t<\/section>\n\t\t\t\t<section class=\"ob-is-breaking-bad elementor-section elementor-top-section elementor-element elementor-element-6667578 elementor-section-boxed elementor-section-height-default elementor-section-height-default\" data-id=\"6667578\" data-element_type=\"section\" data-e-type=\"section\" data-settings=\"{&quot;_ob_bbad_use_it&quot;:&quot;yes&quot;,&quot;_ob_bbad_sssic_use&quot;:&quot;no&quot;}\">\n\t\t\t\t\t\t<div class=\"elementor-container elementor-column-gap-default\">\n\t\t\t\t\t<div class=\"elementor-column elementor-col-50 elementor-top-column elementor-element elementor-element-98c4524\" data-id=\"98c4524\" data-element_type=\"column\" data-e-type=\"column\" data-settings=\"{&quot;_ob_bbad_is_stalker&quot;:&quot;no&quot;}\">\n\t\t\t<div class=\"elementor-widget-wrap elementor-element-populated\">\n\t\t\t\t\t\t<div class=\"elementor-element elementor-element-fbe7b60 elementor-widget elementor-widget-heading\" data-id=\"fbe7b60\" data-element_type=\"widget\" data-e-type=\"widget\" data-widget_type=\"heading.default\">\n\t\t\t\t<div class=\"elementor-widget-container\">\n\t\t\t\t\t<h2 class=\"elementor-heading-title elementor-size-default\">MCS J\u2019accroche! <\/h2>\t\t\t\t<\/div>\n\t\t\t\t<\/div>\n\t\t\t\t<div class=\"elementor-element elementor-element-8ed6ebd elementor-widget elementor-widget-text-editor\" data-id=\"8ed6ebd\" data-element_type=\"widget\" data-e-type=\"widget\" data-widget_type=\"text-editor.default\">\n\t\t\t\t<div class=\"elementor-widget-container\">\n\t\t\t\t\t\t\t\t\t<p><span style=\"font-weight: 400;\">La cat\u00e9gorie MCS \u2013 J\u2019accroche! est id\u00e9ale pour les nouveaux participants au MCS avant de vous y \u201caccrocher\u201d pour plusieurs ann\u00e9es \u00e0 venir!. Cette cat\u00e9gorie vous permet de skier une section plus courte que dans la formule Randonneur 1 traditionnelle. La piste con\u00e7ue pour cette cat\u00e9gorie comprend moins de difficult\u00e9s technique et sera diff\u00e9rente le samedi et le dimanche.\u00a0<\/span><\/p><p><span style=\"font-weight: 400;\">Elle vous donne acc\u00e8s \u00e0 notre piste unique, ouverte qu\u2019une seule fois dans l\u2019ann\u00e9e sp\u00e9cialement pour le MCS!<\/span><\/p><p><span style=\"font-weight: 400;\">Le MCS \u2013 J\u2019accroche! est l\u2019occasion parfaite pour partager des moments pr\u00e9cieux entre amis ou en famille sur les sentiers pittoresques du MCS.<\/span><\/p>\t\t\t\t\t\t\t\t<\/div>\n\t\t\t\t<\/div>\n\t\t\t\t\t<\/div>\n\t\t<\/div>\n\t\t\t\t<div class=\"elementor-column elementor-col-50 elementor-top-column elementor-element elementor-element-7418920\" data-id=\"7418920\" data-element_type=\"column\" data-e-type=\"column\" data-settings=\"{&quot;_ob_bbad_is_stalker&quot;:&quot;no&quot;}\">\n\t\t\t<div class=\"elementor-widget-wrap elementor-element-populated\">\n\t\t\t\t\t\t<div class=\"elementor-element elementor-element-55c0755 elementor-widget elementor-widget-image\" data-id=\"55c0755\" data-element_type=\"widget\" data-e-type=\"widget\" data-widget_type=\"image.default\">\n\t\t\t\t<div class=\"elementor-widget-container\">\n\t\t\t\t\t\t\t\t\t\t\t\t\t\t\t<img fetchpriority=\"high\" decoding=\"async\" width=\"597\" height=\"752\" src=\"https:\/\/skimarathon.ca\/wp-content\/uploads\/2022\/11\/Ski-marathon-mcs.jpg\" class=\"attachment-large size-large wp-image-2212\" alt=\"\" srcset=\"https:\/\/skimarathon.ca\/wp-content\/uploads\/2022\/11\/Ski-marathon-mcs.jpg 597w, https:\/\/skimarathon.ca\/wp-content\/uploads\/2022\/11\/Ski-marathon-mcs-238x300.jpg 238w\" sizes=\"(max-width: 597px) 100vw, 597px\" \/>\t\t\t\t\t\t\t\t\t\t\t\t\t\t\t<\/div>\n\t\t\t\t<\/div>\n\t\t\t\t\t<\/div>\n\t\t<\/div>\n\t\t\t\t\t<\/div>\n\t\t<\/section>\n\t\t\t\t<section class=\"ob-is-breaking-bad elementor-section elementor-top-section elementor-element elementor-element-0e61bef elementor-section-boxed elementor-section-height-default elementor-section-height-default\" data-id=\"0e61bef\" data-element_type=\"section\" data-e-type=\"section\" data-settings=\"{&quot;_ob_bbad_use_it&quot;:&quot;yes&quot;,&quot;_ob_bbad_sssic_use&quot;:&quot;no&quot;}\">\n\t\t\t\t\t\t<div class=\"elementor-container elementor-column-gap-default\">\n\t\t\t\t\t<div class=\"elementor-column elementor-col-100 elementor-top-column elementor-element elementor-element-17f4c1e\" data-id=\"17f4c1e\" data-element_type=\"column\" data-e-type=\"column\" data-settings=\"{&quot;_ob_bbad_is_stalker&quot;:&quot;no&quot;}\">\n\t\t\t<div class=\"elementor-widget-wrap elementor-element-populated\">\n\t\t\t\t\t\t<div class=\"elementor-element elementor-element-fd11c1e elementor-widget elementor-widget-shortcode\" data-id=\"fd11c1e\" data-element_type=\"widget\" data-e-type=\"widget\" data-widget_type=\"shortcode.default\">\n\t\t\t\t<div class=\"elementor-widget-container\">\n\t\t\t\t\t\t\t<div class=\"elementor-shortcode\">\n<table id=\"tablepress-39\" class=\"tablepress tablepress-id-39 tablepress-responsive\">\n<thead>\n<tr class=\"row-1\">\n\t<th class=\"column-1\">MCS J'accroche Frais<\/th><th colspan=\"5\" class=\"column-2\">R\u00e9duction<\/th>\n<\/tr>\n<\/thead>\n<tbody class=\"row-striping row-hover\">\n<tr class=\"row-2\">\n\t<td class=\"column-1\"><\/td><td class=\"column-2\">200 premiers inscrits 15%<\/td><td class=\"column-3\">200 suivant 10%<\/td><td class=\"column-4\">200 suivant 5%<\/td><td class=\"column-5\">Jusqu'\u00e0 fev. 1<\/td><td class=\"column-6\">fev. 2-5<\/td>\n<\/tr>\n<tr class=\"row-3\">\n\t<td class=\"column-1\">MCS J'accroche<\/td><td class=\"column-2\">$105<\/td><td class=\"column-3\">$112<\/td><td class=\"column-4\">$118<\/td><td class=\"column-5\">$124<\/td><td class=\"column-6\">$136<\/td>\n<\/tr>\n<tr class=\"row-4\">\n\t<td class=\"column-1\">MCS J'accroche Junior (17-)<\/td><td class=\"column-2\">$61<\/td><td class=\"column-3\">$65<\/td><td class=\"column-4\">$68<\/td><td class=\"column-5\">$72<\/td><td class=\"column-6\">$79<\/td>\n<\/tr>\n<\/tbody>\n<\/table>\n<!-- #tablepress-39 from cache --><\/div>\n\t\t\t\t\t\t<\/div>\n\t\t\t\t<\/div>\n\t\t\t\t\t<\/div>\n\t\t<\/div>\n\t\t\t\t\t<\/div>\n\t\t<\/section>\n\t\t\t\t<section class=\"ob-is-breaking-bad elementor-section elementor-top-section elementor-element elementor-element-8e8d518 elementor-section-boxed elementor-section-height-default elementor-section-height-default\" data-id=\"8e8d518\" data-element_type=\"section\" data-e-type=\"section\" data-settings=\"{&quot;_ob_bbad_use_it&quot;:&quot;yes&quot;,&quot;_ob_bbad_sssic_use&quot;:&quot;no&quot;}\">\n\t\t\t\t\t\t<div class=\"elementor-container elementor-column-gap-default\">\n\t\t\t\t\t<div class=\"elementor-column elementor-col-33 elementor-top-column elementor-element elementor-element-3cfda5c\" data-id=\"3cfda5c\" data-element_type=\"column\" data-e-type=\"column\" data-settings=\"{&quot;background_background&quot;:&quot;classic&quot;,&quot;_ob_bbad_link&quot;:{&quot;url&quot;:&quot;https:\\\/\\\/skimarathon.ca\\\/fr\\\/randonneur\\\/&quot;,&quot;is_external&quot;:&quot;&quot;,&quot;nofollow&quot;:&quot;&quot;,&quot;custom_attributes&quot;:&quot;&quot;},&quot;_ob_bbad_is_stalker&quot;:&quot;no&quot;}\">\n\t\t\t<div class=\"elementor-widget-wrap elementor-element-populated\">\n\t\t\t\t\t\t<div class=\"elementor-element elementor-element-db5a44d elementor-widget__width-auto elementor-widget-tablet_extra__width-initial elementor-widget elementor-widget-image\" data-id=\"db5a44d\" data-element_type=\"widget\" data-e-type=\"widget\" data-widget_type=\"image.default\">\n\t\t\t\t<div class=\"elementor-widget-container\">\n\t\t\t\t\t\t\t\t\t\t\t\t\t\t\t<img decoding=\"async\" width=\"800\" height=\"808\" src=\"https:\/\/skimarathon.ca\/wp-content\/uploads\/2022\/11\/redonneur.svg\" class=\"attachment-large size-large wp-image-2058\" alt=\"\" \/>\t\t\t\t\t\t\t\t\t\t\t\t\t\t\t<\/div>\n\t\t\t\t<\/div>\n\t\t\t\t<div class=\"elementor-element elementor-element-be5ae0b elementor-widget__width-auto elementor-widget elementor-widget-heading\" data-id=\"be5ae0b\" data-element_type=\"widget\" data-e-type=\"widget\" data-widget_type=\"heading.default\">\n\t\t\t\t<div class=\"elementor-widget-container\">\n\t\t\t\t\t<h2 class=\"elementor-heading-title elementor-size-default\">Randonneur<\/h2>\t\t\t\t<\/div>\n\t\t\t\t<\/div>\n\t\t\t\t\t<\/div>\n\t\t<\/div>\n\t\t\t\t<div class=\"elementor-column elementor-col-33 elementor-top-column elementor-element elementor-element-359662a\" data-id=\"359662a\" data-element_type=\"column\" data-e-type=\"column\" data-settings=\"{&quot;background_background&quot;:&quot;classic&quot;,&quot;_ob_bbad_link&quot;:{&quot;url&quot;:&quot;https:\\\/\\\/skimarathon.ca\\\/fr\\\/demi-marathon\\\/&quot;,&quot;is_external&quot;:&quot;&quot;,&quot;nofollow&quot;:&quot;&quot;,&quot;custom_attributes&quot;:&quot;&quot;},&quot;_ob_bbad_is_stalker&quot;:&quot;no&quot;}\">\n\t\t\t<div class=\"elementor-widget-wrap elementor-element-populated\">\n\t\t\t\t\t\t<div class=\"elementor-element elementor-element-738273f elementor-widget__width-auto elementor-widget-tablet_extra__width-initial elementor-widget elementor-widget-image\" data-id=\"738273f\" data-element_type=\"widget\" data-e-type=\"widget\" data-widget_type=\"image.default\">\n\t\t\t\t<div class=\"elementor-widget-container\">\n\t\t\t\t\t\t\t\t\t\t\t\t\t\t\t<img decoding=\"async\" width=\"800\" height=\"808\" src=\"https:\/\/skimarathon.ca\/wp-content\/uploads\/2022\/11\/demi-marathon.svg\" class=\"attachment-large size-large wp-image-2062\" alt=\"\" \/>\t\t\t\t\t\t\t\t\t\t\t\t\t\t\t<\/div>\n\t\t\t\t<\/div>\n\t\t\t\t<div class=\"elementor-element elementor-element-80972d8 elementor-widget__width-auto elementor-widget elementor-widget-heading\" data-id=\"80972d8\" data-element_type=\"widget\" data-e-type=\"widget\" data-widget_type=\"heading.default\">\n\t\t\t\t<div class=\"elementor-widget-container\">\n\t\t\t\t\t<h2 class=\"elementor-heading-title elementor-size-default\">Demi-marathon<\/h2>\t\t\t\t<\/div>\n\t\t\t\t<\/div>\n\t\t\t\t\t<\/div>\n\t\t<\/div>\n\t\t\t\t<div class=\"elementor-column elementor-col-33 elementor-top-column elementor-element elementor-element-c47c9c6\" data-id=\"c47c9c6\" data-element_type=\"column\" data-e-type=\"column\" data-settings=\"{&quot;background_background&quot;:&quot;classic&quot;,&quot;_ob_bbad_link&quot;:{&quot;url&quot;:&quot;https:\\\/\\\/skimarathon.ca\\\/fr\\\/coureur-des-bois\\\/&quot;,&quot;is_external&quot;:&quot;&quot;,&quot;nofollow&quot;:&quot;&quot;,&quot;custom_attributes&quot;:&quot;&quot;},&quot;_ob_bbad_is_stalker&quot;:&quot;no&quot;}\">\n\t\t\t<div class=\"elementor-widget-wrap elementor-element-populated\">\n\t\t\t\t\t\t<div class=\"elementor-element elementor-element-88284d9 elementor-widget__width-auto elementor-widget-tablet_extra__width-initial elementor-widget elementor-widget-image\" data-id=\"88284d9\" data-element_type=\"widget\" data-e-type=\"widget\" data-widget_type=\"image.default\">\n\t\t\t\t<div class=\"elementor-widget-container\">\n\t\t\t\t\t\t\t\t\t\t\t\t\t\t\t<img loading=\"lazy\" decoding=\"async\" width=\"800\" height=\"808\" src=\"https:\/\/skimarathon.ca\/wp-content\/uploads\/2022\/11\/coureur-des-bois.svg\" class=\"attachment-large size-large wp-image-2064\" alt=\"\" \/>\t\t\t\t\t\t\t\t\t\t\t\t\t\t\t<\/div>\n\t\t\t\t<\/div>\n\t\t\t\t<div class=\"elementor-element elementor-element-4d47e40 elementor-widget__width-auto elementor-widget elementor-widget-heading\" data-id=\"4d47e40\" data-element_type=\"widget\" data-e-type=\"widget\" data-widget_type=\"heading.default\">\n\t\t\t\t<div class=\"elementor-widget-container\">\n\t\t\t\t\t<h2 class=\"elementor-heading-title elementor-size-default\">Coureur des bois<\/h2>\t\t\t\t<\/div>\n\t\t\t\t<\/div>\n\t\t\t\t\t<\/div>\n\t\t<\/div>\n\t\t\t\t\t<\/div>\n\t\t<\/section>\n\t\t\t\t<section class=\"ob-is-breaking-bad elementor-section elementor-top-section elementor-element elementor-element-24eb08e elementor-section-height-min-height elementor-section-boxed elementor-section-height-default elementor-section-items-middle\" data-id=\"24eb08e\" data-element_type=\"section\" data-e-type=\"section\" data-settings=\"{&quot;background_background&quot;:&quot;classic&quot;,&quot;_ob_bbad_use_it&quot;:&quot;yes&quot;,&quot;_ob_bbad_sssic_use&quot;:&quot;no&quot;}\">\n\t\t\t\t\t\t<div class=\"elementor-container elementor-column-gap-default\">\n\t\t\t\t\t<div class=\"elementor-column elementor-col-100 elementor-top-column elementor-element elementor-element-8c27716\" data-id=\"8c27716\" data-element_type=\"column\" data-e-type=\"column\" data-settings=\"{&quot;_ob_bbad_is_stalker&quot;:&quot;no&quot;}\">\n\t\t\t<div class=\"elementor-widget-wrap\">\n\t\t\t\t\t\t\t<\/div>\n\t\t<\/div>\n\t\t\t\t\t<\/div>\n\t\t<\/section>\n\t\t\t\t<\/div>\n\t\t","protected":false},"excerpt":{"rendered":"<p>Cat\u00e9gories d\u2019inscription MCS J\u2019accroche! La cat\u00e9gorie MCS \u2013 J\u2019accroche! est id\u00e9ale pour les nouveaux participants au MCS avant de vous y \u201caccrocher\u201d pour plusieurs ann\u00e9es \u00e0 venir!. Cette cat\u00e9gorie vous permet de skier une section plus courte que dans la formule Randonneur 1 traditionnelle. La piste con\u00e7ue pour cette cat\u00e9gorie comprend moins de difficult\u00e9s technique [&hellip;]<\/p>\n","protected":false},"author":1,"featured_media":0,"parent":0,"menu_order":0,"comment_status":"closed","ping_status":"closed","template":"elementor_header_footer","meta":{"_seopress_robots_primary_cat":"","_seopress_titles_title":"","_seopress_titles_desc":"","_seopress_robots_index":"","inline_featured_image":false,"footnotes":""},"class_list":["post-2207","page","type-page","status-publish","hentry"],"_links":{"self":[{"href":"https:\/\/skimarathon.ca\/fr\/wp-json\/wp\/v2\/pages\/2207","targetHints":{"allow":["GET"]}}],"collection":[{"href":"https:\/\/skimarathon.ca\/fr\/wp-json\/wp\/v2\/pages"}],"about":[{"href":"https:\/\/skimarathon.ca\/fr\/wp-json\/wp\/v2\/types\/page"}],"author":[{"embeddable":true,"href":"https:\/\/skimarathon.ca\/fr\/wp-json\/wp\/v2\/users\/1"}],"replies":[{"embeddable":true,"href":"https:\/\/skimarathon.ca\/fr\/wp-json\/wp\/v2\/comments?post=2207"}],"version-history":[{"count":70,"href":"https:\/\/skimarathon.ca\/fr\/wp-json\/wp\/v2\/pages\/2207\/revisions"}],"predecessor-version":[{"id":15386,"href":"https:\/\/skimarathon.ca\/fr\/wp-json\/wp\/v2\/pages\/2207\/revisions\/15386"}],"wp:attachment":[{"href":"https:\/\/skimarathon.ca\/fr\/wp-json\/wp\/v2\/media?parent=2207"}],"curies":[{"name":"wp","href":"https:\/\/api.w.org\/{rel}","templated":true}]}}