{"id":2197,"date":"2022-11-23T13:02:26","date_gmt":"2022-11-23T18:02:26","guid":{"rendered":"https:\/\/skimarathon.ca\/?page_id=2197"},"modified":"2025-12-03T11:04:16","modified_gmt":"2025-12-03T16:04:16","slug":"randonneur","status":"publish","type":"page","link":"https:\/\/skimarathon.ca\/fr\/randonneur\/","title":{"rendered":"Randonneur"},"content":{"rendered":"\t\t<div data-elementor-type=\"wp-page\" data-elementor-id=\"2197\" class=\"elementor elementor-2197\" data-elementor-settings=\"{&quot;ha_cmc_init_switcher&quot;:&quot;no&quot;}\" data-elementor-post-type=\"page\">\n\t\t\t\t\t\t<section class=\"ob-is-breaking-bad elementor-section elementor-top-section elementor-element elementor-element-671549d elementor-section-height-min-height elementor-section-boxed elementor-section-height-default elementor-section-items-middle\" data-id=\"671549d\" data-element_type=\"section\" data-e-type=\"section\" data-settings=\"{&quot;background_background&quot;:&quot;classic&quot;,&quot;_ob_bbad_use_it&quot;:&quot;yes&quot;,&quot;_ob_bbad_sssic_use&quot;:&quot;no&quot;}\">\n\t\t\t\t\t\t<div class=\"elementor-container elementor-column-gap-default\">\n\t\t\t\t\t<div class=\"elementor-column elementor-col-100 elementor-top-column elementor-element elementor-element-3d7d918\" data-id=\"3d7d918\" data-element_type=\"column\" data-e-type=\"column\" data-settings=\"{&quot;_ob_bbad_is_stalker&quot;:&quot;no&quot;}\">\n\t\t\t<div class=\"elementor-widget-wrap elementor-element-populated\">\n\t\t\t\t\t\t<div class=\"elementor-element elementor-element-4088998 elementor-icon-list--layout-traditional elementor-list-item-link-full_width elementor-widget elementor-widget-icon-list\" data-id=\"4088998\" data-element_type=\"widget\" data-e-type=\"widget\" data-widget_type=\"icon-list.default\">\n\t\t\t\t<div class=\"elementor-widget-container\">\n\t\t\t\t\t\t\t<ul class=\"elementor-icon-list-items\">\n\t\t\t\t\t\t\t<li class=\"elementor-icon-list-item\">\n\t\t\t\t\t\t\t\t\t\t\t<a href=\"https:\/\/skimarathon.ca\/fr\/categories-dinscription\/\">\n\n\t\t\t\t\t\t\t\t\t\t\t\t<span class=\"elementor-icon-list-icon\">\n\t\t\t\t\t\t\t<i aria-hidden=\"true\" class=\"fas fa-chevron-left\"><\/i>\t\t\t\t\t\t<\/span>\n\t\t\t\t\t\t\t\t\t\t<span class=\"elementor-icon-list-text\">Cat\u00e9gories d\u2019inscription<\/span>\n\t\t\t\t\t\t\t\t\t\t\t<\/a>\n\t\t\t\t\t\t\t\t\t<\/li>\n\t\t\t\t\t\t<\/ul>\n\t\t\t\t\t\t<\/div>\n\t\t\t\t<\/div>\n\t\t\t\t\t<\/div>\n\t\t<\/div>\n\t\t\t\t\t<\/div>\n\t\t<\/section>\n\t\t\t\t<section class=\"ob-is-breaking-bad elementor-section elementor-top-section elementor-element elementor-element-4e41c06 elementor-section-boxed elementor-section-height-default elementor-section-height-default\" data-id=\"4e41c06\" data-element_type=\"section\" data-e-type=\"section\" data-settings=\"{&quot;_ob_bbad_use_it&quot;:&quot;yes&quot;,&quot;_ob_bbad_sssic_use&quot;:&quot;no&quot;}\">\n\t\t\t\t\t\t<div class=\"elementor-container elementor-column-gap-default\">\n\t\t\t\t\t<div class=\"elementor-column elementor-col-50 elementor-top-column elementor-element elementor-element-7ab1f4c\" data-id=\"7ab1f4c\" data-element_type=\"column\" data-e-type=\"column\" data-settings=\"{&quot;_ob_bbad_is_stalker&quot;:&quot;no&quot;}\">\n\t\t\t<div class=\"elementor-widget-wrap elementor-element-populated\">\n\t\t\t\t\t\t<div class=\"elementor-element elementor-element-4197a2e elementor-widget elementor-widget-heading\" data-id=\"4197a2e\" data-element_type=\"widget\" data-e-type=\"widget\" data-widget_type=\"heading.default\">\n\t\t\t\t<div class=\"elementor-widget-container\">\n\t\t\t\t\t<h2 class=\"elementor-heading-title elementor-size-default\">Randonneur<\/h2>\t\t\t\t<\/div>\n\t\t\t\t<\/div>\n\t\t\t\t<div class=\"elementor-element elementor-element-aacb4b2 elementor-widget elementor-widget-text-editor\" data-id=\"aacb4b2\" data-element_type=\"widget\" data-e-type=\"widget\" data-widget_type=\"text-editor.default\">\n\t\t\t\t<div class=\"elementor-widget-container\">\n\t\t\t\t\t\t\t\t\t<p><span style=\"font-weight: 400;\">Il s\u2019agit de la cat\u00e9gorie la plus populaire! La cat\u00e9gorie Randonneur ou Randonneuse vous permet de modeler votre marathon, de d\u00e9finir vos objectifs personnels et d\u2019en profiter au maximum \u00e0 votre rythme!<\/span><\/p><p><span style=\"font-weight: 400;\">NOUVEAU EN 2026;\u00a0\u00a0<\/span><\/p><ul><li style=\"font-weight: 400;\" aria-level=\"1\"><span style=\"font-weight: 400;\">Choisissez entre Randonneur 1,2,3,4 ou 5.\u00a0 Ce choix est relatif au nombre de sections maximal que vous aurez le droit de skier chaque jour de votre marathon.\u00a0 ( ex: un Randonneur 4 pourrait prendre le d\u00e9part pour skier 1,2,3 ou 4 sections le samedi et 1,2,3 ou 4 sections le dimanche \u00e9galement.)\u00a0<\/span><\/li><li style=\"font-weight: 400;\" aria-level=\"1\"><span style=\"font-weight: 400;\">\u00a0Le skieur n\u2019aura qu\u2019\u00e0 choisir de monter dans la navette adapt\u00e9e \u00e0 son choix le matin du d\u00e9part. C\u2019est \u00e0 vous de d\u00e9cider, c\u2019est votre week-end!<\/span><\/li><li style=\"font-weight: 400;\" aria-level=\"1\"><span style=\"font-weight: 400;\">Toutes les arriv\u00e9es se font au Golf H\u00e9ritage le samedi and au village de Montebello le dimanche. Le point de d\u00e9part d\u00e9pend du nombre de sections choisies.\u00a0 ( ex : tous les randonneurs 3 skient les sections 3-4 et 5 le samedi\u00a0 ainsi que 8-9 et 10 le dimanche. Voir la section carte du site )<\/span><\/li><\/ul><p><span style=\"font-weight: 400;\">Certaines sections sont consid\u00e9r\u00e9es comme plus difficiles que d\u2019autres, d\u2019autres plus pittoresques, bref, vous choisissez le nombre de sections en fonction de votre humeur et de votre forme !\u00a0<\/span><\/p><p><span style=\"font-weight: 400;\">Vous pouvez participer individuellement ou former une \u00e9quipe en famille, entres amis ou entre coll\u00e8gues de travail et tenter de remporter un de nos nombreux prix. Les prix sont octroy\u00e9s en fonction du nombre de sections ski\u00e9es et non en fonction de la vitesse ou de la distance parcourue.<\/span><\/p>\t\t\t\t\t\t\t\t<\/div>\n\t\t\t\t<\/div>\n\t\t\t\t\t<\/div>\n\t\t<\/div>\n\t\t\t\t<div class=\"elementor-column elementor-col-50 elementor-top-column elementor-element elementor-element-93da2af\" data-id=\"93da2af\" data-element_type=\"column\" data-e-type=\"column\" data-settings=\"{&quot;_ob_bbad_is_stalker&quot;:&quot;no&quot;}\">\n\t\t\t<div class=\"elementor-widget-wrap elementor-element-populated\">\n\t\t\t\t\t\t<div class=\"elementor-element elementor-element-e3cf51b elementor-widget elementor-widget-image\" data-id=\"e3cf51b\" data-element_type=\"widget\" data-e-type=\"widget\" data-widget_type=\"image.default\">\n\t\t\t\t<div class=\"elementor-widget-container\">\n\t\t\t\t\t\t\t\t\t\t\t\t\t\t\t<img fetchpriority=\"high\" decoding=\"async\" width=\"597\" height=\"752\" src=\"https:\/\/skimarathon.ca\/wp-content\/uploads\/2022\/11\/Ski-marathon-redonneur.jpg\" class=\"attachment-large size-large wp-image-2202\" alt=\"\" srcset=\"https:\/\/skimarathon.ca\/wp-content\/uploads\/2022\/11\/Ski-marathon-redonneur.jpg 597w, https:\/\/skimarathon.ca\/wp-content\/uploads\/2022\/11\/Ski-marathon-redonneur-238x300.jpg 238w\" sizes=\"(max-width: 597px) 100vw, 597px\" \/>\t\t\t\t\t\t\t\t\t\t\t\t\t\t\t<\/div>\n\t\t\t\t<\/div>\n\t\t\t\t\t<\/div>\n\t\t<\/div>\n\t\t\t\t\t<\/div>\n\t\t<\/section>\n\t\t\t\t<section class=\"ob-is-breaking-bad elementor-section elementor-top-section elementor-element elementor-element-c3ed9a1 elementor-section-boxed elementor-section-height-default elementor-section-height-default\" data-id=\"c3ed9a1\" data-element_type=\"section\" data-e-type=\"section\" data-settings=\"{&quot;_ob_bbad_use_it&quot;:&quot;yes&quot;,&quot;_ob_bbad_sssic_use&quot;:&quot;no&quot;}\">\n\t\t\t\t\t\t<div class=\"elementor-container elementor-column-gap-default\">\n\t\t\t\t\t<div class=\"elementor-column elementor-col-100 elementor-top-column elementor-element elementor-element-d62b382\" data-id=\"d62b382\" data-element_type=\"column\" data-e-type=\"column\" data-settings=\"{&quot;_ob_bbad_is_stalker&quot;:&quot;no&quot;}\">\n\t\t\t<div class=\"elementor-widget-wrap elementor-element-populated\">\n\t\t\t\t\t\t<div class=\"elementor-element elementor-element-cc0bebb table_custom_css elementor-widget elementor-widget-shortcode\" data-id=\"cc0bebb\" data-element_type=\"widget\" data-e-type=\"widget\" data-widget_type=\"shortcode.default\">\n\t\t\t\t<div class=\"elementor-widget-container\">\n\t\t\t\t\t\t\t<div class=\"elementor-shortcode\">\n<table id=\"tablepress-30\" class=\"tablepress tablepress-id-30 tablepress-responsive\">\n<thead>\n<tr class=\"row-1\">\n\t<th class=\"column-1\">Frais Randonneur<\/th><th colspan=\"5\" class=\"column-2\">R\u00e9duction<\/th>\n<\/tr>\n<\/thead>\n<tbody class=\"row-striping row-hover\">\n<tr class=\"row-2\">\n\t<td class=\"column-1\"><\/td><td class=\"column-2\">200 premiers inscrits 15%<\/td><td class=\"column-3\">200 suivant 10%<\/td><td class=\"column-4\">200 suivant 5%<\/td><td class=\"column-5\">Jusqu'\u00e0 fev. 1<\/td><td class=\"column-6\">fev. 2-5<\/td>\n<\/tr>\n<tr class=\"row-3\">\n\t<td class=\"column-1\">Randonneur 5<\/td><td class=\"column-2\">$359<\/td><td class=\"column-3\">$380<\/td><td class=\"column-4\">$401<\/td><td class=\"column-5\">$422<\/td><td class=\"column-6\">$464<\/td>\n<\/tr>\n<tr class=\"row-4\">\n\t<td class=\"column-1\">Randonneur 4<\/td><td class=\"column-2\">$325<\/td><td class=\"column-3\">$344<\/td><td class=\"column-4\">$363<\/td><td class=\"column-5\">$382<\/td><td class=\"column-6\">$420<\/td>\n<\/tr>\n<tr class=\"row-5\">\n\t<td class=\"column-1\">Randonneur 3<\/td><td class=\"column-2\">$264<\/td><td class=\"column-3\">$279<\/td><td class=\"column-4\">$295<\/td><td class=\"column-5\">$310<\/td><td class=\"column-6\">$341<\/td>\n<\/tr>\n<tr class=\"row-6\">\n\t<td class=\"column-1\">Randonneur 2<\/td><td class=\"column-2\">$167<\/td><td class=\"column-3\">$176<\/td><td class=\"column-4\">$186<\/td><td class=\"column-5\">$196<\/td><td class=\"column-6\">$216<\/td>\n<\/tr>\n<tr class=\"row-7\">\n\t<td class=\"column-1\">Randonneur 1<\/td><td class=\"column-2\">$105<\/td><td class=\"column-3\">$112<\/td><td class=\"column-4\">$118<\/td><td class=\"column-5\">$124<\/td><td class=\"column-6\">$136<\/td>\n<\/tr>\n<tr class=\"row-8\">\n\t<td class=\"column-1\">Randonneur 5 Junior (17-)<\/td><td class=\"column-2\">$253<\/td><td class=\"column-3\">$268<\/td><td class=\"column-4\">$283<\/td><td class=\"column-5\">$298<\/td><td class=\"column-6\">$328<\/td>\n<\/tr>\n<tr class=\"row-9\">\n\t<td class=\"column-1\">Randonneur 4  Junior (17-)<\/td><td class=\"column-2\">$219<\/td><td class=\"column-3\">$232<\/td><td class=\"column-4\">$245<\/td><td class=\"column-5\">$258<\/td><td class=\"column-6\">$284<\/td>\n<\/tr>\n<tr class=\"row-10\">\n\t<td class=\"column-1\">Randonneur 3 Junior (17-)<\/td><td class=\"column-2\">$175<\/td><td class=\"column-3\">$185<\/td><td class=\"column-4\">$196<\/td><td class=\"column-5\">$206<\/td><td class=\"column-6\">$227<\/td>\n<\/tr>\n<tr class=\"row-11\">\n\t<td class=\"column-1\">Randonneur 2 Junior (17-)<\/td><td class=\"column-2\">$114<\/td><td class=\"column-3\">$121<\/td><td class=\"column-4\">$127<\/td><td class=\"column-5\">$134<\/td><td class=\"column-6\">$147<\/td>\n<\/tr>\n<tr class=\"row-12\">\n\t<td class=\"column-1\">Randonneur 1 Junior (17-)<\/td><td class=\"column-2\">$61<\/td><td class=\"column-3\">$65<\/td><td class=\"column-4\">$68<\/td><td class=\"column-5\">$72<\/td><td class=\"column-6\">$79<\/td>\n<\/tr>\n<tr class=\"row-13\">\n\t<td class=\"column-1\">Jeune marmot (8-)<\/td><td class=\"column-2\">$0<\/td><td class=\"column-3\">$0<\/td><td class=\"column-4\">$0<\/td><td class=\"column-5\">$0<\/td><td class=\"column-6\">$0<\/td>\n<\/tr>\n<\/tbody>\n<\/table>\n<!-- #tablepress-30 from cache --><\/div>\n\t\t\t\t\t\t<\/div>\n\t\t\t\t<\/div>\n\t\t\t\t<div class=\"elementor-element elementor-element-0106de3 table_custom_css elementor-hidden-widescreen elementor-hidden-desktop elementor-hidden-laptop elementor-hidden-tablet_extra elementor-hidden-tablet elementor-hidden-mobile_extra elementor-hidden-mobile elementor-widget elementor-widget-shortcode\" data-id=\"0106de3\" data-element_type=\"widget\" data-e-type=\"widget\" data-widget_type=\"shortcode.default\">\n\t\t\t\t<div class=\"elementor-widget-container\">\n\t\t\t\t\t\t\t<div class=\"elementor-shortcode\">\n<table id=\"tablepress-31\" class=\"tablepress tablepress-id-31 tablepress-responsive tbody-has-connected-cells\">\n<thead>\n<tr class=\"row-1\">\n\t<th class=\"column-1\">Frais dimanche<\/th><th colspan=\"3\" class=\"column-2\">Frais apr\u00e8s 11 d\u00e9cembre (taxes en sus)<br \/>\r\n<\/th><th colspan=\"3\" class=\"column-5\">11,1% Frais r\u00e9duits jusqu'au 11 d\u00e9cembre (taxes en sus)<\/th>\n<\/tr>\n<\/thead>\n<tbody class=\"row-striping row-hover\">\n<tr class=\"row-2\">\n\t<td class=\"column-1\"><\/td><td class=\"column-2\">Adulte 18+<br \/>\r\n<\/td><td class=\"column-3\">Junior 17-<\/td><td class=\"column-4\">Jeune marmot<\/td><td class=\"column-5\">Adulte 18+<br \/>\r\n<\/td><td class=\"column-6\">Junior 17-<\/td><td class=\"column-7\">Jeune marmot<\/td>\n<\/tr>\n<tr class=\"row-3\">\n\t<td class=\"column-1\">Randonneur 5<\/td><td class=\"column-2\">$205<\/td><td class=\"column-3\">$<s>145<\/s> 125<\/td><td class=\"column-4\">$<s>25<\/s> 0<\/td><td class=\"column-5\">$182.00<\/td><td class=\"column-6\">$<s>129<\/s> 111<\/td><td class=\"column-7\">$<s>25<\/s> 0<\/td>\n<\/tr>\n<tr class=\"row-4\">\n\t<td class=\"column-1\">Randonneur 4<\/td><td class=\"column-2\">$185<\/td><td class=\"column-3\">$<s>125<\/s> 100<\/td><td class=\"column-4\">$<s>25<\/s> 0<\/td><td class=\"column-5\">$164.00<\/td><td class=\"column-6\">$<s>111<\/s> 89<\/td><td class=\"column-7\">$<s>25<\/s> 0<\/td>\n<\/tr>\n<tr class=\"row-5\">\n\t<td class=\"column-1\">Randonneur 3<\/td><td class=\"column-2\">$150<\/td><td class=\"column-3\">$<s>100<\/s> 65<\/td><td class=\"column-4\">$<s>25<\/s> 0<\/td><td class=\"column-5\">$133.00<\/td><td class=\"column-6\">$<s>89<\/s> 58<\/td><td class=\"column-7\">$<s>25<\/s> 0<\/td>\n<\/tr>\n<tr class=\"row-6\">\n\t<td class=\"column-1\">Randonneur 2<\/td><td class=\"column-2\">$95<\/td><td class=\"column-3\">$<s>65<\/s> 35<\/td><td class=\"column-4\">$<s>25<\/s> 0<\/td><td class=\"column-5\">$84.00<\/td><td class=\"column-6\">$<s>58<\/s> 31<\/td><td class=\"column-7\">$<s>25<\/s> 0<\/td>\n<\/tr>\n<tr class=\"row-7\">\n\t<td class=\"column-1\">Randonneur 1<\/td><td class=\"column-2\">$60<\/td><td class=\"column-3\">$<s>35<\/s> 0<\/td><td class=\"column-4\">$<s>25<\/s> 0<\/td><td class=\"column-5\">$53.00<\/td><td class=\"column-6\">$<s>31<\/s> 0<\/td><td class=\"column-7\">$<s>25<\/s> 0<\/td>\n<\/tr>\n<tr class=\"row-8\">\n\t<td colspan=\"7\" class=\"column-1\">*Le Randonneur 5 skie les 5 sections, le Randonneur 4 skie les 4 derni\u00e8res sections, le Randonneur 3 skie les 3 derni\u00e8res sections, le Randonneur 2 skie les 2 derni\u00e8res sections, le Randonneur 1 skie la<br \/>\n<br \/>\nderni\u00e8re section. Tous les skieurs skient eux-m\u00eames jusqu'\u00e0 la ligne d'arriv\u00e9e, sauf s'ils ne peuvent pas respecter l'heure limite ou en cas d'urgence.<\/td>\n<\/tr>\n<\/tbody>\n<\/table>\n<!-- #tablepress-31 from cache --><\/div>\n\t\t\t\t\t\t<\/div>\n\t\t\t\t<\/div>\n\t\t\t\t\t<\/div>\n\t\t<\/div>\n\t\t\t\t\t<\/div>\n\t\t<\/section>\n\t\t\t\t<section class=\"ob-is-breaking-bad elementor-section elementor-top-section elementor-element elementor-element-458933d elementor-section-boxed elementor-section-height-default elementor-section-height-default\" data-id=\"458933d\" data-element_type=\"section\" data-e-type=\"section\" data-settings=\"{&quot;_ob_bbad_use_it&quot;:&quot;yes&quot;,&quot;_ob_bbad_sssic_use&quot;:&quot;no&quot;}\">\n\t\t\t\t\t\t<div class=\"elementor-container elementor-column-gap-default\">\n\t\t\t\t\t<div class=\"elementor-column elementor-col-33 elementor-top-column elementor-element elementor-element-357f0dd\" data-id=\"357f0dd\" data-element_type=\"column\" data-e-type=\"column\" data-settings=\"{&quot;background_background&quot;:&quot;classic&quot;,&quot;_ob_bbad_link&quot;:{&quot;url&quot;:&quot;https:\\\/\\\/skimarathon.ca\\\/fr\\\/mcs-jaccroche\\\/&quot;,&quot;is_external&quot;:&quot;&quot;,&quot;nofollow&quot;:&quot;&quot;,&quot;custom_attributes&quot;:&quot;&quot;},&quot;_ob_bbad_is_stalker&quot;:&quot;no&quot;}\">\n\t\t\t<div class=\"elementor-widget-wrap elementor-element-populated\">\n\t\t\t\t\t\t<div class=\"elementor-element elementor-element-55cbda4 elementor-widget__width-auto elementor-widget-tablet_extra__width-initial elementor-widget elementor-widget-image\" data-id=\"55cbda4\" data-element_type=\"widget\" data-e-type=\"widget\" data-widget_type=\"image.default\">\n\t\t\t\t<div class=\"elementor-widget-container\">\n\t\t\t\t\t\t\t\t\t\t\t\t\t\t\t<img decoding=\"async\" width=\"800\" height=\"808\" src=\"https:\/\/skimarathon.ca\/wp-content\/uploads\/2022\/11\/mcs.svg\" class=\"attachment-large size-large wp-image-2060\" alt=\"\" \/>\t\t\t\t\t\t\t\t\t\t\t\t\t\t\t<\/div>\n\t\t\t\t<\/div>\n\t\t\t\t<div class=\"elementor-element elementor-element-855d05c elementor-widget__width-auto elementor-widget elementor-widget-heading\" data-id=\"855d05c\" data-element_type=\"widget\" data-e-type=\"widget\" data-widget_type=\"heading.default\">\n\t\t\t\t<div class=\"elementor-widget-container\">\n\t\t\t\t\t<h2 class=\"elementor-heading-title elementor-size-default\">MCS J\u2019accroche! <\/h2>\t\t\t\t<\/div>\n\t\t\t\t<\/div>\n\t\t\t\t\t<\/div>\n\t\t<\/div>\n\t\t\t\t<div class=\"elementor-column elementor-col-33 elementor-top-column elementor-element elementor-element-1857d39\" data-id=\"1857d39\" data-element_type=\"column\" data-e-type=\"column\" data-settings=\"{&quot;background_background&quot;:&quot;classic&quot;,&quot;_ob_bbad_link&quot;:{&quot;url&quot;:&quot;https:\\\/\\\/skimarathon.ca\\\/fr\\\/demi-marathon\\\/&quot;,&quot;is_external&quot;:&quot;&quot;,&quot;nofollow&quot;:&quot;&quot;,&quot;custom_attributes&quot;:&quot;&quot;},&quot;_ob_bbad_is_stalker&quot;:&quot;no&quot;}\">\n\t\t\t<div class=\"elementor-widget-wrap elementor-element-populated\">\n\t\t\t\t\t\t<div class=\"elementor-element elementor-element-dced928 elementor-widget__width-auto elementor-widget-tablet_extra__width-initial elementor-widget elementor-widget-image\" data-id=\"dced928\" data-element_type=\"widget\" data-e-type=\"widget\" data-widget_type=\"image.default\">\n\t\t\t\t<div class=\"elementor-widget-container\">\n\t\t\t\t\t\t\t\t\t\t\t\t\t\t\t<img decoding=\"async\" width=\"800\" height=\"808\" src=\"https:\/\/skimarathon.ca\/wp-content\/uploads\/2022\/11\/demi-marathon.svg\" class=\"attachment-large size-large wp-image-2062\" alt=\"\" \/>\t\t\t\t\t\t\t\t\t\t\t\t\t\t\t<\/div>\n\t\t\t\t<\/div>\n\t\t\t\t<div class=\"elementor-element elementor-element-4c05211 elementor-widget__width-auto elementor-widget elementor-widget-heading\" data-id=\"4c05211\" data-element_type=\"widget\" data-e-type=\"widget\" data-widget_type=\"heading.default\">\n\t\t\t\t<div class=\"elementor-widget-container\">\n\t\t\t\t\t<h2 class=\"elementor-heading-title elementor-size-default\">Demi-marathon<\/h2>\t\t\t\t<\/div>\n\t\t\t\t<\/div>\n\t\t\t\t\t<\/div>\n\t\t<\/div>\n\t\t\t\t<div class=\"elementor-column elementor-col-33 elementor-top-column elementor-element elementor-element-db626a9\" data-id=\"db626a9\" data-element_type=\"column\" data-e-type=\"column\" data-settings=\"{&quot;background_background&quot;:&quot;classic&quot;,&quot;_ob_bbad_link&quot;:{&quot;url&quot;:&quot;https:\\\/\\\/skimarathon.ca\\\/fr\\\/coureur-des-bois\\\/&quot;,&quot;is_external&quot;:&quot;&quot;,&quot;nofollow&quot;:&quot;&quot;,&quot;custom_attributes&quot;:&quot;&quot;},&quot;_ob_bbad_is_stalker&quot;:&quot;no&quot;}\">\n\t\t\t<div class=\"elementor-widget-wrap elementor-element-populated\">\n\t\t\t\t\t\t<div class=\"elementor-element elementor-element-dc18de9 elementor-widget__width-auto elementor-widget-tablet_extra__width-initial elementor-widget elementor-widget-image\" data-id=\"dc18de9\" data-element_type=\"widget\" data-e-type=\"widget\" data-widget_type=\"image.default\">\n\t\t\t\t<div class=\"elementor-widget-container\">\n\t\t\t\t\t\t\t\t\t\t\t\t\t\t\t<img loading=\"lazy\" decoding=\"async\" width=\"800\" height=\"808\" src=\"https:\/\/skimarathon.ca\/wp-content\/uploads\/2022\/11\/coureur-des-bois.svg\" class=\"attachment-large size-large wp-image-2064\" alt=\"\" \/>\t\t\t\t\t\t\t\t\t\t\t\t\t\t\t<\/div>\n\t\t\t\t<\/div>\n\t\t\t\t<div class=\"elementor-element elementor-element-a6a9814 elementor-widget__width-auto elementor-widget elementor-widget-heading\" data-id=\"a6a9814\" data-element_type=\"widget\" data-e-type=\"widget\" data-widget_type=\"heading.default\">\n\t\t\t\t<div class=\"elementor-widget-container\">\n\t\t\t\t\t<h2 class=\"elementor-heading-title elementor-size-default\">Coureur des bois<\/h2>\t\t\t\t<\/div>\n\t\t\t\t<\/div>\n\t\t\t\t\t<\/div>\n\t\t<\/div>\n\t\t\t\t\t<\/div>\n\t\t<\/section>\n\t\t\t\t<section class=\"ob-is-breaking-bad elementor-section elementor-top-section elementor-element elementor-element-36e4661 elementor-section-height-min-height elementor-section-boxed elementor-section-height-default elementor-section-items-middle\" data-id=\"36e4661\" data-element_type=\"section\" data-e-type=\"section\" data-settings=\"{&quot;background_background&quot;:&quot;classic&quot;,&quot;_ob_bbad_use_it&quot;:&quot;yes&quot;,&quot;_ob_bbad_sssic_use&quot;:&quot;no&quot;}\">\n\t\t\t\t\t\t<div class=\"elementor-container elementor-column-gap-default\">\n\t\t\t\t\t<div class=\"elementor-column elementor-col-100 elementor-top-column elementor-element elementor-element-1a265d6\" data-id=\"1a265d6\" data-element_type=\"column\" data-e-type=\"column\" data-settings=\"{&quot;_ob_bbad_is_stalker&quot;:&quot;no&quot;}\">\n\t\t\t<div class=\"elementor-widget-wrap\">\n\t\t\t\t\t\t\t<\/div>\n\t\t<\/div>\n\t\t\t\t\t<\/div>\n\t\t<\/section>\n\t\t\t\t<\/div>\n\t\t","protected":false},"excerpt":{"rendered":"<p>Cat\u00e9gories d\u2019inscription Randonneur Il s\u2019agit de la cat\u00e9gorie la plus populaire! La cat\u00e9gorie Randonneur ou Randonneuse vous permet de modeler votre marathon, de d\u00e9finir vos objectifs personnels et d\u2019en profiter au maximum \u00e0 votre rythme! NOUVEAU EN 2026;\u00a0\u00a0 Choisissez entre Randonneur 1,2,3,4 ou 5.\u00a0 Ce choix est relatif au nombre de sections maximal que vous [&hellip;]<\/p>\n","protected":false},"author":1,"featured_media":0,"parent":0,"menu_order":0,"comment_status":"closed","ping_status":"closed","template":"elementor_header_footer","meta":{"_seopress_robots_primary_cat":"","_seopress_titles_title":"","_seopress_titles_desc":"","_seopress_robots_index":"","inline_featured_image":false,"footnotes":""},"class_list":["post-2197","page","type-page","status-publish","hentry"],"_links":{"self":[{"href":"https:\/\/skimarathon.ca\/fr\/wp-json\/wp\/v2\/pages\/2197","targetHints":{"allow":["GET"]}}],"collection":[{"href":"https:\/\/skimarathon.ca\/fr\/wp-json\/wp\/v2\/pages"}],"about":[{"href":"https:\/\/skimarathon.ca\/fr\/wp-json\/wp\/v2\/types\/page"}],"author":[{"embeddable":true,"href":"https:\/\/skimarathon.ca\/fr\/wp-json\/wp\/v2\/users\/1"}],"replies":[{"embeddable":true,"href":"https:\/\/skimarathon.ca\/fr\/wp-json\/wp\/v2\/comments?post=2197"}],"version-history":[{"count":67,"href":"https:\/\/skimarathon.ca\/fr\/wp-json\/wp\/v2\/pages\/2197\/revisions"}],"predecessor-version":[{"id":16073,"href":"https:\/\/skimarathon.ca\/fr\/wp-json\/wp\/v2\/pages\/2197\/revisions\/16073"}],"wp:attachment":[{"href":"https:\/\/skimarathon.ca\/fr\/wp-json\/wp\/v2\/media?parent=2197"}],"curies":[{"name":"wp","href":"https:\/\/api.w.org\/{rel}","templated":true}]}}