{"id":2136,"date":"2022-11-23T11:39:46","date_gmt":"2022-11-23T16:39:46","guid":{"rendered":"https:\/\/skimarathon.ca\/?page_id=2136"},"modified":"2024-03-14T09:27:08","modified_gmt":"2024-03-14T13:27:08","slug":"passeport-officiel-des-sentiers-dentrainement","status":"publish","type":"page","link":"https:\/\/skimarathon.ca\/fr\/passeport-officiel-des-sentiers-dentrainement\/","title":{"rendered":"Passeport officiel des sentiers d\u2019entra\u00eenement"},"content":{"rendered":"\t\t<div data-elementor-type=\"wp-page\" data-elementor-id=\"2136\" class=\"elementor elementor-2136\" data-elementor-settings=\"{&quot;ha_cmc_init_switcher&quot;:&quot;no&quot;}\" data-elementor-post-type=\"page\">\n\t\t\t\t\t\t<section class=\"ob-is-breaking-bad elementor-section elementor-top-section elementor-element elementor-element-4962d22 elementor-section-height-min-height elementor-section-boxed elementor-section-height-default elementor-section-items-middle\" data-id=\"4962d22\" data-element_type=\"section\" data-e-type=\"section\" data-settings=\"{&quot;background_background&quot;:&quot;classic&quot;,&quot;_ob_bbad_use_it&quot;:&quot;yes&quot;,&quot;_ob_bbad_sssic_use&quot;:&quot;no&quot;}\">\n\t\t\t\t\t\t<div class=\"elementor-container elementor-column-gap-default\">\n\t\t\t\t\t<div class=\"elementor-column elementor-col-100 elementor-top-column elementor-element elementor-element-cba2269\" data-id=\"cba2269\" data-element_type=\"column\" data-e-type=\"column\" data-settings=\"{&quot;_ob_bbad_is_stalker&quot;:&quot;no&quot;}\">\n\t\t\t<div class=\"elementor-widget-wrap elementor-element-populated\">\n\t\t\t\t\t\t<div class=\"elementor-element elementor-element-ce4d6a9 elementor-widget elementor-widget-heading\" data-id=\"ce4d6a9\" data-element_type=\"widget\" data-e-type=\"widget\" data-widget_type=\"heading.default\">\n\t\t\t\t<div class=\"elementor-widget-container\">\n\t\t\t\t\t<h2 class=\"elementor-heading-title elementor-size-default\">Passeport officiel des <br>\nsentiers d\u2019entra\u00eenement<\/h2>\t\t\t\t<\/div>\n\t\t\t\t<\/div>\n\t\t\t\t\t<\/div>\n\t\t<\/div>\n\t\t\t\t\t<\/div>\n\t\t<\/section>\n\t\t\t\t<section class=\"ob-is-breaking-bad elementor-section elementor-top-section elementor-element elementor-element-9a81acc elementor-section-boxed elementor-section-height-default elementor-section-height-default\" data-id=\"9a81acc\" data-element_type=\"section\" data-e-type=\"section\" data-settings=\"{&quot;background_background&quot;:&quot;classic&quot;,&quot;_ob_bbad_use_it&quot;:&quot;yes&quot;,&quot;_ob_bbad_sssic_use&quot;:&quot;no&quot;}\">\n\t\t\t\t\t\t<div class=\"elementor-container elementor-column-gap-no\">\n\t\t\t\t\t<div class=\"elementor-column elementor-col-50 elementor-top-column elementor-element elementor-element-9da68ff\" data-id=\"9da68ff\" data-element_type=\"column\" data-e-type=\"column\" data-settings=\"{&quot;_ob_bbad_is_stalker&quot;:&quot;no&quot;}\">\n\t\t\t<div class=\"elementor-widget-wrap elementor-element-populated\">\n\t\t\t\t\t\t<div class=\"elementor-element elementor-element-202ebbe elementor-widget elementor-widget-text-editor\" data-id=\"202ebbe\" data-element_type=\"widget\" data-e-type=\"widget\" data-widget_type=\"text-editor.default\">\n\t\t\t\t<div class=\"elementor-widget-container\">\n\t\t\t\t\t\t\t\t\t<p>Le Marathon canadien de ski est tr\u00e8s heureux de promouvoir un partenariat \u00e9largi avec des clubs de ski de fond et des centres de vill\u00e9giature \u00e0 travers le Canada et les \u00c9tats-Unis. Nous voulons inspirer les gens \u00e0 skier dans de nombreux endroits diff\u00e9rents avec des pistes de bonne qualit\u00e9.<\/p><p>Nous nous sommes associ\u00e9s \u00e0 de nombreux clubs de ski \u00e0 travers l\u2019Am\u00e9rique du Nord pour emmener la l\u00e9gende MCS partout. Ce livret \u00e9lectronique montrera aux skieurs comment trouver les r\u00e9seaux de sentiers associ\u00e9s \u00e0 MCS dans diverses r\u00e9gions. Chaque club de ski ou r\u00e9seau de sentiers a d\u00e9sign\u00e9 un ou plusieurs sentiers comme son \u00ab sentier d\u2019entra\u00eenement MCS \u00bb. Bien s\u00fbr, vous pouvez choisir de skier n\u2019importe o\u00f9, mais l\u2019intention est de pr\u00e9senter les meilleurs sentiers et de permettre aux skieurs de tirer le meilleur parti de leurs visites.<\/p><p>Dans la plupart des cas, vous trouverez des panneaux MCS ou des informations \u00e9videntes au d\u00e9part des sentiers. Lorsque vous visitez un club, faites-lui savoir que vous \u00eates un participant du MCS impatient d\u2019explorer ses sentiers! Consultez la page des prix MCS pour reconna\u00eetre les skieurs qui visitent plusieurs de ces pistes d\u2019entra\u00eenement.<\/p>\t\t\t\t\t\t\t\t<\/div>\n\t\t\t\t<\/div>\n\t\t\t\t<div class=\"elementor-element elementor-element-4fc77c6 elementor-widget elementor-widget-button\" data-id=\"4fc77c6\" data-element_type=\"widget\" data-e-type=\"widget\" data-widget_type=\"button.default\">\n\t\t\t\t<div class=\"elementor-widget-container\">\n\t\t\t\t\t\t\t\t\t<div class=\"elementor-button-wrapper\">\n\t\t\t\t\t<a class=\"elementor-button elementor-button-link elementor-size-sm\" href=\"https:\/\/skimarathon.ca\/wp-content\/uploads\/2024\/03\/CSM-Training-Trail-Passport-v4.pdf\" target=\"_blank\">\n\t\t\t\t\t\t<span class=\"elementor-button-content-wrapper\">\n\t\t\t\t\t\t\t\t\t<span class=\"elementor-button-text\">T\u00e9l\u00e9charger notre livret<\/span>\n\t\t\t\t\t<\/span>\n\t\t\t\t\t<\/a>\n\t\t\t\t<\/div>\n\t\t\t\t\t\t\t\t<\/div>\n\t\t\t\t<\/div>\n\t\t\t\t\t<\/div>\n\t\t<\/div>\n\t\t\t\t<div class=\"elementor-column elementor-col-50 elementor-top-column elementor-element elementor-element-6f7a03b\" data-id=\"6f7a03b\" data-element_type=\"column\" data-e-type=\"column\" data-settings=\"{&quot;_ob_bbad_is_stalker&quot;:&quot;no&quot;}\">\n\t\t\t<div class=\"elementor-widget-wrap elementor-element-populated\">\n\t\t\t\t\t\t<div class=\"elementor-element elementor-element-9deeec5 elementor-widget elementor-widget-image\" data-id=\"9deeec5\" data-element_type=\"widget\" data-e-type=\"widget\" data-widget_type=\"image.default\">\n\t\t\t\t<div class=\"elementor-widget-container\">\n\t\t\t\t\t\t\t\t\t\t\t\t\t\t\t<img fetchpriority=\"high\" decoding=\"async\" width=\"597\" height=\"752\" src=\"https:\/\/skimarathon.ca\/wp-content\/uploads\/2022\/11\/Ski-marathon-passeport-officiel.jpg\" class=\"attachment-full size-full wp-image-2146\" alt=\"\" srcset=\"https:\/\/skimarathon.ca\/wp-content\/uploads\/2022\/11\/Ski-marathon-passeport-officiel.jpg 597w, https:\/\/skimarathon.ca\/wp-content\/uploads\/2022\/11\/Ski-marathon-passeport-officiel-238x300.jpg 238w\" sizes=\"(max-width: 597px) 100vw, 597px\" \/>\t\t\t\t\t\t\t\t\t\t\t\t\t\t\t<\/div>\n\t\t\t\t<\/div>\n\t\t\t\t\t<\/div>\n\t\t<\/div>\n\t\t\t\t\t<\/div>\n\t\t<\/section>\n\t\t\t\t<section class=\"ob-is-breaking-bad elementor-section elementor-top-section elementor-element elementor-element-5b3dc1e elementor-section-boxed elementor-section-height-default elementor-section-height-default\" data-id=\"5b3dc1e\" data-element_type=\"section\" data-e-type=\"section\" data-settings=\"{&quot;_ob_bbad_use_it&quot;:&quot;yes&quot;,&quot;_ob_bbad_sssic_use&quot;:&quot;no&quot;}\">\n\t\t\t\t\t\t<div class=\"elementor-container elementor-column-gap-default\">\n\t\t\t\t\t<div class=\"elementor-column elementor-col-100 elementor-top-column elementor-element elementor-element-854c957\" data-id=\"854c957\" data-element_type=\"column\" data-e-type=\"column\" data-settings=\"{&quot;_ob_bbad_is_stalker&quot;:&quot;no&quot;}\">\n\t\t\t<div class=\"elementor-widget-wrap elementor-element-populated\">\n\t\t\t\t\t\t<section class=\"ob-is-breaking-bad ob-bb-inner elementor-section elementor-inner-section elementor-element elementor-element-c181662 elementor-section-boxed elementor-section-height-default elementor-section-height-default\" data-id=\"c181662\" data-element_type=\"section\" data-e-type=\"section\" data-settings=\"{&quot;background_background&quot;:&quot;classic&quot;,&quot;_ob_bbad_use_it&quot;:&quot;yes&quot;,&quot;_ob_bbad_sssic_use&quot;:&quot;no&quot;}\">\n\t\t\t\t\t\t<div class=\"elementor-container elementor-column-gap-default\">\n\t\t\t\t\t<div class=\"elementor-column elementor-col-100 elementor-inner-column elementor-element elementor-element-58d2d67\" data-id=\"58d2d67\" data-element_type=\"column\" data-e-type=\"column\" data-settings=\"{&quot;_ob_bbad_is_stalker&quot;:&quot;no&quot;}\">\n\t\t\t<div class=\"elementor-widget-wrap elementor-element-populated\">\n\t\t\t\t\t\t<div class=\"elementor-element elementor-element-e4edf2d elementor-widget__width-auto elementor-widget-tablet__width-initial elementor-widget elementor-widget-heading\" data-id=\"e4edf2d\" data-element_type=\"widget\" data-e-type=\"widget\" data-widget_type=\"heading.default\">\n\t\t\t\t<div class=\"elementor-widget-container\">\n\t\t\t\t\t<h2 class=\"elementor-heading-title elementor-size-default\">Partenaires d'affaires<\/h2>\t\t\t\t<\/div>\n\t\t\t\t<\/div>\n\t\t\t\t<div class=\"elementor-element elementor-element-218581c elementor-widget__width-auto elementor-widget-mobile_extra__width-initial elementor-widget elementor-widget-image\" data-id=\"218581c\" data-element_type=\"widget\" data-e-type=\"widget\" data-widget_type=\"image.default\">\n\t\t\t\t<div class=\"elementor-widget-container\">\n\t\t\t\t\t\t\t\t\t\t\t\t\t\t\t<img decoding=\"async\" width=\"399\" height=\"85\" src=\"https:\/\/skimarathon.ca\/wp-content\/uploads\/2022\/10\/Budget.png\" class=\"attachment-large size-large wp-image-963\" alt=\"\" srcset=\"https:\/\/skimarathon.ca\/wp-content\/uploads\/2022\/10\/Budget.png 399w, https:\/\/skimarathon.ca\/wp-content\/uploads\/2022\/10\/Budget-300x64.png 300w\" sizes=\"(max-width: 399px) 100vw, 399px\" \/>\t\t\t\t\t\t\t\t\t\t\t\t\t\t\t<\/div>\n\t\t\t\t<\/div>\n\t\t\t\t<div class=\"elementor-element elementor-element-e57f073 elementor-widget__width-auto elementor-widget-mobile_extra__width-initial elementor-widget elementor-widget-image\" data-id=\"e57f073\" data-element_type=\"widget\" data-e-type=\"widget\" data-widget_type=\"image.default\">\n\t\t\t\t<div class=\"elementor-widget-container\">\n\t\t\t\t\t\t\t\t\t\t\t\t\t\t\t<img decoding=\"async\" src=\"https:\/\/skimarathon.ca\/wp-content\/uploads\/2022\/10\/Fairmont-Montebello.png\" title=\"\" alt=\"\" loading=\"lazy\" \/>\t\t\t\t\t\t\t\t\t\t\t\t\t\t\t<\/div>\n\t\t\t\t<\/div>\n\t\t\t\t\t<\/div>\n\t\t<\/div>\n\t\t\t\t\t<\/div>\n\t\t<\/section>\n\t\t\t\t\t<\/div>\n\t\t<\/div>\n\t\t\t\t\t<\/div>\n\t\t<\/section>\n\t\t\t\t<section class=\"ob-is-breaking-bad elementor-section elementor-top-section elementor-element elementor-element-c845c2e elementor-reverse-mobile_extra elementor-reverse-mobile elementor-section-boxed elementor-section-height-default elementor-section-height-default\" data-id=\"c845c2e\" data-element_type=\"section\" data-e-type=\"section\" data-settings=\"{&quot;background_background&quot;:&quot;classic&quot;,&quot;_ob_bbad_use_it&quot;:&quot;yes&quot;,&quot;_ob_bbad_sssic_use&quot;:&quot;no&quot;}\">\n\t\t\t\t\t\t<div class=\"elementor-container elementor-column-gap-no\">\n\t\t\t\t\t<div class=\"elementor-column elementor-col-50 elementor-top-column elementor-element elementor-element-87bba52\" data-id=\"87bba52\" data-element_type=\"column\" data-e-type=\"column\" data-settings=\"{&quot;_ob_bbad_is_stalker&quot;:&quot;no&quot;}\">\n\t\t\t<div class=\"elementor-widget-wrap elementor-element-populated\">\n\t\t\t\t\t\t<div class=\"elementor-element elementor-element-2a7916f elementor-widget elementor-widget-image\" data-id=\"2a7916f\" data-element_type=\"widget\" data-e-type=\"widget\" data-widget_type=\"image.default\">\n\t\t\t\t<div class=\"elementor-widget-container\">\n\t\t\t\t\t\t\t\t\t\t\t\t\t\t\t<img decoding=\"async\" width=\"597\" height=\"752\" src=\"https:\/\/skimarathon.ca\/wp-content\/uploads\/2022\/11\/Ski-marathon-sentier-entrainement.jpg\" class=\"attachment-full size-full wp-image-2151\" alt=\"\" srcset=\"https:\/\/skimarathon.ca\/wp-content\/uploads\/2022\/11\/Ski-marathon-sentier-entrainement.jpg 597w, https:\/\/skimarathon.ca\/wp-content\/uploads\/2022\/11\/Ski-marathon-sentier-entrainement-238x300.jpg 238w\" sizes=\"(max-width: 597px) 100vw, 597px\" \/>\t\t\t\t\t\t\t\t\t\t\t\t\t\t\t<\/div>\n\t\t\t\t<\/div>\n\t\t\t\t\t<\/div>\n\t\t<\/div>\n\t\t\t\t<div class=\"elementor-column elementor-col-50 elementor-top-column elementor-element elementor-element-c54cee4\" data-id=\"c54cee4\" data-element_type=\"column\" data-e-type=\"column\" data-settings=\"{&quot;_ob_bbad_is_stalker&quot;:&quot;no&quot;}\">\n\t\t\t<div class=\"elementor-widget-wrap elementor-element-populated\">\n\t\t\t\t\t\t<div class=\"elementor-element elementor-element-b3bdc02 elementor-widget elementor-widget-heading\" data-id=\"b3bdc02\" data-element_type=\"widget\" data-e-type=\"widget\" data-widget_type=\"heading.default\">\n\t\t\t\t<div class=\"elementor-widget-container\">\n\t\t\t\t\t<h2 class=\"elementor-heading-title elementor-size-default\">Pour gagner la reconnaissance :<\/h2>\t\t\t\t<\/div>\n\t\t\t\t<\/div>\n\t\t\t\t<div class=\"elementor-element elementor-element-e69f508 elementor-align-start list__align__top elementor-icon-list--layout-traditional elementor-list-item-link-full_width elementor-widget elementor-widget-icon-list\" data-id=\"e69f508\" data-element_type=\"widget\" data-e-type=\"widget\" data-widget_type=\"icon-list.default\">\n\t\t\t\t<div class=\"elementor-widget-container\">\n\t\t\t\t\t\t\t<ul class=\"elementor-icon-list-items\">\n\t\t\t\t\t\t\t<li class=\"elementor-icon-list-item\">\n\t\t\t\t\t\t\t\t\t\t\t<span class=\"elementor-icon-list-icon\">\n\t\t\t\t\t\t\t<svg xmlns=\"http:\/\/www.w3.org\/2000\/svg\" width=\"60.533\" height=\"15.377\" viewBox=\"0 0 60.533 15.377\"><path id=\"Trac&#xE9;_107\" data-name=\"Trac&#xE9; 107\" d=\"M122.612,144.235l2.232,2.232,7.689-7.689-7.689-7.689-2.232,2.232,3.878,3.878H72v3.158h54.49Z\" transform=\"translate(-72 -131.09)\" fill=\"#1e9cce\"><\/path><\/svg>\t\t\t\t\t\t<\/span>\n\t\t\t\t\t\t\t\t\t\t<span class=\"elementor-icon-list-text\">Visitez un centre et achetez un laissez-passer si n\u00e9cessaire. Dites-leur que vous \u00eates un skieur MCS et que vous visitez leur piste d\u2019entra\u00eenement.<\/span>\n\t\t\t\t\t\t\t\t\t<\/li>\n\t\t\t\t\t\t\t\t<li class=\"elementor-icon-list-item\">\n\t\t\t\t\t\t\t\t\t\t\t<span class=\"elementor-icon-list-icon\">\n\t\t\t\t\t\t\t<svg xmlns=\"http:\/\/www.w3.org\/2000\/svg\" width=\"60.533\" height=\"15.377\" viewBox=\"0 0 60.533 15.377\"><path id=\"Trac&#xE9;_107\" data-name=\"Trac&#xE9; 107\" d=\"M122.612,144.235l2.232,2.232,7.689-7.689-7.689-7.689-2.232,2.232,3.878,3.878H72v3.158h54.49Z\" transform=\"translate(-72 -131.09)\" fill=\"#1e9cce\"><\/path><\/svg>\t\t\t\t\t\t<\/span>\n\t\t\t\t\t\t\t\t\t\t<span class=\"elementor-icon-list-text\">Skiez une partie ou la totalit\u00e9 de leur piste d\u2019entra\u00eenement. Si c\u2019est long, vous n\u2019\u00eates pas oblig\u00e9 de tout skier.<\/span>\n\t\t\t\t\t\t\t\t\t<\/li>\n\t\t\t\t\t\t\t\t<li class=\"elementor-icon-list-item\">\n\t\t\t\t\t\t\t\t\t\t\t<span class=\"elementor-icon-list-icon\">\n\t\t\t\t\t\t\t<svg xmlns=\"http:\/\/www.w3.org\/2000\/svg\" width=\"60.533\" height=\"15.377\" viewBox=\"0 0 60.533 15.377\"><path id=\"Trac&#xE9;_107\" data-name=\"Trac&#xE9; 107\" d=\"M122.612,144.235l2.232,2.232,7.689-7.689-7.689-7.689-2.232,2.232,3.878,3.878H72v3.158h54.49Z\" transform=\"translate(-72 -131.09)\" fill=\"#1e9cce\"><\/path><\/svg>\t\t\t\t\t\t<\/span>\n\t\t\t\t\t\t\t\t\t\t<span class=\"elementor-icon-list-text\">Notez la date et la distance sur la page appropri\u00e9e de ce livre.<\/span>\n\t\t\t\t\t\t\t\t\t<\/li>\n\t\t\t\t\t\t\t\t<li class=\"elementor-icon-list-item\">\n\t\t\t\t\t\t\t\t\t\t\t<span class=\"elementor-icon-list-icon\">\n\t\t\t\t\t\t\t<svg xmlns=\"http:\/\/www.w3.org\/2000\/svg\" width=\"60.533\" height=\"15.377\" viewBox=\"0 0 60.533 15.377\"><path id=\"Trac&#xE9;_107\" data-name=\"Trac&#xE9; 107\" d=\"M122.612,144.235l2.232,2.232,7.689-7.689-7.689-7.689-2.232,2.232,3.878,3.878H72v3.158h54.49Z\" transform=\"translate(-72 -131.09)\" fill=\"#1e9cce\"><\/path><\/svg>\t\t\t\t\t\t<\/span>\n\t\t\t\t\t\t\t\t\t\t<span class=\"elementor-icon-list-text\">Envisagez de prendre une photo de vous qui montre que vous \u00eates dans ce centre. Envisagez de porter des v\u00eatements ou des \u00e9quipements MCS.<\/span>\n\t\t\t\t\t\t\t\t\t<\/li>\n\t\t\t\t\t\t\t\t<li class=\"elementor-icon-list-item\">\n\t\t\t\t\t\t\t\t\t\t\t<span class=\"elementor-icon-list-icon\">\n\t\t\t\t\t\t\t<svg xmlns=\"http:\/\/www.w3.org\/2000\/svg\" width=\"60.533\" height=\"15.377\" viewBox=\"0 0 60.533 15.377\"><path id=\"Trac&#xE9;_107\" data-name=\"Trac&#xE9; 107\" d=\"M122.612,144.235l2.232,2.232,7.689-7.689-7.689-7.689-2.232,2.232,3.878,3.878H72v3.158h54.49Z\" transform=\"translate(-72 -131.09)\" fill=\"#1e9cce\"><\/path><\/svg>\t\t\t\t\t\t<\/span>\n\t\t\t\t\t\t\t\t\t\t<span class=\"elementor-icon-list-text\">Lorsque vous aurez visit\u00e9 le nombre de centres requis, envoyez un courriel  \u00e0 <a href=\"mailto:info@skimarathon.ca\">info@skimarathon.ca<\/a> en indiquant les lieux, les dates et les distances ski\u00e9es.<\/span>\n\t\t\t\t\t\t\t\t\t<\/li>\n\t\t\t\t\t\t\t\t<li class=\"elementor-icon-list-item\">\n\t\t\t\t\t\t\t\t\t\t\t<span class=\"elementor-icon-list-icon\">\n\t\t\t\t\t\t\t<svg xmlns=\"http:\/\/www.w3.org\/2000\/svg\" width=\"60.533\" height=\"15.377\" viewBox=\"0 0 60.533 15.377\"><path id=\"Trac&#xE9;_107\" data-name=\"Trac&#xE9; 107\" d=\"M122.612,144.235l2.232,2.232,7.689-7.689-7.689-7.689-2.232,2.232,3.878,3.878H72v3.158h54.49Z\" transform=\"translate(-72 -131.09)\" fill=\"#1e9cce\"><\/path><\/svg>\t\t\t\t\t\t<\/span>\n\t\t\t\t\t\t\t\t\t\t<span class=\"elementor-icon-list-text\">Il y a une somme modique pour le prix.<\/span>\n\t\t\t\t\t\t\t\t\t<\/li>\n\t\t\t\t\t\t<\/ul>\n\t\t\t\t\t\t<\/div>\n\t\t\t\t<\/div>\n\t\t\t\t\t<\/div>\n\t\t<\/div>\n\t\t\t\t\t<\/div>\n\t\t<\/section>\n\t\t\t\t<section class=\"ob-is-breaking-bad elementor-section elementor-top-section elementor-element elementor-element-72ecae9 elementor-section-boxed elementor-section-height-default elementor-section-height-default\" data-id=\"72ecae9\" data-element_type=\"section\" data-e-type=\"section\" data-settings=\"{&quot;_ob_bbad_use_it&quot;:&quot;yes&quot;,&quot;_ob_bbad_sssic_use&quot;:&quot;no&quot;}\">\n\t\t\t\t\t\t<div class=\"elementor-container elementor-column-gap-default\">\n\t\t\t\t\t<div class=\"elementor-column elementor-col-100 elementor-top-column elementor-element elementor-element-b4f82ae\" data-id=\"b4f82ae\" data-element_type=\"column\" data-e-type=\"column\" data-settings=\"{&quot;_ob_bbad_is_stalker&quot;:&quot;no&quot;}\">\n\t\t\t<div class=\"elementor-widget-wrap elementor-element-populated\">\n\t\t\t\t\t\t<div class=\"elementor-element elementor-element-fff58c7 elementor-widget__width-initial elementor-widget-mobile__width-initial elementor-widget elementor-widget-heading\" data-id=\"fff58c7\" data-element_type=\"widget\" data-e-type=\"widget\" data-widget_type=\"heading.default\">\n\t\t\t\t<div class=\"elementor-widget-container\">\n\t\t\t\t\t<h2 class=\"elementor-heading-title elementor-size-default\">Nous esp\u00e9rons que vous d\u00e9couvrirez de nouveaux domaines skiables et que vous contribuerez \u00e0 l\u2019histoire du MCS !<\/h2>\t\t\t\t<\/div>\n\t\t\t\t<\/div>\n\t\t\t\t\t<\/div>\n\t\t<\/div>\n\t\t\t\t\t<\/div>\n\t\t<\/section>\n\t\t\t\t<section class=\"ob-is-breaking-bad elementor-section elementor-top-section elementor-element elementor-element-3f2a5f9 elementor-section-height-min-height elementor-section-boxed elementor-section-height-default elementor-section-items-middle\" data-id=\"3f2a5f9\" data-element_type=\"section\" data-e-type=\"section\" data-settings=\"{&quot;background_background&quot;:&quot;classic&quot;,&quot;_ob_bbad_use_it&quot;:&quot;yes&quot;,&quot;_ob_bbad_sssic_use&quot;:&quot;no&quot;}\">\n\t\t\t\t\t\t<div class=\"elementor-container elementor-column-gap-default\">\n\t\t\t\t\t<div class=\"elementor-column elementor-col-100 elementor-top-column elementor-element elementor-element-7d0e3e6\" data-id=\"7d0e3e6\" data-element_type=\"column\" data-e-type=\"column\" data-settings=\"{&quot;_ob_bbad_is_stalker&quot;:&quot;no&quot;}\">\n\t\t\t<div class=\"elementor-widget-wrap\">\n\t\t\t\t\t\t\t<\/div>\n\t\t<\/div>\n\t\t\t\t\t<\/div>\n\t\t<\/section>\n\t\t\t\t<\/div>\n\t\t","protected":false},"excerpt":{"rendered":"<p>Passeport officiel des sentiers d\u2019entra\u00eenement Le Marathon canadien de ski est tr\u00e8s heureux de promouvoir un partenariat \u00e9largi avec des clubs de ski de fond et des centres de vill\u00e9giature \u00e0 travers le Canada et les \u00c9tats-Unis. Nous voulons inspirer les gens \u00e0 skier dans de nombreux endroits diff\u00e9rents avec des pistes de bonne qualit\u00e9. [&hellip;]<\/p>\n","protected":false},"author":1,"featured_media":0,"parent":0,"menu_order":0,"comment_status":"closed","ping_status":"closed","template":"elementor_header_footer","meta":{"_seopress_robots_primary_cat":"","_seopress_titles_title":"","_seopress_titles_desc":"","_seopress_robots_index":"","inline_featured_image":false,"footnotes":""},"class_list":["post-2136","page","type-page","status-publish","hentry"],"_links":{"self":[{"href":"https:\/\/skimarathon.ca\/fr\/wp-json\/wp\/v2\/pages\/2136","targetHints":{"allow":["GET"]}}],"collection":[{"href":"https:\/\/skimarathon.ca\/fr\/wp-json\/wp\/v2\/pages"}],"about":[{"href":"https:\/\/skimarathon.ca\/fr\/wp-json\/wp\/v2\/types\/page"}],"author":[{"embeddable":true,"href":"https:\/\/skimarathon.ca\/fr\/wp-json\/wp\/v2\/users\/1"}],"replies":[{"embeddable":true,"href":"https:\/\/skimarathon.ca\/fr\/wp-json\/wp\/v2\/comments?post=2136"}],"version-history":[{"count":49,"href":"https:\/\/skimarathon.ca\/fr\/wp-json\/wp\/v2\/pages\/2136\/revisions"}],"predecessor-version":[{"id":9070,"href":"https:\/\/skimarathon.ca\/fr\/wp-json\/wp\/v2\/pages\/2136\/revisions\/9070"}],"wp:attachment":[{"href":"https:\/\/skimarathon.ca\/fr\/wp-json\/wp\/v2\/media?parent=2136"}],"curies":[{"name":"wp","href":"https:\/\/api.w.org\/{rel}","templated":true}]}}