{"id":17969,"date":"2026-02-16T10:26:30","date_gmt":"2026-02-16T15:26:30","guid":{"rendered":"https:\/\/skimarathon.ca\/?page_id=17969"},"modified":"2026-02-16T12:12:33","modified_gmt":"2026-02-16T17:12:33","slug":"prix-du-club-des-jeunes-2026","status":"publish","type":"page","link":"https:\/\/skimarathon.ca\/fr\/resultats\/prix-du-club-des-jeunes-2026\/","title":{"rendered":"Prix du Club des jeunes 2026"},"content":{"rendered":"\t\t<div data-elementor-type=\"wp-page\" data-elementor-id=\"17969\" class=\"elementor elementor-17969 elementor-17926\" data-elementor-settings=\"{&quot;ha_cmc_init_switcher&quot;:&quot;no&quot;}\" data-elementor-post-type=\"page\">\n\t\t\t\t\t\t<section class=\"ob-is-breaking-bad elementor-section elementor-top-section elementor-element elementor-element-b962f93 elementor-section-height-min-height elementor-section-boxed elementor-section-height-default elementor-section-items-middle\" data-id=\"b962f93\" data-element_type=\"section\" data-e-type=\"section\" data-settings=\"{&quot;background_background&quot;:&quot;classic&quot;,&quot;_ob_bbad_use_it&quot;:&quot;yes&quot;,&quot;_ob_bbad_sssic_use&quot;:&quot;no&quot;}\">\n\t\t\t\t\t\t<div class=\"elementor-container elementor-column-gap-default\">\n\t\t\t\t\t<div class=\"elementor-column elementor-col-100 elementor-top-column elementor-element elementor-element-33d7007\" data-id=\"33d7007\" data-element_type=\"column\" data-e-type=\"column\" data-settings=\"{&quot;_ob_bbad_is_stalker&quot;:&quot;no&quot;}\">\n\t\t\t<div class=\"elementor-widget-wrap elementor-element-populated\">\n\t\t\t\t\t\t<div class=\"elementor-element elementor-element-1b73fd2 elementor-widget elementor-widget-heading\" data-id=\"1b73fd2\" data-element_type=\"widget\" data-e-type=\"widget\" data-widget_type=\"heading.default\">\n\t\t\t\t<div class=\"elementor-widget-container\">\n\t\t\t\t\t<h2 class=\"elementor-heading-title elementor-size-default\">Prix du Club des jeunes 2026<\/h2>\t\t\t\t<\/div>\n\t\t\t\t<\/div>\n\t\t\t\t\t<\/div>\n\t\t<\/div>\n\t\t\t\t\t<\/div>\n\t\t<\/section>\n\t\t\t\t<section class=\"ob-is-breaking-bad elementor-section elementor-top-section elementor-element elementor-element-ddb237e elementor-section-boxed elementor-section-height-default elementor-section-height-default\" data-id=\"ddb237e\" data-element_type=\"section\" data-e-type=\"section\" data-settings=\"{&quot;_ob_bbad_use_it&quot;:&quot;yes&quot;,&quot;_ob_bbad_sssic_use&quot;:&quot;no&quot;}\">\n\t\t\t\t\t\t<div class=\"elementor-container elementor-column-gap-default\">\n\t\t\t\t\t<div class=\"elementor-column elementor-col-100 elementor-top-column elementor-element elementor-element-5cfbd73\" data-id=\"5cfbd73\" data-element_type=\"column\" data-e-type=\"column\" data-settings=\"{&quot;_ob_bbad_is_stalker&quot;:&quot;no&quot;}\">\n\t\t\t<div class=\"elementor-widget-wrap elementor-element-populated\">\n\t\t\t\t\t\t<div class=\"elementor-element elementor-element-cd5df1c elementor-tabs-alignment-center elementor-hidden-tablet elementor-hidden-mobile_extra elementor-hidden-mobile elementor-tabs-view-horizontal elementor-widget elementor-widget-tabs\" data-id=\"cd5df1c\" data-element_type=\"widget\" data-e-type=\"widget\" id=\"custom_data_table\" data-widget_type=\"tabs.default\">\n\t\t\t\t<div class=\"elementor-widget-container\">\n\t\t\t\t\t\t\t<div class=\"elementor-tabs\">\n\t\t\t<div class=\"elementor-tabs-wrapper\" role=\"tablist\" >\n\t\t\t\t\t\t\t\t\t<div id=\"elementor-tab-title-2151\" class=\"elementor-tab-title elementor-tab-desktop-title\" aria-selected=\"true\" data-tab=\"1\" role=\"tab\" tabindex=\"0\" aria-controls=\"elementor-tab-content-2151\" aria-expanded=\"false\">Championne - Filles<\/div>\n\t\t\t\t\t\t\t\t\t<div id=\"elementor-tab-title-2152\" class=\"elementor-tab-title elementor-tab-desktop-title\" aria-selected=\"false\" data-tab=\"2\" role=\"tab\" tabindex=\"-1\" aria-controls=\"elementor-tab-content-2152\" aria-expanded=\"false\">Championne - Gar\u00e7ons<\/div>\n\t\t\t\t\t\t\t\t\t<div id=\"elementor-tab-title-2153\" class=\"elementor-tab-title elementor-tab-desktop-title\" aria-selected=\"false\" data-tab=\"3\" role=\"tab\" tabindex=\"-1\" aria-controls=\"elementor-tab-content-2153\" aria-expanded=\"false\">2e position - Filles<\/div>\n\t\t\t\t\t\t\t\t\t<div id=\"elementor-tab-title-2154\" class=\"elementor-tab-title elementor-tab-desktop-title\" aria-selected=\"false\" data-tab=\"4\" role=\"tab\" tabindex=\"-1\" aria-controls=\"elementor-tab-content-2154\" aria-expanded=\"false\">2e position - Gar\u00e7ons<\/div>\n\t\t\t\t\t\t\t<\/div>\n\t\t\t<div class=\"elementor-tabs-content-wrapper\" role=\"tablist\" aria-orientation=\"vertical\">\n\t\t\t\t\t\t\t\t\t<div class=\"elementor-tab-title elementor-tab-mobile-title\" aria-selected=\"true\" data-tab=\"1\" role=\"tab\" tabindex=\"0\" aria-controls=\"elementor-tab-content-2151\" aria-expanded=\"false\">Championne - Filles<\/div>\n\t\t\t\t\t<div id=\"elementor-tab-content-2151\" class=\"elementor-tab-content elementor-clearfix\" data-tab=\"1\" role=\"tabpanel\" aria-labelledby=\"elementor-tab-title-2151\" tabindex=\"0\" hidden=\"false\"><h3><strong>\u00c9quipe Championne D\u00e9fi des Clubs Jeunesse &#8211; Filles<\/strong><br \/>XXXX<br \/><strong>Total de sections: NN<\/strong><br \/><strong>Total de skieurs: NN<\/strong><br \/><strong>Moyenne de sections par skieur: N.N<\/strong><\/h3>\n<table id=\"tablepress-46\" class=\"tablepress tablepress-id-46 tablepress-responsive tablepress-responsive-tablet\">\n<thead>\n<tr class=\"row-1\">\n\t<th class=\"column-1\">Dossard<\/th><th class=\"column-2\">Nom<\/th><th class=\"column-3\">\u00c2ge<\/th><th class=\"column-4\">\u00e9quipe<\/th><th class=\"column-5\">AgeAward<\/th>\n<\/tr>\n<\/thead>\n<tbody class=\"row-striping row-hover\">\n<\/tbody>\n<\/table>\n<!-- #tablepress-46 from cache --><\/div>\n\t\t\t\t\t\t\t\t\t<div class=\"elementor-tab-title elementor-tab-mobile-title\" aria-selected=\"false\" data-tab=\"2\" role=\"tab\" tabindex=\"-1\" aria-controls=\"elementor-tab-content-2152\" aria-expanded=\"false\">Championne - Gar\u00e7ons<\/div>\n\t\t\t\t\t<div id=\"elementor-tab-content-2152\" class=\"elementor-tab-content elementor-clearfix\" data-tab=\"2\" role=\"tabpanel\" aria-labelledby=\"elementor-tab-title-2152\" tabindex=\"0\" hidden=\"hidden\"><h3><strong>\u00c9quipe Championne D\u00e9fi des Clubs Jeunesse &#8211; Gar\u00e7ons<br \/><\/strong>XXXXX<br \/><strong>Total de sections: NN<\/strong><br \/><strong>Total de skieurs: NN<\/strong><br \/><strong>Moyenne de sections par skieur: NN<\/strong><\/h3>\n<table id=\"tablepress-46-no-2\" class=\"tablepress tablepress-id-46 tablepress-responsive tablepress-responsive-tablet\">\n<thead>\n<tr class=\"row-1\">\n\t<th class=\"column-1\">Dossard<\/th><th class=\"column-2\">Nom<\/th><th class=\"column-3\">\u00c2ge<\/th><th class=\"column-4\">\u00e9quipe<\/th><th class=\"column-5\">AgeAward<\/th>\n<\/tr>\n<\/thead>\n<tbody class=\"row-striping row-hover\">\n<\/tbody>\n<\/table>\n<!-- #tablepress-46-no-2 from cache --><\/div>\n\t\t\t\t\t\t\t\t\t<div class=\"elementor-tab-title elementor-tab-mobile-title\" aria-selected=\"false\" data-tab=\"3\" role=\"tab\" tabindex=\"-1\" aria-controls=\"elementor-tab-content-2153\" aria-expanded=\"false\">2e position - Filles<\/div>\n\t\t\t\t\t<div id=\"elementor-tab-content-2153\" class=\"elementor-tab-content elementor-clearfix\" data-tab=\"3\" role=\"tabpanel\" aria-labelledby=\"elementor-tab-title-2153\" tabindex=\"0\" hidden=\"hidden\"><h3><strong>D\u00e9fi des Clubs Junior 2023 &#8211; 2e position &#8211; Filles<\/strong><br \/><b>XXXX<\/b><br \/><strong>Total de sections: NN<\/strong><br \/><strong>Total de skieurs: NN<\/strong><br \/><strong>Moyenne de sections par skieur: N.NN<\/strong><\/h3>\n<table id=\"tablepress-46-no-3\" class=\"tablepress tablepress-id-46 tablepress-responsive tablepress-responsive-tablet\">\n<thead>\n<tr class=\"row-1\">\n\t<th class=\"column-1\">Dossard<\/th><th class=\"column-2\">Nom<\/th><th class=\"column-3\">\u00c2ge<\/th><th class=\"column-4\">\u00e9quipe<\/th><th class=\"column-5\">AgeAward<\/th>\n<\/tr>\n<\/thead>\n<tbody class=\"row-striping row-hover\">\n<\/tbody>\n<\/table>\n<!-- #tablepress-46-no-3 from cache --><\/div>\n\t\t\t\t\t\t\t\t\t<div class=\"elementor-tab-title elementor-tab-mobile-title\" aria-selected=\"false\" data-tab=\"4\" role=\"tab\" tabindex=\"-1\" aria-controls=\"elementor-tab-content-2154\" aria-expanded=\"false\">2e position - Gar\u00e7ons<\/div>\n\t\t\t\t\t<div id=\"elementor-tab-content-2154\" class=\"elementor-tab-content elementor-clearfix\" data-tab=\"4\" role=\"tabpanel\" aria-labelledby=\"elementor-tab-title-2154\" tabindex=\"0\" hidden=\"hidden\"><h3><strong>D\u00e9fi des Clubs Junior 2023 &#8211; 2e position &#8211; XXXXX<\/strong><br \/><strong>Total de sections: NN<\/strong><br \/><strong>Total de skieurs: NN<\/strong><br \/><strong>Moyenne de sections par skieur: NN<\/strong><\/h3>\n<table id=\"tablepress-46-no-4\" class=\"tablepress tablepress-id-46 tablepress-responsive tablepress-responsive-tablet\">\n<thead>\n<tr class=\"row-1\">\n\t<th class=\"column-1\">Dossard<\/th><th class=\"column-2\">Nom<\/th><th class=\"column-3\">\u00c2ge<\/th><th class=\"column-4\">\u00e9quipe<\/th><th class=\"column-5\">AgeAward<\/th>\n<\/tr>\n<\/thead>\n<tbody class=\"row-striping row-hover\">\n<\/tbody>\n<\/table>\n<!-- #tablepress-46-no-4 from cache --><\/div>\n\t\t\t\t\t\t\t<\/div>\n\t\t<\/div>\n\t\t\t\t\t\t<\/div>\n\t\t\t\t<\/div>\n\t\t\t\t<div class=\"elementor-element elementor-element-869e689 elementor-hidden-widescreen elementor-hidden-desktop elementor-hidden-laptop elementor-hidden-tablet_extra elementor-widget elementor-widget-toggle\" data-id=\"869e689\" data-element_type=\"widget\" data-e-type=\"widget\" id=\"custom_data_table\" data-widget_type=\"toggle.default\">\n\t\t\t\t<div class=\"elementor-widget-container\">\n\t\t\t\t\t\t\t<div class=\"elementor-toggle\">\n\t\t\t\t\t\t\t<div class=\"elementor-toggle-item\">\n\t\t\t\t\t<div id=\"elementor-tab-title-1411\" class=\"elementor-tab-title\" data-tab=\"1\" role=\"button\" aria-controls=\"elementor-tab-content-1411\" aria-expanded=\"false\">\n\t\t\t\t\t\t\t\t\t\t\t\t<span class=\"elementor-toggle-icon elementor-toggle-icon-right\" aria-hidden=\"true\">\n\t\t\t\t\t\t\t\t\t\t\t\t\t\t\t<span class=\"elementor-toggle-icon-closed\"><i class=\"fas fa-caret-right\"><\/i><\/span>\n\t\t\t\t\t\t\t\t<span class=\"elementor-toggle-icon-opened\"><i class=\"elementor-toggle-icon-opened fas fa-caret-up\"><\/i><\/span>\n\t\t\t\t\t\t\t\t\t\t\t\t\t<\/span>\n\t\t\t\t\t\t\t\t\t\t\t\t<a class=\"elementor-toggle-title\" tabindex=\"0\">Championne - Filles<\/a>\n\t\t\t\t\t<\/div>\n\n\t\t\t\t\t<div id=\"elementor-tab-content-1411\" class=\"elementor-tab-content elementor-clearfix\" data-tab=\"1\" role=\"region\" aria-labelledby=\"elementor-tab-title-1411\"><h3><strong>\u00c9quipe Championne D\u00e9fi des Clubs Jeunesse &#8211; Filles<\/strong><br \/><strong>Club Chelsea Nordiq (QC)<\/strong><br \/><strong>Total de sections: 59<\/strong><br \/><strong>Total de skieurs: 11<\/strong><br \/><strong>Moyenne de sections par skieur: 5.36<\/strong><\/h3>\n<table id=\"tablepress-34\" class=\"tablepress tablepress-id-34 tablepress-responsive tablepress-responsive-tablet\">\n<thead>\n<tr class=\"row-1\">\n\t<th class=\"column-1\">Dossard<\/th><th class=\"column-2\">Nom<\/th><th class=\"column-3\">\u00c2ge<\/th><th class=\"column-4\">Sections<\/th>\n<\/tr>\n<\/thead>\n<tbody class=\"row-striping row-hover\">\n<tr class=\"row-2\">\n\t<td class=\"column-1\">1606<\/td><td class=\"column-2\">Ada Weber<\/td><td class=\"column-3\">16<\/td><td class=\"column-4\">10<\/td>\n<\/tr>\n<tr class=\"row-3\">\n\t<td class=\"column-1\">1615<\/td><td class=\"column-2\">Sofia Lake<\/td><td class=\"column-3\">16<\/td><td class=\"column-4\">10<\/td>\n<\/tr>\n<tr class=\"row-4\">\n\t<td class=\"column-1\">9195<\/td><td class=\"column-2\">Elise Furry<\/td><td class=\"column-3\">16<\/td><td class=\"column-4\">6<\/td>\n<\/tr>\n<tr class=\"row-5\">\n\t<td class=\"column-1\">2367<\/td><td class=\"column-2\">Isabelle White<\/td><td class=\"column-3\">16<\/td><td class=\"column-4\">6<\/td>\n<\/tr>\n<tr class=\"row-6\">\n\t<td class=\"column-1\">9192<\/td><td class=\"column-2\">Yola Wilts<\/td><td class=\"column-3\">16<\/td><td class=\"column-4\">6<\/td>\n<\/tr>\n<tr class=\"row-7\">\n\t<td class=\"column-1\">1613<\/td><td class=\"column-2\">Tess Brisson<\/td><td class=\"column-3\">15<\/td><td class=\"column-4\">10<\/td>\n<\/tr>\n<tr class=\"row-8\">\n\t<td class=\"column-1\">5065<\/td><td class=\"column-2\">Alison Meftahi<\/td><td class=\"column-3\">12<\/td><td class=\"column-4\">3<\/td>\n<\/tr>\n<tr class=\"row-9\">\n\t<td class=\"column-1\">9199<\/td><td class=\"column-2\">Zoe Meldrum<\/td><td class=\"column-3\">11<\/td><td class=\"column-4\">5<\/td>\n<\/tr>\n<tr class=\"row-10\">\n\t<td class=\"column-1\">9200<\/td><td class=\"column-2\">Freya Dutka<\/td><td class=\"column-3\">11<\/td><td class=\"column-4\">4<\/td>\n<\/tr>\n<tr class=\"row-11\">\n\t<td class=\"column-1\">5066<\/td><td class=\"column-2\">Olivia Meftahi<\/td><td class=\"column-3\">9<\/td><td class=\"column-4\">3<\/td>\n<\/tr>\n<\/tbody>\n<\/table>\n<!-- #tablepress-34 from cache --><\/div>\n\t\t\t\t<\/div>\n\t\t\t\t\t\t\t<div class=\"elementor-toggle-item\">\n\t\t\t\t\t<div id=\"elementor-tab-title-1412\" class=\"elementor-tab-title\" data-tab=\"2\" role=\"button\" aria-controls=\"elementor-tab-content-1412\" aria-expanded=\"false\">\n\t\t\t\t\t\t\t\t\t\t\t\t<span class=\"elementor-toggle-icon elementor-toggle-icon-right\" aria-hidden=\"true\">\n\t\t\t\t\t\t\t\t\t\t\t\t\t\t\t<span class=\"elementor-toggle-icon-closed\"><i class=\"fas fa-caret-right\"><\/i><\/span>\n\t\t\t\t\t\t\t\t<span class=\"elementor-toggle-icon-opened\"><i class=\"elementor-toggle-icon-opened fas fa-caret-up\"><\/i><\/span>\n\t\t\t\t\t\t\t\t\t\t\t\t\t<\/span>\n\t\t\t\t\t\t\t\t\t\t\t\t<a class=\"elementor-toggle-title\" tabindex=\"0\">Championne - Gar\u00e7ons<\/a>\n\t\t\t\t\t<\/div>\n\n\t\t\t\t\t<div id=\"elementor-tab-content-1412\" class=\"elementor-tab-content elementor-clearfix\" data-tab=\"2\" role=\"region\" aria-labelledby=\"elementor-tab-title-1412\"><h3><strong>\u00c9quipe Championne D\u00e9fi des Clubs Jeunesse &#8211; Gar\u00e7ons<\/strong><br \/><strong>Nakkertok Nordic (ON)<\/strong><br \/><strong>Total de sections: 89<\/strong><br \/><strong>Total de skieurs: 12<\/strong><br \/><strong>Moyenne de sections par skieur: 7.42<\/strong><\/h3>\n<table id=\"tablepress-34-no-2\" class=\"tablepress tablepress-id-34 tablepress-responsive tablepress-responsive-tablet\">\n<thead>\n<tr class=\"row-1\">\n\t<th class=\"column-1\">Dossard<\/th><th class=\"column-2\">Nom<\/th><th class=\"column-3\">\u00c2ge<\/th><th class=\"column-4\">Sections<\/th>\n<\/tr>\n<\/thead>\n<tbody class=\"row-striping row-hover\">\n<tr class=\"row-2\">\n\t<td class=\"column-1\">504<\/td><td class=\"column-2\">Pierce Lindsay<\/td><td class=\"column-3\">17<\/td><td class=\"column-4\">10<\/td>\n<\/tr>\n<tr class=\"row-3\">\n\t<td class=\"column-1\">9047<\/td><td class=\"column-2\">George Nor<\/td><td class=\"column-3\">16<\/td><td class=\"column-4\">10<\/td>\n<\/tr>\n<tr class=\"row-4\">\n\t<td class=\"column-1\">2233<\/td><td class=\"column-2\">Cal Lethbridge<\/td><td class=\"column-3\">16<\/td><td class=\"column-4\">2<\/td>\n<\/tr>\n<tr class=\"row-5\">\n\t<td class=\"column-1\">1569<\/td><td class=\"column-2\">Clive Ross<\/td><td class=\"column-3\">15<\/td><td class=\"column-4\">10<\/td>\n<\/tr>\n<tr class=\"row-6\">\n\t<td class=\"column-1\">1542<\/td><td class=\"column-2\">Olivier Thibault<\/td><td class=\"column-3\">15<\/td><td class=\"column-4\">10<\/td>\n<\/tr>\n<tr class=\"row-7\">\n\t<td class=\"column-1\">9049<\/td><td class=\"column-2\">Benjamin Batchelor<\/td><td class=\"column-3\">15<\/td><td class=\"column-4\">10<\/td>\n<\/tr>\n<tr class=\"row-8\">\n\t<td class=\"column-1\">607<\/td><td class=\"column-2\">Cordon Hawkes<\/td><td class=\"column-3\">15<\/td><td class=\"column-4\">10<\/td>\n<\/tr>\n<tr class=\"row-9\">\n\t<td class=\"column-1\">9045<\/td><td class=\"column-2\">Zachary Wells<\/td><td class=\"column-3\">15<\/td><td class=\"column-4\">10<\/td>\n<\/tr>\n<tr class=\"row-10\">\n\t<td class=\"column-1\">9052<\/td><td class=\"column-2\">Kobe Thompson<\/td><td class=\"column-3\">13<\/td><td class=\"column-4\">10<\/td>\n<\/tr>\n<tr class=\"row-11\">\n\t<td class=\"column-1\">6006<\/td><td class=\"column-2\">Alexander Williams<\/td><td class=\"column-3\">12<\/td><td class=\"column-4\">4<\/td>\n<\/tr>\n<tr class=\"row-12\">\n\t<td class=\"column-1\">9257<\/td><td class=\"column-2\">Ajay Villeneuve<\/td><td class=\"column-3\">10<\/td><td class=\"column-4\">1<\/td>\n<\/tr>\n<tr class=\"row-13\">\n\t<td class=\"column-1\">9262<\/td><td class=\"column-2\">Quintin Wells<\/td><td class=\"column-3\">9<\/td><td class=\"column-4\">3<\/td>\n<\/tr>\n<\/tbody>\n<\/table>\n<!-- #tablepress-34-no-2 from cache --><\/div>\n\t\t\t\t<\/div>\n\t\t\t\t\t\t\t<div class=\"elementor-toggle-item\">\n\t\t\t\t\t<div id=\"elementor-tab-title-1413\" class=\"elementor-tab-title\" data-tab=\"3\" role=\"button\" aria-controls=\"elementor-tab-content-1413\" aria-expanded=\"false\">\n\t\t\t\t\t\t\t\t\t\t\t\t<span class=\"elementor-toggle-icon elementor-toggle-icon-right\" aria-hidden=\"true\">\n\t\t\t\t\t\t\t\t\t\t\t\t\t\t\t<span class=\"elementor-toggle-icon-closed\"><i class=\"fas fa-caret-right\"><\/i><\/span>\n\t\t\t\t\t\t\t\t<span class=\"elementor-toggle-icon-opened\"><i class=\"elementor-toggle-icon-opened fas fa-caret-up\"><\/i><\/span>\n\t\t\t\t\t\t\t\t\t\t\t\t\t<\/span>\n\t\t\t\t\t\t\t\t\t\t\t\t<a class=\"elementor-toggle-title\" tabindex=\"0\">2e position - Filles<\/a>\n\t\t\t\t\t<\/div>\n\n\t\t\t\t\t<div id=\"elementor-tab-content-1413\" class=\"elementor-tab-content elementor-clearfix\" data-tab=\"3\" role=\"region\" aria-labelledby=\"elementor-tab-title-1413\"><h3><strong>D\u00e9fi des Clubs Junior &#8211; 2e position &#8211; Filles<\/strong><br \/><strong>XXXX<\/strong><br \/><strong>Total de sections: NN<\/strong><br \/><strong>Total de skieurs: NN<\/strong><br \/><strong>Moyenne de sections par skieur: N.N<\/strong><\/h3>\n<table id=\"tablepress-34-no-3\" class=\"tablepress tablepress-id-34 tablepress-responsive tablepress-responsive-tablet\">\n<thead>\n<tr class=\"row-1\">\n\t<th class=\"column-1\">Dossard<\/th><th class=\"column-2\">Nom<\/th><th class=\"column-3\">\u00c2ge<\/th><th class=\"column-4\">Sections<\/th>\n<\/tr>\n<\/thead>\n<tbody class=\"row-striping row-hover\">\n<\/tbody>\n<\/table>\n<!-- #tablepress-34-no-3 from cache --><\/div>\n\t\t\t\t<\/div>\n\t\t\t\t\t\t\t<div class=\"elementor-toggle-item\">\n\t\t\t\t\t<div id=\"elementor-tab-title-1414\" class=\"elementor-tab-title\" data-tab=\"4\" role=\"button\" aria-controls=\"elementor-tab-content-1414\" aria-expanded=\"false\">\n\t\t\t\t\t\t\t\t\t\t\t\t<span class=\"elementor-toggle-icon elementor-toggle-icon-right\" aria-hidden=\"true\">\n\t\t\t\t\t\t\t\t\t\t\t\t\t\t\t<span class=\"elementor-toggle-icon-closed\"><i class=\"fas fa-caret-right\"><\/i><\/span>\n\t\t\t\t\t\t\t\t<span class=\"elementor-toggle-icon-opened\"><i class=\"elementor-toggle-icon-opened fas fa-caret-up\"><\/i><\/span>\n\t\t\t\t\t\t\t\t\t\t\t\t\t<\/span>\n\t\t\t\t\t\t\t\t\t\t\t\t<a class=\"elementor-toggle-title\" tabindex=\"0\">2e position - Gar\u00e7ons<\/a>\n\t\t\t\t\t<\/div>\n\n\t\t\t\t\t<div id=\"elementor-tab-content-1414\" class=\"elementor-tab-content elementor-clearfix\" data-tab=\"4\" role=\"region\" aria-labelledby=\"elementor-tab-title-1414\"><h3><strong>D\u00e9fi des Clubs Junior &#8211; 2e position &#8211; Gar\u00e7ons<\/strong><br \/><strong>XXXX<\/strong><br \/><strong>Total de sections: NN<\/strong><br \/><strong>Total de skieurs: NN<\/strong><br \/><strong>Moyenne de sections par skieur: N.N<\/strong><\/h3>\n<table id=\"tablepress-34-no-4\" class=\"tablepress tablepress-id-34 tablepress-responsive tablepress-responsive-tablet\">\n<thead>\n<tr class=\"row-1\">\n\t<th class=\"column-1\">Dossard<\/th><th class=\"column-2\">Nom<\/th><th class=\"column-3\">\u00c2ge<\/th><th class=\"column-4\">Sections<\/th>\n<\/tr>\n<\/thead>\n<tbody class=\"row-striping row-hover\">\n<\/tbody>\n<\/table>\n<!-- #tablepress-34-no-4 from cache --><\/div>\n\t\t\t\t<\/div>\n\t\t\t\t\t\t\t\t<\/div>\n\t\t\t\t\t\t<\/div>\n\t\t\t\t<\/div>\n\t\t\t\t\t<\/div>\n\t\t<\/div>\n\t\t\t\t\t<\/div>\n\t\t<\/section>\n\t\t\t\t<section class=\"ob-is-breaking-bad elementor-section elementor-top-section elementor-element elementor-element-9e758c5 elementor-section-height-min-height elementor-section-boxed elementor-section-height-default elementor-section-items-middle\" data-id=\"9e758c5\" data-element_type=\"section\" data-e-type=\"section\" data-settings=\"{&quot;background_background&quot;:&quot;classic&quot;,&quot;_ob_bbad_use_it&quot;:&quot;yes&quot;,&quot;_ob_bbad_sssic_use&quot;:&quot;no&quot;}\">\n\t\t\t\t\t\t<div class=\"elementor-container elementor-column-gap-default\">\n\t\t\t\t\t<div class=\"elementor-column elementor-col-100 elementor-top-column elementor-element elementor-element-be00bb8\" data-id=\"be00bb8\" data-element_type=\"column\" data-e-type=\"column\" data-settings=\"{&quot;_ob_bbad_is_stalker&quot;:&quot;no&quot;}\">\n\t\t\t<div class=\"elementor-widget-wrap\">\n\t\t\t\t\t\t\t<\/div>\n\t\t<\/div>\n\t\t\t\t\t<\/div>\n\t\t<\/section>\n\t\t\t\t<\/div>\n\t\t","protected":false},"excerpt":{"rendered":"<p>Championne &#8211; Filles Championne &#8211; Gar\u00e7ons 2e position &#8211; Filles 2e position &#8211; Gar\u00e7ons Championne &#8211; Filles \u00c9quipe Championne D\u00e9fi des Clubs Jeunesse &#8211; FillesXXXXTotal de sections: NNTotal de skieurs: NNMoyenne de sections par skieur: N.N Edit Dossard Nom \u00c2ge \u00e9quipe AgeAward Championne &#8211; Gar\u00e7ons \u00c9quipe Championne D\u00e9fi des Clubs Jeunesse &#8211; Gar\u00e7onsXXXXXTotal de sections: [&hellip;]<\/p>\n","protected":false},"author":2,"featured_media":0,"parent":3849,"menu_order":0,"comment_status":"closed","ping_status":"closed","template":"elementor_header_footer","meta":{"_seopress_robots_primary_cat":"","_seopress_titles_title":"","_seopress_titles_desc":"","_seopress_robots_index":"","inline_featured_image":false,"footnotes":""},"class_list":["post-17969","page","type-page","status-publish","hentry"],"_links":{"self":[{"href":"https:\/\/skimarathon.ca\/fr\/wp-json\/wp\/v2\/pages\/17969","targetHints":{"allow":["GET"]}}],"collection":[{"href":"https:\/\/skimarathon.ca\/fr\/wp-json\/wp\/v2\/pages"}],"about":[{"href":"https:\/\/skimarathon.ca\/fr\/wp-json\/wp\/v2\/types\/page"}],"author":[{"embeddable":true,"href":"https:\/\/skimarathon.ca\/fr\/wp-json\/wp\/v2\/users\/2"}],"replies":[{"embeddable":true,"href":"https:\/\/skimarathon.ca\/fr\/wp-json\/wp\/v2\/comments?post=17969"}],"version-history":[{"count":4,"href":"https:\/\/skimarathon.ca\/fr\/wp-json\/wp\/v2\/pages\/17969\/revisions"}],"predecessor-version":[{"id":17973,"href":"https:\/\/skimarathon.ca\/fr\/wp-json\/wp\/v2\/pages\/17969\/revisions\/17973"}],"up":[{"embeddable":true,"href":"https:\/\/skimarathon.ca\/fr\/wp-json\/wp\/v2\/pages\/3849"}],"wp:attachment":[{"href":"https:\/\/skimarathon.ca\/fr\/wp-json\/wp\/v2\/media?parent=17969"}],"curies":[{"name":"wp","href":"https:\/\/api.w.org\/{rel}","templated":true}]}}