{"id":16214,"date":"2026-01-03T09:30:21","date_gmt":"2026-01-03T14:30:21","guid":{"rendered":"https:\/\/skimarathon.ca\/?page_id=16214"},"modified":"2026-02-15T08:31:32","modified_gmt":"2026-02-15T13:31:32","slug":"mot-de-la-ministre","status":"publish","type":"page","link":"https:\/\/skimarathon.ca\/fr\/mot-de-la-ministre\/","title":{"rendered":"Mot de la Ministre"},"content":{"rendered":"\t\t<div data-elementor-type=\"wp-page\" data-elementor-id=\"16214\" class=\"elementor elementor-16214\" data-elementor-settings=\"{&quot;ha_cmc_init_switcher&quot;:&quot;no&quot;}\" data-elementor-post-type=\"page\">\n\t\t\t\t\t\t<section class=\"ob-is-breaking-bad elementor-section elementor-top-section elementor-element elementor-element-1238f71 elementor-section-boxed elementor-section-height-default elementor-section-height-default\" data-id=\"1238f71\" data-element_type=\"section\" data-e-type=\"section\" data-settings=\"{&quot;_ob_bbad_use_it&quot;:&quot;yes&quot;,&quot;_ob_bbad_sssic_use&quot;:&quot;no&quot;}\">\n\t\t\t\t\t\t<div class=\"elementor-container elementor-column-gap-default\">\n\t\t\t\t\t<div class=\"elementor-column elementor-col-100 elementor-top-column elementor-element elementor-element-b2fb8c8\" data-id=\"b2fb8c8\" data-element_type=\"column\" data-e-type=\"column\" data-settings=\"{&quot;_ob_bbad_is_stalker&quot;:&quot;no&quot;}\">\n\t\t\t<div class=\"elementor-widget-wrap elementor-element-populated\">\n\t\t\t\t\t\t<div class=\"elementor-element elementor-element-0dd84e8 elementor-widget elementor-widget-heading\" data-id=\"0dd84e8\" data-element_type=\"widget\" data-e-type=\"widget\" data-widget_type=\"heading.default\">\n\t\t\t\t<div class=\"elementor-widget-container\">\n\t\t\t\t\t<h2 class=\"elementor-heading-title elementor-size-default\">Mot de la Ministre<\/h2>\t\t\t\t<\/div>\n\t\t\t\t<\/div>\n\t\t\t\t\t<\/div>\n\t\t<\/div>\n\t\t\t\t\t<\/div>\n\t\t<\/section>\n\t\t\t\t<section class=\"ob-is-breaking-bad elementor-section elementor-top-section elementor-element elementor-element-672687b elementor-section-boxed elementor-section-height-default elementor-section-height-default\" data-id=\"672687b\" data-element_type=\"section\" data-e-type=\"section\" data-settings=\"{&quot;_ob_bbad_use_it&quot;:&quot;yes&quot;,&quot;_ob_bbad_sssic_use&quot;:&quot;no&quot;}\">\n\t\t\t\t\t\t<div class=\"elementor-container elementor-column-gap-default\">\n\t\t\t\t\t<div class=\"elementor-column elementor-col-100 elementor-top-column elementor-element elementor-element-6797361\" data-id=\"6797361\" data-element_type=\"column\" data-e-type=\"column\" data-settings=\"{&quot;_ob_bbad_is_stalker&quot;:&quot;no&quot;}\">\n\t\t\t<div class=\"elementor-widget-wrap elementor-element-populated\">\n\t\t\t\t\t\t<section class=\"ob-is-breaking-bad ob-bb-inner elementor-section elementor-inner-section elementor-element elementor-element-702efc3 elementor-section-boxed elementor-section-height-default elementor-section-height-default\" data-id=\"702efc3\" data-element_type=\"section\" data-e-type=\"section\" data-settings=\"{&quot;_ob_bbad_use_it&quot;:&quot;yes&quot;,&quot;_ob_bbad_sssic_use&quot;:&quot;no&quot;}\">\n\t\t\t\t\t\t<div class=\"elementor-container elementor-column-gap-default\">\n\t\t\t\t\t<div class=\"elementor-column elementor-col-50 elementor-inner-column elementor-element elementor-element-9440f5d\" data-id=\"9440f5d\" data-element_type=\"column\" data-e-type=\"column\" data-settings=\"{&quot;_ob_bbad_is_stalker&quot;:&quot;no&quot;}\">\n\t\t\t<div class=\"elementor-widget-wrap elementor-element-populated\">\n\t\t\t\t\t\t<div class=\"elementor-element elementor-element-1bb2c87 elementor-widget elementor-widget-image\" data-id=\"1bb2c87\" data-element_type=\"widget\" data-e-type=\"widget\" data-widget_type=\"image.default\">\n\t\t\t\t<div class=\"elementor-widget-container\">\n\t\t\t\t\t\t\t\t\t\t\t\t\t\t\t<img fetchpriority=\"high\" decoding=\"async\" width=\"683\" height=\"1024\" src=\"https:\/\/skimarathon.ca\/wp-content\/uploads\/2026\/01\/amelie_dionne-683x1024.jpg\" class=\"attachment-large size-large wp-image-16227\" alt=\"\" srcset=\"https:\/\/skimarathon.ca\/wp-content\/uploads\/2026\/01\/amelie_dionne-683x1024.jpg 683w, https:\/\/skimarathon.ca\/wp-content\/uploads\/2026\/01\/amelie_dionne-200x300.jpg 200w, https:\/\/skimarathon.ca\/wp-content\/uploads\/2026\/01\/amelie_dionne-768x1152.jpg 768w, https:\/\/skimarathon.ca\/wp-content\/uploads\/2026\/01\/amelie_dionne-1024x1536.jpg 1024w, https:\/\/skimarathon.ca\/wp-content\/uploads\/2026\/01\/amelie_dionne.jpg 1280w\" sizes=\"(max-width: 683px) 100vw, 683px\" \/>\t\t\t\t\t\t\t\t\t\t\t\t\t\t\t<\/div>\n\t\t\t\t<\/div>\n\t\t\t\t\t<\/div>\n\t\t<\/div>\n\t\t\t\t<div class=\"elementor-column elementor-col-50 elementor-inner-column elementor-element elementor-element-990e65f\" data-id=\"990e65f\" data-element_type=\"column\" data-e-type=\"column\" data-settings=\"{&quot;_ob_bbad_is_stalker&quot;:&quot;no&quot;}\">\n\t\t\t<div class=\"elementor-widget-wrap elementor-element-populated\">\n\t\t\t\t\t\t<div class=\"elementor-element elementor-element-f8c34a7 elementor-widget-laptop__width-initial elementor-widget elementor-widget-text-editor\" data-id=\"f8c34a7\" data-element_type=\"widget\" data-e-type=\"widget\" data-widget_type=\"text-editor.default\">\n\t\t\t\t<div class=\"elementor-widget-container\">\n\t\t\t\t\t\t\t\t\t<p style=\"font-family: 'Times New Roman'; font-size: medium; text-align: right;\"><strong>Marathon canadien de ski<\/strong><br \/>Mot du gouvernement du Qu\u00e9bec<\/p><p style=\"font-family: 'Times New Roman'; font-size: medium;\">D\u00e9j\u00e0 60 ans pour le Marathon canadien de ski<\/p><p style=\"font-family: 'Times New Roman'; font-size: medium;\">Le gouvernement du Qu\u00e9bec est heureux de soutenir le Marathon canadien de ski, qui fait vivre, depuis maintenant 60 ans, une exp\u00e9rience m\u00e9morable \u00e0 toutes les personnes participantes. Je tiens \u00e0 f\u00e9liciter l\u2019ensemble de l\u2019\u00e9quipe organisatrice pour le succ\u00e8s de ce rendez-vous sportif.<\/p><p style=\"font-family: 'Times New Roman'; font-size: medium;\">Nos festivals et \u00e9v\u00e9nements rehaussent notre offre touristique en attirant des membres de la population et des visiteurs avides de d\u00e9couvertes et d\u2019activit\u00e9s en tout genre en cette p\u00e9riode hivernale. Ils repr\u00e9sentent une vitrine exceptionnelle et contribuent au d\u00e9veloppement \u00e9conomique ainsi qu\u2019au rayonnement de toutes nos r\u00e9gions. Ils permettent ainsi de positionner le Qu\u00e9bec comme destination hivernale par excellence.<\/p><p style=\"font-family: 'Times New Roman'; font-size: medium;\">En cette occasion, j\u2019invite chaleureusement les touristes \u00e0 profiter de leur s\u00e9jour pour se laisser charmer par les multiples attraits de la r\u00e9gion de l\u2019Outaouais.<\/p><p style=\"font-family: 'Times New Roman'; font-size: medium;\">Bon marathon!<\/p><p style=\"font-family: 'Times New Roman'; font-size: medium;\">La ministre du Tourisme<br \/>et ministre responsable de la r\u00e9gion du Bas-Saint-Laurent<br \/>et de la r\u00e9gion de la Gasp\u00e9sie\u2013\u00celes-de-la-Madeleine,<\/p><p style=\"font-family: 'Times New Roman'; font-size: medium;\"><strong>Am\u00e9lie Dionne<\/strong><\/p>\t\t\t\t\t\t\t\t<\/div>\n\t\t\t\t<\/div>\n\t\t\t\t\t<\/div>\n\t\t<\/div>\n\t\t\t\t\t<\/div>\n\t\t<\/section>\n\t\t\t\t\t<\/div>\n\t\t<\/div>\n\t\t\t\t\t<\/div>\n\t\t<\/section>\n\t\t\t\t<section class=\"ob-is-breaking-bad elementor-section elementor-top-section elementor-element elementor-element-8d1c84f elementor-section-boxed elementor-section-height-default elementor-section-height-default\" data-id=\"8d1c84f\" data-element_type=\"section\" data-e-type=\"section\" data-settings=\"{&quot;_ob_bbad_use_it&quot;:&quot;yes&quot;,&quot;_ob_bbad_sssic_use&quot;:&quot;no&quot;}\">\n\t\t\t\t\t\t<div class=\"elementor-container elementor-column-gap-default\">\n\t\t\t\t\t<div class=\"elementor-column elementor-col-50 elementor-top-column elementor-element elementor-element-0c0a971\" data-id=\"0c0a971\" data-element_type=\"column\" data-e-type=\"column\" data-settings=\"{&quot;_ob_bbad_is_stalker&quot;:&quot;no&quot;}\">\n\t\t\t<div class=\"elementor-widget-wrap elementor-element-populated\">\n\t\t\t\t\t\t<div class=\"elementor-element elementor-element-0c1d6db elementor-widget elementor-widget-image\" data-id=\"0c1d6db\" data-element_type=\"widget\" data-e-type=\"widget\" data-widget_type=\"image.default\">\n\t\t\t\t<div class=\"elementor-widget-container\">\n\t\t\t\t\t\t\t\t\t\t\t\t\t\t\t<img decoding=\"async\" width=\"300\" height=\"89\" src=\"https:\/\/skimarathon.ca\/wp-content\/uploads\/2026\/01\/votre-gouv_couleur-300x89.png\" class=\"attachment-medium size-medium wp-image-16231\" alt=\"\" srcset=\"https:\/\/skimarathon.ca\/wp-content\/uploads\/2026\/01\/votre-gouv_couleur-300x89.png 300w, https:\/\/skimarathon.ca\/wp-content\/uploads\/2026\/01\/votre-gouv_couleur-1024x303.png 1024w, https:\/\/skimarathon.ca\/wp-content\/uploads\/2026\/01\/votre-gouv_couleur-768x228.png 768w, https:\/\/skimarathon.ca\/wp-content\/uploads\/2026\/01\/votre-gouv_couleur.png 1026w\" sizes=\"(max-width: 300px) 100vw, 300px\" \/>\t\t\t\t\t\t\t\t\t\t\t\t\t\t\t<\/div>\n\t\t\t\t<\/div>\n\t\t\t\t\t<\/div>\n\t\t<\/div>\n\t\t\t\t<div class=\"elementor-column elementor-col-50 elementor-top-column elementor-element elementor-element-193f2c4\" data-id=\"193f2c4\" data-element_type=\"column\" data-e-type=\"column\" data-settings=\"{&quot;_ob_bbad_is_stalker&quot;:&quot;no&quot;}\">\n\t\t\t<div class=\"elementor-widget-wrap elementor-element-populated\">\n\t\t\t\t\t\t<div class=\"elementor-element elementor-element-c9628fc elementor-widget elementor-widget-image\" data-id=\"c9628fc\" data-element_type=\"widget\" data-e-type=\"widget\" data-widget_type=\"image.default\">\n\t\t\t\t<div class=\"elementor-widget-container\">\n\t\t\t\t\t\t\t\t\t\t\t\t\t\t\t<img decoding=\"async\" width=\"300\" height=\"91\" src=\"https:\/\/skimarathon.ca\/wp-content\/uploads\/2026\/01\/quebipr-300x91.png\" class=\"attachment-medium size-medium wp-image-16233\" alt=\"\" srcset=\"https:\/\/skimarathon.ca\/wp-content\/uploads\/2026\/01\/quebipr-300x91.png 300w, https:\/\/skimarathon.ca\/wp-content\/uploads\/2026\/01\/quebipr-1024x309.png 1024w, https:\/\/skimarathon.ca\/wp-content\/uploads\/2026\/01\/quebipr-768x232.png 768w, https:\/\/skimarathon.ca\/wp-content\/uploads\/2026\/01\/quebipr.png 1119w\" sizes=\"(max-width: 300px) 100vw, 300px\" \/>\t\t\t\t\t\t\t\t\t\t\t\t\t\t\t<\/div>\n\t\t\t\t<\/div>\n\t\t\t\t\t<\/div>\n\t\t<\/div>\n\t\t\t\t\t<\/div>\n\t\t<\/section>\n\t\t\t\t<\/div>\n\t\t","protected":false},"excerpt":{"rendered":"<p>Mot de la Ministre Marathon canadien de skiMot du gouvernement du Qu\u00e9bec D\u00e9j\u00e0 60 ans pour le Marathon canadien de ski Le gouvernement du Qu\u00e9bec est heureux de soutenir le Marathon canadien de ski, qui fait vivre, depuis maintenant 60 ans, une exp\u00e9rience m\u00e9morable \u00e0 toutes les personnes participantes. Je tiens \u00e0 f\u00e9liciter l\u2019ensemble de [&hellip;]<\/p>\n","protected":false},"author":2,"featured_media":0,"parent":0,"menu_order":0,"comment_status":"closed","ping_status":"closed","template":"","meta":{"_seopress_robots_primary_cat":"","_seopress_titles_title":"","_seopress_titles_desc":"","_seopress_robots_index":"","inline_featured_image":false,"footnotes":""},"class_list":["post-16214","page","type-page","status-publish","hentry"],"_links":{"self":[{"href":"https:\/\/skimarathon.ca\/fr\/wp-json\/wp\/v2\/pages\/16214","targetHints":{"allow":["GET"]}}],"collection":[{"href":"https:\/\/skimarathon.ca\/fr\/wp-json\/wp\/v2\/pages"}],"about":[{"href":"https:\/\/skimarathon.ca\/fr\/wp-json\/wp\/v2\/types\/page"}],"author":[{"embeddable":true,"href":"https:\/\/skimarathon.ca\/fr\/wp-json\/wp\/v2\/users\/2"}],"replies":[{"embeddable":true,"href":"https:\/\/skimarathon.ca\/fr\/wp-json\/wp\/v2\/comments?post=16214"}],"version-history":[{"count":16,"href":"https:\/\/skimarathon.ca\/fr\/wp-json\/wp\/v2\/pages\/16214\/revisions"}],"predecessor-version":[{"id":17784,"href":"https:\/\/skimarathon.ca\/fr\/wp-json\/wp\/v2\/pages\/16214\/revisions\/17784"}],"wp:attachment":[{"href":"https:\/\/skimarathon.ca\/fr\/wp-json\/wp\/v2\/media?parent=16214"}],"curies":[{"name":"wp","href":"https:\/\/api.w.org\/{rel}","templated":true}]}}