{"id":10963,"date":"2025-01-02T11:35:46","date_gmt":"2025-01-02T16:35:46","guid":{"rendered":"https:\/\/skimarathon.ca\/?page_id=10963"},"modified":"2025-07-11T10:54:51","modified_gmt":"2025-07-11T14:54:51","slug":"calendrier-du-week-end","status":"publish","type":"page","link":"https:\/\/skimarathon.ca\/fr\/calendrier-du-week-end\/","title":{"rendered":"Calendrier du week-end"},"content":{"rendered":"\t\t<div data-elementor-type=\"wp-page\" data-elementor-id=\"10963\" class=\"elementor elementor-10963 elementor-10859\" data-elementor-settings=\"{&quot;ha_cmc_init_switcher&quot;:&quot;no&quot;}\" data-elementor-post-type=\"page\">\n\t\t\t\t\t\t<section class=\"ob-is-breaking-bad elementor-section elementor-top-section elementor-element elementor-element-2b4bc38 elementor-section-height-min-height elementor-section-boxed elementor-section-height-default elementor-section-items-middle\" data-id=\"2b4bc38\" data-element_type=\"section\" data-e-type=\"section\" data-settings=\"{&quot;background_background&quot;:&quot;classic&quot;,&quot;_ob_bbad_use_it&quot;:&quot;yes&quot;,&quot;_ob_bbad_sssic_use&quot;:&quot;no&quot;}\">\n\t\t\t\t\t\t<div class=\"elementor-container elementor-column-gap-default\">\n\t\t\t\t\t<div class=\"elementor-column elementor-col-100 elementor-top-column elementor-element elementor-element-999a464\" data-id=\"999a464\" data-element_type=\"column\" data-e-type=\"column\" data-settings=\"{&quot;_ob_bbad_is_stalker&quot;:&quot;no&quot;}\">\n\t\t\t<div class=\"elementor-widget-wrap elementor-element-populated\">\n\t\t\t\t\t\t<div class=\"elementor-element elementor-element-62a519a elementor-widget elementor-widget-heading\" data-id=\"62a519a\" data-element_type=\"widget\" data-e-type=\"widget\" data-widget_type=\"heading.default\">\n\t\t\t\t<div class=\"elementor-widget-container\">\n\t\t\t\t\t<h2 class=\"elementor-heading-title elementor-size-default\">Calendrier du week-end<\/h2>\t\t\t\t<\/div>\n\t\t\t\t<\/div>\n\t\t\t\t\t<\/div>\n\t\t<\/div>\n\t\t\t\t\t<\/div>\n\t\t<\/section>\n\t\t\t\t<section class=\"ob-is-breaking-bad elementor-section elementor-top-section elementor-element elementor-element-d5be9a5 elementor-section-boxed elementor-section-height-default elementor-section-height-default\" data-id=\"d5be9a5\" data-element_type=\"section\" data-e-type=\"section\" data-settings=\"{&quot;_ob_bbad_use_it&quot;:&quot;yes&quot;,&quot;_ob_bbad_sssic_use&quot;:&quot;no&quot;}\">\n\t\t\t\t\t\t<div class=\"elementor-container elementor-column-gap-default\">\n\t\t\t\t\t<div class=\"elementor-column elementor-col-100 elementor-top-column elementor-element elementor-element-1342e74\" data-id=\"1342e74\" data-element_type=\"column\" data-e-type=\"column\" data-settings=\"{&quot;_ob_bbad_is_stalker&quot;:&quot;no&quot;}\">\n\t\t\t<div class=\"elementor-widget-wrap elementor-element-populated\">\n\t\t\t\t\t\t<div class=\"elementor-element elementor-element-fb1132a elementor-widget elementor-widget-text-editor\" data-id=\"fb1132a\" data-element_type=\"widget\" data-e-type=\"widget\" data-widget_type=\"text-editor.default\">\n\t\t\t\t<div class=\"elementor-widget-container\">\n\t\t\t\t\t\t\t\t\t<table><tbody><tr><td colspan=\"3\"><p><b>Vendredi, f\u00e9vrier 6, 2026<\/b><\/p><\/td><\/tr><tr><td><p><b>Heure<\/b><\/p><\/td><td><p><b>Activit\u00e9<\/b><\/p><\/td><td><p><b>Lieu<\/b><\/p><\/td><\/tr><tr><td><pre id=\"tw-target-text\" class=\"tw-data-text tw-text-large tw-ta\" data-placeholder=\"Translation\" aria-label=\"Translated text: \u00c0 d\u00e9terminer\" data-ved=\"2ahUKEwiV37_Wh7WOAxUig4kEHUBWB8kQ3ewLegQICRAW\"><span class=\"Y2IQFc\" lang=\"fr\">\u00c0 d\u00e9terminer<\/span><\/pre><\/td><td><pre id=\"tw-target-text\" class=\"tw-data-text tw-text-large tw-ta\" data-placeholder=\"Translation\" aria-label=\"Translated text: \u00c0 d\u00e9terminer\" data-ved=\"2ahUKEwiV37_Wh7WOAxUig4kEHUBWB8kQ3ewLegQICRAW\"><span class=\"Y2IQFc\" lang=\"fr\">\u00c0 d\u00e9terminer<\/span><\/pre><\/td><td><pre id=\"tw-target-text\" class=\"tw-data-text tw-text-large tw-ta\" data-placeholder=\"Translation\" aria-label=\"Translated text: \u00c0 d\u00e9terminer\" data-ved=\"2ahUKEwiV37_Wh7WOAxUig4kEHUBWB8kQ3ewLegQICRAW\"><span class=\"Y2IQFc\" lang=\"fr\">\u00c0 d\u00e9terminer<\/span><\/pre><\/td><\/tr><tr><td>\u00a0<\/td><td>\u00a0<\/td><td>\u00a0<\/td><\/tr><tr><td colspan=\"3\"><p><b>Samedi, f\u00e9vrier 7, 2026<\/b><\/p><\/td><\/tr><tr><td><p><b>Heure<\/b><\/p><\/td><td><p><b>Activit\u00e9<\/b><\/p><\/td><td><p><b>Lieu<\/b><\/p><\/td><\/tr><tr><td><pre id=\"tw-target-text\" class=\"tw-data-text tw-text-large tw-ta\" data-placeholder=\"Translation\" aria-label=\"Translated text: \u00c0 d\u00e9terminer\" data-ved=\"2ahUKEwiV37_Wh7WOAxUig4kEHUBWB8kQ3ewLegQICRAW\"><span class=\"Y2IQFc\" lang=\"fr\">\u00c0 d\u00e9terminer<\/span><\/pre><\/td><td><pre id=\"tw-target-text\" class=\"tw-data-text tw-text-large tw-ta\" data-placeholder=\"Translation\" aria-label=\"Translated text: \u00c0 d\u00e9terminer\" data-ved=\"2ahUKEwiV37_Wh7WOAxUig4kEHUBWB8kQ3ewLegQICRAW\"><span class=\"Y2IQFc\" lang=\"fr\">\u00c0 d\u00e9terminer<\/span><\/pre><\/td><td><pre id=\"tw-target-text\" class=\"tw-data-text tw-text-large tw-ta\" data-placeholder=\"Translation\" aria-label=\"Translated text: \u00c0 d\u00e9terminer\" data-ved=\"2ahUKEwiV37_Wh7WOAxUig4kEHUBWB8kQ3ewLegQICRAW\"><span class=\"Y2IQFc\" lang=\"fr\">\u00c0 d\u00e9terminer<\/span><\/pre><\/td><\/tr><tr><td><p>\u00a0<\/p><\/td><td>\u00a0<\/td><td>\u00a0<\/td><\/tr><\/tbody><\/table><table><tbody><tr><td colspan=\"3\"><p><b>Sunday, February 8, 2026<\/b><\/p><\/td><\/tr><tr><td><p><b>Heure<\/b><\/p><\/td><td><p><b>Activit\u00e9<\/b><\/p><\/td><td><p><b>Lieu<\/b><\/p><\/td><\/tr><tr><td><pre id=\"tw-target-text\" class=\"tw-data-text tw-text-large tw-ta\" data-placeholder=\"Translation\" aria-label=\"Translated text: \u00c0 d\u00e9terminer\" data-ved=\"2ahUKEwiV37_Wh7WOAxUig4kEHUBWB8kQ3ewLegQICRAW\"><span class=\"Y2IQFc\" lang=\"fr\">\u00c0 d\u00e9terminer<\/span><\/pre><\/td><td><pre id=\"tw-target-text\" class=\"tw-data-text tw-text-large tw-ta\" data-placeholder=\"Translation\" aria-label=\"Translated text: \u00c0 d\u00e9terminer\" data-ved=\"2ahUKEwiV37_Wh7WOAxUig4kEHUBWB8kQ3ewLegQICRAW\"><span class=\"Y2IQFc\" lang=\"fr\">\u00c0 d\u00e9terminer<\/span><\/pre><\/td><td><pre id=\"tw-target-text\" class=\"tw-data-text tw-text-large tw-ta\" data-placeholder=\"Translation\" aria-label=\"Translated text: \u00c0 d\u00e9terminer\" data-ved=\"2ahUKEwiV37_Wh7WOAxUig4kEHUBWB8kQ3ewLegQICRAW\"><span class=\"Y2IQFc\" lang=\"fr\">\u00c0 d\u00e9terminer<\/span><\/pre><\/td><\/tr><tr><td><p>\u00a0<\/p><\/td><td>\u00a0<\/td><td>\u00a0<\/td><\/tr><\/tbody><\/table>\t\t\t\t\t\t\t\t<\/div>\n\t\t\t\t<\/div>\n\t\t\t\t\t<\/div>\n\t\t<\/div>\n\t\t\t\t\t<\/div>\n\t\t<\/section>\n\t\t\t\t<\/div>\n\t\t","protected":false},"excerpt":{"rendered":"<p>Calendrier du week-end Vendredi, f\u00e9vrier 6, 2026 Heure Activit\u00e9 Lieu \u00c0 d\u00e9terminer \u00c0 d\u00e9terminer \u00c0 d\u00e9terminer \u00a0 \u00a0 \u00a0 Samedi, f\u00e9vrier 7, 2026 Heure Activit\u00e9 Lieu \u00c0 d\u00e9terminer \u00c0 d\u00e9terminer \u00c0 d\u00e9terminer \u00a0 \u00a0 \u00a0 Sunday, February 8, 2026 Heure Activit\u00e9 Lieu \u00c0 d\u00e9terminer \u00c0 d\u00e9terminer \u00c0 d\u00e9terminer \u00a0 \u00a0 \u00a0<\/p>\n","protected":false},"author":2,"featured_media":0,"parent":0,"menu_order":0,"comment_status":"closed","ping_status":"closed","template":"elementor_header_footer","meta":{"_seopress_robots_primary_cat":"","_seopress_titles_title":"","_seopress_titles_desc":"","_seopress_robots_index":"","inline_featured_image":false,"footnotes":""},"class_list":["post-10963","page","type-page","status-publish","hentry"],"_links":{"self":[{"href":"https:\/\/skimarathon.ca\/fr\/wp-json\/wp\/v2\/pages\/10963","targetHints":{"allow":["GET"]}}],"collection":[{"href":"https:\/\/skimarathon.ca\/fr\/wp-json\/wp\/v2\/pages"}],"about":[{"href":"https:\/\/skimarathon.ca\/fr\/wp-json\/wp\/v2\/types\/page"}],"author":[{"embeddable":true,"href":"https:\/\/skimarathon.ca\/fr\/wp-json\/wp\/v2\/users\/2"}],"replies":[{"embeddable":true,"href":"https:\/\/skimarathon.ca\/fr\/wp-json\/wp\/v2\/comments?post=10963"}],"version-history":[{"count":10,"href":"https:\/\/skimarathon.ca\/fr\/wp-json\/wp\/v2\/pages\/10963\/revisions"}],"predecessor-version":[{"id":15492,"href":"https:\/\/skimarathon.ca\/fr\/wp-json\/wp\/v2\/pages\/10963\/revisions\/15492"}],"wp:attachment":[{"href":"https:\/\/skimarathon.ca\/fr\/wp-json\/wp\/v2\/media?parent=10963"}],"curies":[{"name":"wp","href":"https:\/\/api.w.org\/{rel}","templated":true}]}}